{"id":35445,"date":"2025-02-20T23:37:23","date_gmt":"2025-02-20T22:37:23","guid":{"rendered":"https:\/\/olemosaic.orbitalia.org\/producto\/colgador-de-ceramica-sardinas-mosaico-2\/"},"modified":"2025-07-25T19:01:11","modified_gmt":"2025-07-25T17:01:11","slug":"crochet-en-ceramique-sardines-mosaique-portugal","status":"publish","type":"product","link":"https:\/\/olemosaic.orbitalia.org\/fr\/produit\/crochet-en-ceramique-sardines-mosaique-portugal\/","title":{"rendered":"Crochet en c\u00e9ramique. Sardines. Mosa\u00efque. Portugal."},"content":{"rendered":"<p>Ce crochet en c\u00e9ramique en forme de sardine est un exemple authentique de la riche tradition artisanale portugaise, parfait pour d\u00e9corer et ajouter une touche m\u00e9diterran\u00e9enne \u00e0 n&rsquo;importe quelle ambiance. Fabriqu\u00e9 en c\u00e9ramique et peint \u00e0 la main, ce charmant crochet se distingue par sa mosa\u00efque vibrante, qui refl\u00e8te la diversit\u00e9 culturelle de l&rsquo;Algarve et de toute la c\u00f4te portugaise. La surface du crochet est orn\u00e9e d&rsquo;une palette de couleurs vives, incluant des bleus, des rouges et des verts, compl\u00e9t\u00e9e par des motifs floraux et g\u00e9om\u00e9triques qui \u00e9voquent l&rsquo;essence du folklore portugais. Ce design n&rsquo;est pas seulement visuellement percutant, il est aussi fonctionnel et pratique pour tout espace de la maison.<\/p>\n<p>La figure de la sardine n&rsquo;est pas seulement un \u00e9l\u00e9ment d\u00e9coratif ; elle symbolise la gastronomie et la tradition de la p\u00eache au Portugal, ce qui fait de ce crochet un souvenir embl\u00e9matique pour les touristes souhaitant emporter un petit morceau de la culture ib\u00e9rique. Chez Ol\u00e9 Mosaic, nous sommes fiers de proposer des souvenirs authentiques qui repr\u00e9sentent l&rsquo;essence de chaque r\u00e9gion, et ce crochet en c\u00e9ramique est une excellente option pour les boutiques de cadeaux touristiques \u00e0 la recherche de produits originaux et de qualit\u00e9. Le crochet sardine est, sans aucun doute, un souvenir parfait qui allie art et fonctionnalit\u00e9, id\u00e9al pour ceux qui aspirent \u00e0 un fragment de la beaut\u00e9 de la M\u00e9diterran\u00e9e.<\/p>\n","protected":false},"excerpt":{"rendered":"<p>Crochet en c\u00e9ramique en forme de sardine, d\u00e9cor\u00e9 d&rsquo;une mosa\u00efque vibrante \u00e9voquant la tradition c\u00e9ramique portugaise. Ce design artisanal, peint \u00e0 la main, pr\u00e9sente une palette de couleurs vari\u00e9es, comme des bleus, des rouges et des verts, compl\u00e9t\u00e9e par des motifs floraux et g\u00e9om\u00e9triques typiques de la culture m\u00e9diterran\u00e9enne. Avec une finition polie et \u00e9l\u00e9gante, ce crochet est parfait pour ajouter une touche artistique et fonctionnelle \u00e0 n&rsquo;importe quel espace, \u00e9voquant le charme du littoral ib\u00e9rique.<\/p>\n","protected":false},"featured_media":11245,"template":"","meta":{"_acf_changed":false},"product_brand":[],"product_cat":[791],"product_tag":[530,585],"class_list":{"0":"post-35445","1":"product","2":"type-product","3":"status-publish","4":"has-post-thumbnail","6":"product_cat-pateres","7":"product_tag-animaux","8":"product_tag-ceramique","9":"pa_motivo-sardines","11":"first","12":"instock","13":"shipping-taxable","14":"product-type-simple"},"acf":[],"_links":{"self":[{"href":"https:\/\/olemosaic.orbitalia.org\/fr\/wp-json\/wp\/v2\/product\/35445","targetHints":{"allow":["GET"]}}],"collection":[{"href":"https:\/\/olemosaic.orbitalia.org\/fr\/wp-json\/wp\/v2\/product"}],"about":[{"href":"https:\/\/olemosaic.orbitalia.org\/fr\/wp-json\/wp\/v2\/types\/product"}],"wp:featuredmedia":[{"embeddable":true,"href":"https:\/\/olemosaic.orbitalia.org\/fr\/wp-json\/wp\/v2\/media\/11245"}],"wp:attachment":[{"href":"https:\/\/olemosaic.orbitalia.org\/fr\/wp-json\/wp\/v2\/media?parent=35445"}],"wp:term":[{"taxonomy":"product_brand","embeddable":true,"href":"https:\/\/olemosaic.orbitalia.org\/fr\/wp-json\/wp\/v2\/product_brand?post=35445"},{"taxonomy":"product_cat","embeddable":true,"href":"https:\/\/olemosaic.orbitalia.org\/fr\/wp-json\/wp\/v2\/product_cat?post=35445"},{"taxonomy":"product_tag","embeddable":true,"href":"https:\/\/olemosaic.orbitalia.org\/fr\/wp-json\/wp\/v2\/product_tag?post=35445"}],"curies":[{"name":"wp","href":"https:\/\/api.w.org\/{rel}","templated":true}]}}