{"id":35437,"date":"2025-02-20T23:37:23","date_gmt":"2025-02-20T22:37:23","guid":{"rendered":"https:\/\/olemosaic.orbitalia.org\/producto\/colgador-de-ceramica-sardinas-lisboa-mosaico-2\/"},"modified":"2025-07-25T18:49:01","modified_gmt":"2025-07-25T16:49:01","slug":"crochet-en-ceramique-sardines-lisbonne-mosaique-2","status":"publish","type":"product","link":"https:\/\/olemosaic.orbitalia.org\/fr\/produit\/crochet-en-ceramique-sardines-lisbonne-mosaique-2\/","title":{"rendered":"Crochet en c\u00e9ramique. Sardines. Portugal. Lisbonne. Mosa\u00efque"},"content":{"rendered":"<p>Ce crochet en c\u00e9ramique en forme de sardine est un charmant souvenir typique de Lisbonne, qui fusionne fonctionnalit\u00e9 et beaut\u00e9 dans un article unique. Fabriqu\u00e9 en c\u00e9ramique de haute qualit\u00e9, son design vibrant se distingue par une mosa\u00efque multicolore complexe pr\u00e9sentant des motifs floraux et g\u00e9om\u00e9triques, \u00e9voquant le riche h\u00e9ritage culturel de cette ville portugaise embl\u00e9matique. La sardine, symbole traditionnel de Lisbonne, rend hommage \u00e0 la gastronomie locale et \u00e0 la vie marine qui entoure la c\u00f4te portugaise.<\/p>\n<p>Avec une finition brillante qui refl\u00e8te la lumi\u00e8re de mani\u00e8re captivante, ce crochet ne sert pas seulement d&rsquo;objet d\u00e9coratif, mais aussi de souvenir embl\u00e9matique de Lisbonne. Chaque d\u00e9tail de son design, de la forme stylis\u00e9e aux motifs complexes, est soigneusement pens\u00e9 pour offrir une repr\u00e9sentation authentique de la culture portugaise. Ce crochet est une excellente option pour ceux qui recherchent un souvenir authentique et repr\u00e9sentatif du Portugal, id\u00e9al pour d\u00e9corer n&rsquo;importe quel foyer ou comme un cadeau sp\u00e9cial pour les amis et la famille.<\/p>\n<p>Chez Ol\u00e9 Mosaic, nous nous sp\u00e9cialisons dans la distribution de souvenirs en gros, offrant des produits qui mettent en valeur l&rsquo;essence de chaque r\u00e9gion. Ce crochet en c\u00e9ramique est un ajout parfait pour les boutiques de cadeaux touristiques \u00e0 la recherche d&rsquo;articles authentiques et de qualit\u00e9, garantissant \u00e0 leurs clients un lien avec les traditions portugaises \u00e0 travers des souvenirs m\u00e9morables.<\/p>\n","protected":false},"excerpt":{"rendered":"<p>Crochet en c\u00e9ramique en forme de sardine, un souvenir typique de Lisbonne. Cet article attrayant pr\u00e9sente un design vibrant avec une mosa\u00efque multicolore incluant des motifs floraux et g\u00e9om\u00e9triques, \u00e9voquant le riche h\u00e9ritage culturel de la r\u00e9gion. Fabriqu\u00e9 en c\u00e9ramique avec une finition brillante, ce crochet allie fonctionnalit\u00e9 et esth\u00e9tique, \u00e9tant parfait pour ajouter une touche distinctive \u00e0 n&rsquo;importe quel foyer et rappeler la splendide tradition portugaise.<\/p>\n","protected":false},"featured_media":11244,"template":"","meta":{"_acf_changed":false},"product_brand":[],"product_cat":[791],"product_tag":[530,585],"class_list":{"0":"post-35437","1":"product","2":"type-product","3":"status-publish","4":"has-post-thumbnail","6":"product_cat-pateres","7":"product_tag-animaux","8":"product_tag-ceramique","9":"pa_ciudad-lisboa","10":"pa_motivo-sardines","11":"pa_pais-portugal","13":"first","14":"instock","15":"shipping-taxable","16":"product-type-simple"},"acf":[],"_links":{"self":[{"href":"https:\/\/olemosaic.orbitalia.org\/fr\/wp-json\/wp\/v2\/product\/35437","targetHints":{"allow":["GET"]}}],"collection":[{"href":"https:\/\/olemosaic.orbitalia.org\/fr\/wp-json\/wp\/v2\/product"}],"about":[{"href":"https:\/\/olemosaic.orbitalia.org\/fr\/wp-json\/wp\/v2\/types\/product"}],"wp:featuredmedia":[{"embeddable":true,"href":"https:\/\/olemosaic.orbitalia.org\/fr\/wp-json\/wp\/v2\/media\/11244"}],"wp:attachment":[{"href":"https:\/\/olemosaic.orbitalia.org\/fr\/wp-json\/wp\/v2\/media?parent=35437"}],"wp:term":[{"taxonomy":"product_brand","embeddable":true,"href":"https:\/\/olemosaic.orbitalia.org\/fr\/wp-json\/wp\/v2\/product_brand?post=35437"},{"taxonomy":"product_cat","embeddable":true,"href":"https:\/\/olemosaic.orbitalia.org\/fr\/wp-json\/wp\/v2\/product_cat?post=35437"},{"taxonomy":"product_tag","embeddable":true,"href":"https:\/\/olemosaic.orbitalia.org\/fr\/wp-json\/wp\/v2\/product_tag?post=35437"}],"curies":[{"name":"wp","href":"https:\/\/api.w.org\/{rel}","templated":true}]}}