{"id":35415,"date":"2025-02-20T23:37:21","date_gmt":"2025-02-20T22:37:21","guid":{"rendered":"https:\/\/olemosaic.orbitalia.org\/producto\/4-bols-de-coco-de-13-x-6-cm-tortuga-mallorca-5\/"},"modified":"2025-07-25T18:39:14","modified_gmt":"2025-07-25T16:39:14","slug":"4-bols-en-coco-de-13-x-6-cm-tortue-majorque-5","status":"publish","type":"product","link":"https:\/\/olemosaic.orbitalia.org\/fr\/produit\/4-bols-en-coco-de-13-x-6-cm-tortue-majorque-5\/","title":{"rendered":"4 Bols en coco de 13 x 6 cm. Tortue. Bleu, rouge, orange et rose. Majorque."},"content":{"rendered":"<p>Cet attrayant ensemble de 4 bols en coco d\u00e9coratifs, de 13 x 6 cm, est inspir\u00e9 par la spectaculaire faune marine de Majorque et constitue un souvenir parfait pour les amoureux de l&rsquo;\u00eele. Chaque bol pr\u00e9sente une couleur vibrante qui \u00e9voque la beaut\u00e9 de la mer M\u00e9diterran\u00e9e : bleu profond, rouge \u00e9clatant, orange chaud et rose doux. Le design central met en avant une charmante tortue marine, accompagn\u00e9e du nom \u00ab\u00a0MAJORQUE\u00a0\u00bb imprim\u00e9 avec \u00e9l\u00e9gance, ce qui en fait une repr\u00e9sentation authentique et culturelle de cette r\u00e9gion paradisiaque.<\/p>\n<p>Fabriqu\u00e9s en coco, ces bols poss\u00e8dent une finition qui souligne leur texture naturelle, ajoutant une touche d&rsquo;authenticit\u00e9 \u00e0 chaque pi\u00e8ce. Le motif distinctif, rappelant les vagues de la mer, est non seulement visuellement agr\u00e9able, mais renforce \u00e9galement le lien avec la c\u00f4te m\u00e9diterran\u00e9enne. Id\u00e9aux pour servir des ap\u00e9ritifs color\u00e9s lors de r\u00e9unions ou comme pi\u00e8ces d\u00e9coratives \u00e9l\u00e9gantes dans n&rsquo;importe quel foyer, ces bols sont plus que de simples ustensiles : ils sont un hommage \u00e0 la culture et aux traditions de Majorque.<\/p>\n<p>Chez Ol\u00e9 Mosaic, nous distribuons des souvenirs en gros et proposons ces bols en coco comme une option exceptionnelle pour les boutiques de cadeaux touristiques \u00e0 la recherche de produits repr\u00e9sentatifs et de qualit\u00e9. Ces souvenirs de Majorque sont un cadeau parfait pour ceux qui souhaitent ramener un morceau de la culture majorquine chez eux.<\/p>\n","protected":false},"excerpt":{"rendered":"<p>Bols d\u00e9coratifs en coco de 13 x 6 cm, inspir\u00e9s par la faune marine de Majorque. Chaque bol pr\u00e9sente une couleur vibrante : bleu, rouge, orange et rose, avec un design central de tortue et le nom \u00ab\u00a0MAJORQUE\u00a0\u00bb imprim\u00e9. Ces pi\u00e8ces, faites de coco, ont une finition qui souligne leur texture naturelle et un motif distinctif \u00e9voquant les vagues de la mer. Ils sont id\u00e9aux pour servir des ap\u00e9ritifs ou comme \u00e9l\u00e9ment d\u00e9coratif dans n&rsquo;importe quel foyer.<\/p>\n","protected":false},"featured_media":13911,"template":"","meta":{"_acf_changed":false},"product_brand":[],"product_cat":[521],"product_tag":[530],"class_list":{"0":"post-35415","1":"product","2":"type-product","3":"status-publish","4":"has-post-thumbnail","6":"product_cat-bols","7":"product_tag-animaux","8":"pa_ciudad-mallorca","9":"pa_motivo-tortues","10":"pa_pais-espana","12":"first","13":"instock","14":"shipping-taxable","15":"product-type-simple"},"acf":[],"_links":{"self":[{"href":"https:\/\/olemosaic.orbitalia.org\/fr\/wp-json\/wp\/v2\/product\/35415","targetHints":{"allow":["GET"]}}],"collection":[{"href":"https:\/\/olemosaic.orbitalia.org\/fr\/wp-json\/wp\/v2\/product"}],"about":[{"href":"https:\/\/olemosaic.orbitalia.org\/fr\/wp-json\/wp\/v2\/types\/product"}],"wp:featuredmedia":[{"embeddable":true,"href":"https:\/\/olemosaic.orbitalia.org\/fr\/wp-json\/wp\/v2\/media\/13911"}],"wp:attachment":[{"href":"https:\/\/olemosaic.orbitalia.org\/fr\/wp-json\/wp\/v2\/media?parent=35415"}],"wp:term":[{"taxonomy":"product_brand","embeddable":true,"href":"https:\/\/olemosaic.orbitalia.org\/fr\/wp-json\/wp\/v2\/product_brand?post=35415"},{"taxonomy":"product_cat","embeddable":true,"href":"https:\/\/olemosaic.orbitalia.org\/fr\/wp-json\/wp\/v2\/product_cat?post=35415"},{"taxonomy":"product_tag","embeddable":true,"href":"https:\/\/olemosaic.orbitalia.org\/fr\/wp-json\/wp\/v2\/product_tag?post=35415"}],"curies":[{"name":"wp","href":"https:\/\/api.w.org\/{rel}","templated":true}]}}