{"id":35403,"date":"2025-02-20T23:37:21","date_gmt":"2025-02-20T22:37:21","guid":{"rendered":"https:\/\/olemosaic.orbitalia.org\/producto\/4-bols-de-coco-de-13-x-6-cm-isla-mallorca-4\/"},"modified":"2025-07-25T19:15:16","modified_gmt":"2025-07-25T17:15:16","slug":"4-bols-en-coco-de-13-x-6-cm-ile-majorque-4","status":"publish","type":"product","link":"https:\/\/olemosaic.orbitalia.org\/fr\/produit\/4-bols-en-coco-de-13-x-6-cm-ile-majorque-4\/","title":{"rendered":"4 Bols en coco de 13 x 6 cm. Bleu, rouge, orange et rose. \u00cele. Majorque."},"content":{"rendered":"<p>Ce jeu de quatre bols en coco est une merveilleuse repr\u00e9sentation de la beaut\u00e9 de Majorque, id\u00e9al pour ceux qui recherchent un souvenir authentique de l&rsquo;\u00eele des Bal\u00e9ares. Chaque bol, aux dimensions de 13 x 6 cm, se distingue par ses couleurs vibrantes : bleu, rouge, orange et rose, qui \u00e9voquent les tons du paysage majorquin et de sa mer cristalline. La silhouette de l&rsquo;\u00eele est \u00e9l\u00e9gamment grav\u00e9e au centre de chaque pi\u00e8ce, accompagn\u00e9e d&rsquo;un bord textur\u00e9 qui ajoute une touche artisanale et unique. Fabriqu\u00e9s en coco, ces bols sont non seulement l\u00e9gers, mais aussi remarquablement r\u00e9sistants, parfaits pour servir des ap\u00e9ritifs ou comme \u00e9l\u00e9ment d\u00e9coratif dans n&rsquo;importe quel foyer.<\/p>\n<p>La connexion culturelle de ces bols avec Majorque est ind\u00e9niable, car ils capturent l&rsquo;essence de la vie insulaire et sa riche tradition artisanale. \u00c0 travers ce souvenir, les touristes peuvent emporter un morceau de la culture majorquine, ce qui en fait une excellente option pour les boutiques de cadeaux touristiques cherchant \u00e0 proposer des produits authentiques et embl\u00e9matiques. Chez Ol\u00e9 Mosaic, en tant que distributeurs de souvenirs, cet ensemble de bols en coco est un excellent exemple de la fa\u00e7on dont la tradition et l&rsquo;art s&rsquo;entrelacent dans un souvenir inoubliable. Parfait pour ceux qui souhaitent ramener chez eux un morceau de la beaut\u00e9 m\u00e9diterran\u00e9enne.<\/p>\n","protected":false},"excerpt":{"rendered":"<p>Bols en coco de 13 x 6 cm, inspir\u00e9s par la beaut\u00e9 de Majorque. Cet ensemble color\u00e9 comprend quatre bols fabriqu\u00e9s en coco, chacun d\u00e9cor\u00e9 d&rsquo;un design tr\u00e8s sp\u00e9cial repr\u00e9sentant l&rsquo;\u00eele. Les couleurs vibrantes bleu, rouge, orange et rose font ressortir la silhouette de Majorque au centre, compl\u00e9t\u00e9e par un bord textur\u00e9 qui ajoute une touche artisanale. Id\u00e9aux pour servir des ap\u00e9ritifs ou comme \u00e9l\u00e9ment d\u00e9coratif dans votre maison.<\/p>\n","protected":false},"featured_media":13909,"template":"","meta":{"_acf_changed":false},"product_brand":[],"product_cat":[521],"product_tag":[],"class_list":{"0":"post-35403","1":"product","2":"type-product","3":"status-publish","4":"has-post-thumbnail","6":"product_cat-bols","7":"pa_ciudad-mallorca","8":"pa_motivo-iles","9":"pa_pais-espana","11":"first","12":"instock","13":"shipping-taxable","14":"product-type-simple"},"acf":[],"_links":{"self":[{"href":"https:\/\/olemosaic.orbitalia.org\/fr\/wp-json\/wp\/v2\/product\/35403","targetHints":{"allow":["GET"]}}],"collection":[{"href":"https:\/\/olemosaic.orbitalia.org\/fr\/wp-json\/wp\/v2\/product"}],"about":[{"href":"https:\/\/olemosaic.orbitalia.org\/fr\/wp-json\/wp\/v2\/types\/product"}],"wp:featuredmedia":[{"embeddable":true,"href":"https:\/\/olemosaic.orbitalia.org\/fr\/wp-json\/wp\/v2\/media\/13909"}],"wp:attachment":[{"href":"https:\/\/olemosaic.orbitalia.org\/fr\/wp-json\/wp\/v2\/media?parent=35403"}],"wp:term":[{"taxonomy":"product_brand","embeddable":true,"href":"https:\/\/olemosaic.orbitalia.org\/fr\/wp-json\/wp\/v2\/product_brand?post=35403"},{"taxonomy":"product_cat","embeddable":true,"href":"https:\/\/olemosaic.orbitalia.org\/fr\/wp-json\/wp\/v2\/product_cat?post=35403"},{"taxonomy":"product_tag","embeddable":true,"href":"https:\/\/olemosaic.orbitalia.org\/fr\/wp-json\/wp\/v2\/product_tag?post=35403"}],"curies":[{"name":"wp","href":"https:\/\/api.w.org\/{rel}","templated":true}]}}