{"id":35402,"date":"2025-02-20T23:37:21","date_gmt":"2025-02-20T22:37:21","guid":{"rendered":"https:\/\/olemosaic.orbitalia.org\/producto\/4-bols-de-coco-de-13-x-6-cm-caballito-de-mar-barcelona-4\/"},"modified":"2025-07-25T19:51:21","modified_gmt":"2025-07-25T17:51:21","slug":"4-bols-en-coco-de-13-x-6-cm-hippocampe-barcelone-4","status":"publish","type":"product","link":"https:\/\/olemosaic.orbitalia.org\/fr\/produit\/4-bols-en-coco-de-13-x-6-cm-hippocampe-barcelone-4\/","title":{"rendered":"4 Bols en coco de 13 x 6 cm. Hippocampe. Design en cercles. Barcelone."},"content":{"rendered":"<p>Bols en Coco de Barcelone<\/p>\n<p>Ces charmants bols en coco, de 13 x 6 cm, sont une pi\u00e8ce incontournable pour les amateurs d&rsquo;art culinaire et de design m\u00e9diterran\u00e9en. Inspir\u00e9s par les magnifiques fonds marins de Barcelone, chaque bol pr\u00e9sente un design exclusif et vibrant qui capture l&rsquo;essence de la ville. D\u00e9cor\u00e9s de joyeux motifs d&rsquo;hippocampes, les bols se distinguent par leurs bases blanches, qui servent de toile parfaite pour les touches color\u00e9es de bleu, rose, dor\u00e9 et violet, dispos\u00e9es en petits cercles qui \u00e9voquent la joie et la chaleur de la c\u00f4te catalane.<\/p>\n<p>L&rsquo;inscription \u00ab\u00a0Barcelona\u00a0\u00bb sur chaque pi\u00e8ce ajoute un \u00e9l\u00e9ment d&rsquo;identit\u00e9 culturelle, en faisant un cadeau m\u00e9morable et repr\u00e9sentatif de la ville. Parfaits pour servir des ap\u00e9ritifs, ces bols ne sont pas seulement pratiques, mais aussi d\u00e9coratifs, apportant une touche de la mer M\u00e9diterran\u00e9e \u00e0 n&rsquo;importe quelle table.<\/p>\n<p>Chez Ol\u00e9 Mosaic, nous comprenons l&rsquo;importance d&rsquo;offrir des souvenirs authentiques qui mettent en valeur la culture locale. Ces bols en coco sont id\u00e9aux pour les touristes qui souhaitent emporter un petit morceau de Barcelone, ainsi que pour les boutiques de cadeaux \u00e0 la recherche de produits attrayants et de qualit\u00e9. En tant que grossiste de souvenirs, nous garantissons que chaque bol est une expression du riche h\u00e9ritage culturel de Barcelone, con\u00e7u pour s\u00e9duire n&rsquo;importe quel visiteur.<\/p>\n","protected":false},"excerpt":{"rendered":"<p>Bols en coco de 13 x 6 cm, inspir\u00e9s par les fonds marins de Barcelone, d\u00e9cor\u00e9s de motifs d&rsquo;hippocampes. Chaque bol pr\u00e9sente un design unique, avec une base blanche et des touches color\u00e9es de bleu, rose, dor\u00e9 et violet sous forme de petits cercles. L&rsquo;inscription \u00ab Barcelona \u00bb est \u00e9l\u00e9gamment situ\u00e9e, faisant de chaque pi\u00e8ce un souvenir culturel attrayant. Parfaits pour servir des ap\u00e9ritifs ou comme \u00e9l\u00e9ment d\u00e9coratif, ils ajoutent une touche m\u00e9diterran\u00e9enne \u00e0 n&rsquo;importe quel foyer.<\/p>\n","protected":false},"featured_media":13908,"template":"","meta":{"_acf_changed":false},"product_brand":[],"product_cat":[521],"product_tag":[530],"class_list":{"0":"post-35402","1":"product","2":"type-product","3":"status-publish","4":"has-post-thumbnail","6":"product_cat-bols","7":"product_tag-animaux","8":"pa_ciudad-barcelona","9":"pa_motivo-hippocampes","10":"pa_pais-espana","12":"first","13":"instock","14":"shipping-taxable","15":"product-type-simple"},"acf":[],"_links":{"self":[{"href":"https:\/\/olemosaic.orbitalia.org\/fr\/wp-json\/wp\/v2\/product\/35402","targetHints":{"allow":["GET"]}}],"collection":[{"href":"https:\/\/olemosaic.orbitalia.org\/fr\/wp-json\/wp\/v2\/product"}],"about":[{"href":"https:\/\/olemosaic.orbitalia.org\/fr\/wp-json\/wp\/v2\/types\/product"}],"wp:featuredmedia":[{"embeddable":true,"href":"https:\/\/olemosaic.orbitalia.org\/fr\/wp-json\/wp\/v2\/media\/13908"}],"wp:attachment":[{"href":"https:\/\/olemosaic.orbitalia.org\/fr\/wp-json\/wp\/v2\/media?parent=35402"}],"wp:term":[{"taxonomy":"product_brand","embeddable":true,"href":"https:\/\/olemosaic.orbitalia.org\/fr\/wp-json\/wp\/v2\/product_brand?post=35402"},{"taxonomy":"product_cat","embeddable":true,"href":"https:\/\/olemosaic.orbitalia.org\/fr\/wp-json\/wp\/v2\/product_cat?post=35402"},{"taxonomy":"product_tag","embeddable":true,"href":"https:\/\/olemosaic.orbitalia.org\/fr\/wp-json\/wp\/v2\/product_tag?post=35402"}],"curies":[{"name":"wp","href":"https:\/\/api.w.org\/{rel}","templated":true}]}}