{"id":35401,"date":"2025-02-20T23:37:21","date_gmt":"2025-02-20T22:37:21","guid":{"rendered":"https:\/\/olemosaic.orbitalia.org\/producto\/4-bols-de-coco-de-13-x-6-cm-mano-3\/"},"modified":"2025-07-25T18:44:39","modified_gmt":"2025-07-25T16:44:39","slug":"4-bols-en-coco-de-13-x-6-cm-main-de-fatma-3","status":"publish","type":"product","link":"https:\/\/olemosaic.orbitalia.org\/fr\/produit\/4-bols-en-coco-de-13-x-6-cm-main-de-fatma-3\/","title":{"rendered":"4 Bols en coco de 13 x 6 cm. Main de Fatma. Hamsa."},"content":{"rendered":"<p>D\u00e9couvrez notre ensemble de quatre bols en coco, fabriqu\u00e9s \u00e0 la main et mesurant 13 x 6 cm, qui apportent une touche vibrante et artisanale \u00e0 n&rsquo;importe quel environnement. Chaque bol se distingue par ses couleurs \u00e9clatantes : bleu, rouge, jaune et fuchsia, tous d\u00e9cor\u00e9s du symbole embl\u00e9matique de la \u00ab\u00a0main de Fatma\u00a0\u00bb, qui symbolise la protection et la bonne fortune. Les d\u00e9tails brillants et les motifs uniques de chaque bol fusionnent pour cr\u00e9er des pi\u00e8ces attrayantes, parfaites pour servir des ap\u00e9ritifs ou comme \u00e9l\u00e9ments d\u00e9coratifs dans la maison, rehaussant son esth\u00e9tique avec une touche artistique.<\/p>\n<p>La \u00ab\u00a0main de Fatma\u00a0\u00bb est une repr\u00e9sentation culturelle profond\u00e9ment enracin\u00e9e dans diverses traditions m\u00e9diterran\u00e9ennes, particuli\u00e8rement appr\u00e9ci\u00e9e dans la d\u00e9coration populaire, ce qui fait de ces bols un souvenir authentique et pertinent. Ces produits refl\u00e8tent la riche tradition artisanale qui caract\u00e9rise la r\u00e9gion, \u00e9tant id\u00e9aux pour les touristes \u00e0 la recherche de souvenirs typiques et significatifs de leur visite. Chez Ol\u00e9 Mosaic, en tant que distributeurs d&rsquo;articles en gros, nous garantissons que chaque ensemble de bols en coco se distingue non seulement par sa qualit\u00e9, mais aussi par sa valeur culturelle et son attrait esth\u00e9tique, ce qui en fait une excellente option pour les boutiques de cadeaux touristiques souhaitant proposer des produits authentiques et vibrants.<\/p>\n","protected":false},"excerpt":{"rendered":"<p>Bols en coco de 13 x 6 cm, faits \u00e0 la main, parfaits pour donner une touche vibrante \u00e0 n&rsquo;importe quel espace. Chaque bol pr\u00e9sente une couleur diff\u00e9rente : bleu, rouge, jaune et fuchsia, d\u00e9cor\u00e9s de sympathiques motifs de la \u00ab\u00a0main de Fatma\u00a0\u00bb, symbolisant la protection. Avec des d\u00e9tails brillants et un design attrayant, ces bols sont id\u00e9aux pour servir des ap\u00e9ritifs ou comme \u00e9l\u00e9ments d\u00e9coratifs dans la maison, refl\u00e9tant la riche tradition artisanale.<\/p>\n","protected":false},"featured_media":13907,"template":"","meta":{"_acf_changed":false},"product_brand":[],"product_cat":[521],"product_tag":[],"class_list":{"0":"post-35401","1":"product","2":"type-product","3":"status-publish","4":"has-post-thumbnail","6":"product_cat-bols","7":"pa_motivo-mains","9":"first","10":"instock","11":"shipping-taxable","12":"product-type-simple"},"acf":[],"_links":{"self":[{"href":"https:\/\/olemosaic.orbitalia.org\/fr\/wp-json\/wp\/v2\/product\/35401","targetHints":{"allow":["GET"]}}],"collection":[{"href":"https:\/\/olemosaic.orbitalia.org\/fr\/wp-json\/wp\/v2\/product"}],"about":[{"href":"https:\/\/olemosaic.orbitalia.org\/fr\/wp-json\/wp\/v2\/types\/product"}],"wp:featuredmedia":[{"embeddable":true,"href":"https:\/\/olemosaic.orbitalia.org\/fr\/wp-json\/wp\/v2\/media\/13907"}],"wp:attachment":[{"href":"https:\/\/olemosaic.orbitalia.org\/fr\/wp-json\/wp\/v2\/media?parent=35401"}],"wp:term":[{"taxonomy":"product_brand","embeddable":true,"href":"https:\/\/olemosaic.orbitalia.org\/fr\/wp-json\/wp\/v2\/product_brand?post=35401"},{"taxonomy":"product_cat","embeddable":true,"href":"https:\/\/olemosaic.orbitalia.org\/fr\/wp-json\/wp\/v2\/product_cat?post=35401"},{"taxonomy":"product_tag","embeddable":true,"href":"https:\/\/olemosaic.orbitalia.org\/fr\/wp-json\/wp\/v2\/product_tag?post=35401"}],"curies":[{"name":"wp","href":"https:\/\/api.w.org\/{rel}","templated":true}]}}