{"id":35400,"date":"2025-02-20T23:37:20","date_gmt":"2025-02-20T22:37:20","guid":{"rendered":"https:\/\/olemosaic.orbitalia.org\/producto\/4-bols-de-coco-de-13-x-6-cm-mano-2\/"},"modified":"2025-07-25T19:19:12","modified_gmt":"2025-07-25T17:19:12","slug":"4-bols-en-coco-de-13-x-6-cm-main-de-fatma-2","status":"publish","type":"product","link":"https:\/\/olemosaic.orbitalia.org\/fr\/produit\/4-bols-en-coco-de-13-x-6-cm-main-de-fatma-2\/","title":{"rendered":"4 Bols en coco de 13 x 6 cm. Motifs floraux. Main de Fatma."},"content":{"rendered":"<p>Cet ensemble de quatre bols en coco de 13 x 6 cm est une expression vibrante de l&rsquo;art et de la culture m\u00e9diterran\u00e9enne. Chaque bol, fabriqu\u00e9 de mani\u00e8re artisanale, pr\u00e9sente une mosa\u00efque color\u00e9e qui le rend unique. Au centre de chacun d&rsquo;eux se d\u00e9tache la main de Fatma, un symbole ancestral de protection tr\u00e8s appr\u00e9ci\u00e9 dans la culture arabe et m\u00e9diterran\u00e9enne, qui ajoute une signification particuli\u00e8re \u00e0 chaque pi\u00e8ce. Les mosa\u00efques, avec leurs tons bleus profonds, jaunes chauds et terre cuite, cr\u00e9ent un effet visuel attrayant et harmonieux. Les motifs floraux qui ornent chaque bol apportent fra\u00eecheur et joie, en faisant un \u00e9l\u00e9ment d\u00e9coratif parfait pour n&rsquo;importe quel foyer.<\/p>\n<p>En plus de leur design attrayant, ces bols sont id\u00e9aux pour servir des ap\u00e9ritifs, devenant le centre d&rsquo;attention de n&rsquo;importe quelle table. Chaque pi\u00e8ce refl\u00e8te la riche tradition artisanale de la r\u00e9gion, mettant en valeur les techniques de mosa\u00efque transmises de g\u00e9n\u00e9ration en g\u00e9n\u00e9ration. Chez Ol\u00e9 Mosaic, en tant que grossiste de souvenirs, nous proposons ces bols comme une excellente option pour les boutiques de cadeaux touristiques, offrant un souvenir authentique qui capture l&rsquo;essence de la culture m\u00e9diterran\u00e9enne. Ces souvenirs, qui non seulement embellissent les espaces mais racontent aussi une histoire de tradition et d&rsquo;art, sont parfaits pour les touristes qui souhaitent ramener une part d&rsquo;authenticit\u00e9 chez eux.<\/p>\n","protected":false},"excerpt":{"rendered":"<p>Bols en coco de 13 x 6 cm, fabriqu\u00e9s \u00e0 la main avec des mosa\u00efques color\u00e9es. Chaque bol pr\u00e9sente un design unique avec une main de Fatma au centre, symbolisant la protection. Les couleurs vibrantes et les motifs floraux cr\u00e9ent un effet visuel attrayant, avec des tons variant entre le bleu, le jaune et la terre cuite. Parfaits pour servir des ap\u00e9ritifs ou comme \u00e9l\u00e9ment d\u00e9coratif, ces bols refl\u00e8tent l&rsquo;art et la tradition de la culture m\u00e9diterran\u00e9enne.<\/p>\n","protected":false},"featured_media":13906,"template":"","meta":{"_acf_changed":false},"product_brand":[],"product_cat":[521],"product_tag":[],"class_list":{"0":"post-35400","1":"product","2":"type-product","3":"status-publish","4":"has-post-thumbnail","6":"product_cat-bols","7":"pa_motivo-mains","9":"first","10":"instock","11":"shipping-taxable","12":"product-type-simple"},"acf":[],"_links":{"self":[{"href":"https:\/\/olemosaic.orbitalia.org\/fr\/wp-json\/wp\/v2\/product\/35400","targetHints":{"allow":["GET"]}}],"collection":[{"href":"https:\/\/olemosaic.orbitalia.org\/fr\/wp-json\/wp\/v2\/product"}],"about":[{"href":"https:\/\/olemosaic.orbitalia.org\/fr\/wp-json\/wp\/v2\/types\/product"}],"wp:featuredmedia":[{"embeddable":true,"href":"https:\/\/olemosaic.orbitalia.org\/fr\/wp-json\/wp\/v2\/media\/13906"}],"wp:attachment":[{"href":"https:\/\/olemosaic.orbitalia.org\/fr\/wp-json\/wp\/v2\/media?parent=35400"}],"wp:term":[{"taxonomy":"product_brand","embeddable":true,"href":"https:\/\/olemosaic.orbitalia.org\/fr\/wp-json\/wp\/v2\/product_brand?post=35400"},{"taxonomy":"product_cat","embeddable":true,"href":"https:\/\/olemosaic.orbitalia.org\/fr\/wp-json\/wp\/v2\/product_cat?post=35400"},{"taxonomy":"product_tag","embeddable":true,"href":"https:\/\/olemosaic.orbitalia.org\/fr\/wp-json\/wp\/v2\/product_tag?post=35400"}],"curies":[{"name":"wp","href":"https:\/\/api.w.org\/{rel}","templated":true}]}}