{"id":35399,"date":"2025-02-20T23:37:20","date_gmt":"2025-02-20T22:37:20","guid":{"rendered":"https:\/\/olemosaic.orbitalia.org\/producto\/4-bols-de-coco-de-13-x-6-cm-sardina-lisboa-10\/"},"modified":"2025-07-25T18:42:22","modified_gmt":"2025-07-25T16:42:22","slug":"4-bols-en-coco-de-13-x-6-cm-sardine-lisbonne-10","status":"publish","type":"product","link":"https:\/\/olemosaic.orbitalia.org\/fr\/produit\/4-bols-en-coco-de-13-x-6-cm-sardine-lisbonne-10\/","title":{"rendered":"4 Bols en coco de 13 x 6 cm. Bleu, rouge, orange et rose. Sardine. Lisbonne."},"content":{"rendered":"<p>Cet ensemble de quatre bols en coco de 13 x 6 cm est une charmante repr\u00e9sentation de la vibrante culture lisbo\u00e8te, id\u00e9al pour ceux qui recherchent des souvenirs authentiques et color\u00e9s. Chaque bol, avec sa forme organique et son design moderne, pr\u00e9sente une finition brillante qui r\u00e9fl\u00e9chit la lumi\u00e8re, cr\u00e9ant un effet visuel attrayant. Les tons vibrants de bleu, rouge, orange et rose n&rsquo;\u00e9gayent pas seulement n&rsquo;importe quel espace, mais \u00e9voquent \u00e9galement l&rsquo;\u00e9nergie et le caract\u00e8re festif de la capitale portugaise.<\/p>\n<p>Inspir\u00e9 par l&#8217;embl\u00e9matique sardine, un \u00e9l\u00e9ment distinctif de la gastronomie locale, chaque bol porte l&rsquo;inscription \u00ab\u00a0LISBOA\u00a0\u00bb de mani\u00e8re pro\u00e9minente, ce qui renforce sa fonction de souvenir \u00e9l\u00e9gant. Ce motif n&rsquo;est pas seulement d\u00e9coratif, il symbolise \u00e9galement une partie essentielle de l&rsquo;identit\u00e9 lisbo\u00e8te, faisant de ces bols un cadeau parfait pour les touristes qui souhaitent emporter un petit morceau de la culture portugaise.<\/p>\n<p>Chez Ol\u00e9 Mosaic, nous sommes fiers d&rsquo;\u00eatre des distributeurs de souvenirs de qualit\u00e9, offrant des produits qui refl\u00e8tent l&rsquo;authenticit\u00e9 et le patrimoine culturel. Ces bols en coco sont un excellent choix pour les boutiques de cadeaux touristiques, car ils allient utilit\u00e9 et attrait visuel dans un seul ensemble, repr\u00e9sentant l&rsquo;essence de Lisbonne et sa d\u00e9licieuse gastronomie \u00e0 travers un design moderne et vibrant.<\/p>\n","protected":false},"excerpt":{"rendered":"<p>Bols en coco de 13 x 6 cm, con\u00e7us dans des couleurs vibrantes bleu, rouge, orange et rose, inspir\u00e9s par la culture lisbo\u00e8te. Chaque bol pr\u00e9sente un motif de sardine, un \u00e9l\u00e9ment essentiel de la gastronomie locale, et le texte \u00ab\u00a0LISBOA\u00a0\u00bb imprim\u00e9 de mani\u00e8re pro\u00e9minente. Leur finition brillante et leurs formes organiques offrent une esth\u00e9tique moderne, id\u00e9ale pour d\u00e9corer ou servir, ajoutant une touche de joie et de couleur \u00e0 n&rsquo;importe quel environnement.<\/p>\n","protected":false},"featured_media":13905,"template":"","meta":{"_acf_changed":false},"product_brand":[],"product_cat":[521],"product_tag":[530],"class_list":{"0":"post-35399","1":"product","2":"type-product","3":"status-publish","4":"has-post-thumbnail","6":"product_cat-bols","7":"product_tag-animaux","8":"pa_ciudad-lisboa","9":"pa_motivo-sardines","10":"pa_pais-portugal","12":"first","13":"instock","14":"shipping-taxable","15":"product-type-simple"},"acf":[],"_links":{"self":[{"href":"https:\/\/olemosaic.orbitalia.org\/fr\/wp-json\/wp\/v2\/product\/35399","targetHints":{"allow":["GET"]}}],"collection":[{"href":"https:\/\/olemosaic.orbitalia.org\/fr\/wp-json\/wp\/v2\/product"}],"about":[{"href":"https:\/\/olemosaic.orbitalia.org\/fr\/wp-json\/wp\/v2\/types\/product"}],"wp:featuredmedia":[{"embeddable":true,"href":"https:\/\/olemosaic.orbitalia.org\/fr\/wp-json\/wp\/v2\/media\/13905"}],"wp:attachment":[{"href":"https:\/\/olemosaic.orbitalia.org\/fr\/wp-json\/wp\/v2\/media?parent=35399"}],"wp:term":[{"taxonomy":"product_brand","embeddable":true,"href":"https:\/\/olemosaic.orbitalia.org\/fr\/wp-json\/wp\/v2\/product_brand?post=35399"},{"taxonomy":"product_cat","embeddable":true,"href":"https:\/\/olemosaic.orbitalia.org\/fr\/wp-json\/wp\/v2\/product_cat?post=35399"},{"taxonomy":"product_tag","embeddable":true,"href":"https:\/\/olemosaic.orbitalia.org\/fr\/wp-json\/wp\/v2\/product_tag?post=35399"}],"curies":[{"name":"wp","href":"https:\/\/api.w.org\/{rel}","templated":true}]}}