{"id":35383,"date":"2025-02-20T23:37:20","date_gmt":"2025-02-20T22:37:20","guid":{"rendered":"https:\/\/olemosaic.orbitalia.org\/producto\/4-bols-de-coco-de-13-x-6-cm-flor-salamandra\/"},"modified":"2025-07-25T20:25:03","modified_gmt":"2025-07-25T18:25:03","slug":"4-bols-en-noix-de-coco-13-x-6-cm-fleur-salamandre","status":"publish","type":"product","link":"https:\/\/olemosaic.orbitalia.org\/fr\/produit\/4-bols-en-noix-de-coco-13-x-6-cm-fleur-salamandre\/","title":{"rendered":"4 Bols en noix de coco de 13 x 6 cm. Fleur + salamandre."},"content":{"rendered":"<p>Nous vous pr\u00e9sentons notre ensemble exclusif de 4 bols en noix de coco, chacun de 13 x 6 cm, qui \u00e9voquent la vibrante culture andalouse. Ces bols sont d\u00e9cor\u00e9s d&rsquo;un charmant design de mosa\u00efque, o\u00f9 des fragments dans des tons roses, bleus et dor\u00e9s s&rsquo;entrelacent pour cr\u00e9er une \u0153uvre d&rsquo;art qui \u00e9gaye n&rsquo;importe quelle table. \u00c0 l&rsquo;int\u00e9rieur de chaque bol, une d\u00e9licate illustration d&rsquo;une salamandre et un motif floral se distinguent, le tout peint \u00e0 la main, ce qui souligne l&rsquo;artisanat et l&rsquo;authenticit\u00e9 de chaque pi\u00e8ce.<\/p>\n<p>L&rsquo;utilisation de mat\u00e9riaux naturels comme la noix de coco rend non seulement ces bols \u00e9cologiques, mais apporte \u00e9galement une charmante rusticit\u00e9 qui relie les utilisateurs aux traditions du sud de l&rsquo;Espagne. Id\u00e9aux pour servir des ap\u00e9ritifs, ces bols peuvent \u00e9galement \u00eatre utilis\u00e9s comme \u00e9l\u00e9ments d\u00e9coratifs, apportant une touche culturelle \u00e0 n&rsquo;importe quel foyer. Chaque fois que quelqu&rsquo;un d\u00e9gustera un ap\u00e9ritif servi dans ces bols originaux, il ressentira l&rsquo;essence vibrante de l&rsquo;Andalousie.<\/p>\n<p>Chez Ol\u00e9 Mosaic, nous sommes fiers d&rsquo;\u00eatre leaders dans la distribution de souvenirs en gros, et cet ensemble de bols en noix de coco est une excellente option pour les boutiques \u00e0 la recherche d&rsquo;articles authentiques et repr\u00e9sentatifs du riche h\u00e9ritage espagnol. Parfaits comme souvenirs d&rsquo;Andalousie, ces bols ne sont pas seulement pratiques, ils racontent une histoire de tradition et de couleur, ce qui en fait un cadeau m\u00e9morable pour tout touriste.<\/p>\n","protected":false},"excerpt":{"rendered":"<p>Bols en noix de coco de 13 x 6 cm, d\u00e9cor\u00e9s d&rsquo;un design de mosa\u00efque vibrant. Chacun pr\u00e9sente une combinaison color\u00e9e de fragments dans des tons roses, bleus et dor\u00e9s, ainsi qu&rsquo;un d\u00e9licat motif floral et une salamandre au design artisanal, peint \u00e0 la main, \u00e0 l&rsquo;int\u00e9rieur. Ces bols originaux sont id\u00e9aux pour servir des ap\u00e9ritifs ou comme \u00e9l\u00e9ments d\u00e9coratifs, \u00e9voquant le style artistique et color\u00e9 de l&rsquo;Andalousie. Parfaits pour ajouter une touche culturelle \u00e0 votre maison.<\/p>\n","protected":false},"featured_media":13904,"template":"","meta":{"_acf_changed":false},"product_brand":[],"product_cat":[521],"product_tag":[530],"class_list":{"0":"post-35383","1":"product","2":"type-product","3":"status-publish","4":"has-post-thumbnail","6":"product_cat-bols","7":"product_tag-animaux","8":"pa_motivo-fleurs","10":"first","11":"instock","12":"shipping-taxable","13":"product-type-simple"},"acf":[],"_links":{"self":[{"href":"https:\/\/olemosaic.orbitalia.org\/fr\/wp-json\/wp\/v2\/product\/35383","targetHints":{"allow":["GET"]}}],"collection":[{"href":"https:\/\/olemosaic.orbitalia.org\/fr\/wp-json\/wp\/v2\/product"}],"about":[{"href":"https:\/\/olemosaic.orbitalia.org\/fr\/wp-json\/wp\/v2\/types\/product"}],"wp:featuredmedia":[{"embeddable":true,"href":"https:\/\/olemosaic.orbitalia.org\/fr\/wp-json\/wp\/v2\/media\/13904"}],"wp:attachment":[{"href":"https:\/\/olemosaic.orbitalia.org\/fr\/wp-json\/wp\/v2\/media?parent=35383"}],"wp:term":[{"taxonomy":"product_brand","embeddable":true,"href":"https:\/\/olemosaic.orbitalia.org\/fr\/wp-json\/wp\/v2\/product_brand?post=35383"},{"taxonomy":"product_cat","embeddable":true,"href":"https:\/\/olemosaic.orbitalia.org\/fr\/wp-json\/wp\/v2\/product_cat?post=35383"},{"taxonomy":"product_tag","embeddable":true,"href":"https:\/\/olemosaic.orbitalia.org\/fr\/wp-json\/wp\/v2\/product_tag?post=35383"}],"curies":[{"name":"wp","href":"https:\/\/api.w.org\/{rel}","templated":true}]}}