{"id":35380,"date":"2025-02-20T23:37:20","date_gmt":"2025-02-20T22:37:20","guid":{"rendered":"https:\/\/olemosaic.orbitalia.org\/producto\/4-bols-de-coco-de-13-x-6-cm-tortuga-5\/"},"modified":"2025-07-25T20:19:55","modified_gmt":"2025-07-25T18:19:55","slug":"4-bols-en-noix-de-coco-13-x-6-cm-tortue-5","status":"publish","type":"product","link":"https:\/\/olemosaic.orbitalia.org\/fr\/produit\/4-bols-en-noix-de-coco-13-x-6-cm-tortue-5\/","title":{"rendered":"4 Bols en noix de coco de 13 x 6 cm. Bleu, rose, orange et blanc. Tortue."},"content":{"rendered":"<p>Profitez de nos charmants bols en noix de coco d\u00e9cor\u00e9s de motifs de tortues, un ensemble de quatre bols qui \u00e9voquent la fra\u00eecheur de l&rsquo;ambiance c\u00f4ti\u00e8re et le charme de la nature marine. Chaque bol mesure 13 x 6 cm et pr\u00e9sente des int\u00e9rieurs frappants dans des tons bleu, rose, orange et blanc, chacun orn\u00e9 d&rsquo;un motif de tortue peint \u00e0 la main au centre. La technique de mosa\u00efque utilis\u00e9e pour mettre en valeur les couleurs vibrantes apporte une touche artistique qui rend ces bols id\u00e9aux tant pour servir des ap\u00e9ritifs que pour d\u00e9corer n&rsquo;importe quel coin de votre maison. La tortue, symbole de sagesse et de long\u00e9vit\u00e9 dans de nombreuses cultures, ajoute une valeur culturelle significative \u00e0 chaque pi\u00e8ce, reliant les utilisateurs aux traditions marines espagnoles. Ces bols sont une excellente option comme souvenirs, parfaits pour ceux qui souhaitent emporter un souvenir authentique et repr\u00e9sentatif de leurs voyages. Chez Ol\u00e9 Mosaic, nous nous sp\u00e9cialisons dans la distribution en gros de souvenirs de haute qualit\u00e9, garantissant que chaque article est unique et culturellement pertinent, id\u00e9al pour les boutiques de cadeaux touristiques cherchant \u00e0 offrir des produits avec une touche distinctive.<\/p>\n","protected":false},"excerpt":{"rendered":"<p>Bols en noix de coco de 13 x 6 cm, d\u00e9cor\u00e9s de motifs de tortues. Cet ensemble de quatre bols pr\u00e9sente des int\u00e9rieurs color\u00e9s dans des tons bleu, rose, orange et blanc, chacun avec un design de tortue tr\u00e8s sp\u00e9cial, artisanal et peint \u00e0 la main au centre. La technique de mosa\u00efque qui fait ressortir les tons vibrants leur donne une touche artistique, id\u00e9ale pour servir des ap\u00e9ritifs ou comme \u00e9l\u00e9ment d\u00e9coratif, \u00e9voquant l&rsquo;ambiance c\u00f4ti\u00e8re et le folklore marin.<\/p>\n","protected":false},"featured_media":13901,"template":"","meta":{"_acf_changed":false},"product_brand":[],"product_cat":[521],"product_tag":[530],"class_list":{"0":"post-35380","1":"product","2":"type-product","3":"status-publish","4":"has-post-thumbnail","6":"product_cat-bols","7":"product_tag-animaux","8":"pa_motivo-tortues","10":"first","11":"instock","12":"shipping-taxable","13":"product-type-simple"},"acf":[],"_links":{"self":[{"href":"https:\/\/olemosaic.orbitalia.org\/fr\/wp-json\/wp\/v2\/product\/35380","targetHints":{"allow":["GET"]}}],"collection":[{"href":"https:\/\/olemosaic.orbitalia.org\/fr\/wp-json\/wp\/v2\/product"}],"about":[{"href":"https:\/\/olemosaic.orbitalia.org\/fr\/wp-json\/wp\/v2\/types\/product"}],"wp:featuredmedia":[{"embeddable":true,"href":"https:\/\/olemosaic.orbitalia.org\/fr\/wp-json\/wp\/v2\/media\/13901"}],"wp:attachment":[{"href":"https:\/\/olemosaic.orbitalia.org\/fr\/wp-json\/wp\/v2\/media?parent=35380"}],"wp:term":[{"taxonomy":"product_brand","embeddable":true,"href":"https:\/\/olemosaic.orbitalia.org\/fr\/wp-json\/wp\/v2\/product_brand?post=35380"},{"taxonomy":"product_cat","embeddable":true,"href":"https:\/\/olemosaic.orbitalia.org\/fr\/wp-json\/wp\/v2\/product_cat?post=35380"},{"taxonomy":"product_tag","embeddable":true,"href":"https:\/\/olemosaic.orbitalia.org\/fr\/wp-json\/wp\/v2\/product_tag?post=35380"}],"curies":[{"name":"wp","href":"https:\/\/api.w.org\/{rel}","templated":true}]}}