{"id":35379,"date":"2025-02-20T23:37:19","date_gmt":"2025-02-20T22:37:19","guid":{"rendered":"https:\/\/olemosaic.orbitalia.org\/producto\/4-bols-de-coco-de-13-x-6-cm-tortuga-mallorca-4\/"},"modified":"2025-07-25T19:06:22","modified_gmt":"2025-07-25T17:06:22","slug":"4-bols-en-noix-de-coco-13-x-6-cm-tortue-majorque-4","status":"publish","type":"product","link":"https:\/\/olemosaic.orbitalia.org\/fr\/produit\/4-bols-en-noix-de-coco-13-x-6-cm-tortue-majorque-4\/","title":{"rendered":"4 Bols en noix de coco de 13 x 6 cm. Bleu, rose et dor\u00e9. Tortue. Majorque."},"content":{"rendered":"<p>Ces charmants bols en noix de coco de 13 x 6 cm, d\u00e9cor\u00e9s de motifs de tortues, sont le souvenir id\u00e9al qui capture l&rsquo;essence vibrante de Majorque. Cet ensemble de quatre bols pr\u00e9sente une palette de couleurs joyeuses comprenant des bleus, des roses et des dor\u00e9s, chacun avec un design unique qui met en valeur l&rsquo;artisanat local et la beaut\u00e9 naturelle de l&rsquo;\u00eele. Les tortues, symbolisant la faune marine de Majorque, sont soigneusement illustr\u00e9es au centre, cr\u00e9ant un attrait visuel qui se connecte directement aux traditions maritimes de la r\u00e9gion.<\/p>\n<p>Parfaits tant pour servir des ap\u00e9ritifs que pour ajouter une touche d\u00e9corative \u00e0 n&rsquo;importe quel espace, ces bols combinent la rusticit\u00e9 du mat\u00e9riau naturel de la noix de coco avec un style contemporain qui pla\u00eet \u00e0 tous. Leur finition brillante fait ressortir les couleurs vibrantes et fait de chaque pi\u00e8ce un v\u00e9ritable point d&rsquo;attention lors de toute r\u00e9union ou \u00e9v\u00e9nement. Le lien culturel avec Majorque ne se refl\u00e8te pas seulement dans les motifs marins, mais aussi dans la technique traditionnelle utilis\u00e9e pour les fabriquer, garantissant que chaque bol est v\u00e9ritablement unique.<\/p>\n<p>Chez Ol\u00e9 Mosaic, nous savons que ces souvenirs de Majorque sont une excellente ressource pour les touristes \u00e0 la recherche de souvenirs authentiques, ainsi que pour les boutiques de cadeaux touristiques souhaitant proposer des produits de qualit\u00e9 et de pertinence culturelle. En tant que distributeurs en gros de bols, nous nous engageons \u00e0 offrir des souvenirs qui ne sont pas seulement beaux, mais qui racontent aussi une histoire.<\/p>\n","protected":false},"excerpt":{"rendered":"<p>Bols en noix de coco de 13 x 6 cm, d\u00e9cor\u00e9s de motifs de tortues et de couleurs vibrantes, id\u00e9aux pour apporter une touche joyeuse \u00e0 n&rsquo;importe quel espace. Chaque bol pr\u00e9sente un design unique, avec des finitions en bleu, rose et tons dor\u00e9s qui \u00e9voquent l&rsquo;essence de Majorque. Parfaits pour servir des ap\u00e9ritifs ou comme \u00e9l\u00e9ment d\u00e9coratif, ces bols allient la rusticit\u00e9 du mat\u00e9riau naturel \u00e0 un style moderne, garantissant une touche authentique et attrayante.<\/p>\n","protected":false},"featured_media":13900,"template":"","meta":{"_acf_changed":false},"product_brand":[],"product_cat":[521],"product_tag":[530],"class_list":{"0":"post-35379","1":"product","2":"type-product","3":"status-publish","4":"has-post-thumbnail","6":"product_cat-bols","7":"product_tag-animaux","8":"pa_ciudad-mallorca","9":"pa_motivo-tortues","10":"pa_pais-espana","12":"first","13":"instock","14":"shipping-taxable","15":"product-type-simple"},"acf":[],"_links":{"self":[{"href":"https:\/\/olemosaic.orbitalia.org\/fr\/wp-json\/wp\/v2\/product\/35379","targetHints":{"allow":["GET"]}}],"collection":[{"href":"https:\/\/olemosaic.orbitalia.org\/fr\/wp-json\/wp\/v2\/product"}],"about":[{"href":"https:\/\/olemosaic.orbitalia.org\/fr\/wp-json\/wp\/v2\/types\/product"}],"wp:featuredmedia":[{"embeddable":true,"href":"https:\/\/olemosaic.orbitalia.org\/fr\/wp-json\/wp\/v2\/media\/13900"}],"wp:attachment":[{"href":"https:\/\/olemosaic.orbitalia.org\/fr\/wp-json\/wp\/v2\/media?parent=35379"}],"wp:term":[{"taxonomy":"product_brand","embeddable":true,"href":"https:\/\/olemosaic.orbitalia.org\/fr\/wp-json\/wp\/v2\/product_brand?post=35379"},{"taxonomy":"product_cat","embeddable":true,"href":"https:\/\/olemosaic.orbitalia.org\/fr\/wp-json\/wp\/v2\/product_cat?post=35379"},{"taxonomy":"product_tag","embeddable":true,"href":"https:\/\/olemosaic.orbitalia.org\/fr\/wp-json\/wp\/v2\/product_tag?post=35379"}],"curies":[{"name":"wp","href":"https:\/\/api.w.org\/{rel}","templated":true}]}}