{"id":35378,"date":"2025-02-20T23:37:19","date_gmt":"2025-02-20T22:37:19","guid":{"rendered":"https:\/\/olemosaic.orbitalia.org\/producto\/4-bols-de-coco-de-13-x-6-cm-sardina-lisboa-9\/"},"modified":"2025-07-25T18:42:20","modified_gmt":"2025-07-25T16:42:20","slug":"4-bols-en-noix-de-coco-13-x-6-cm-sardine-lisbonne-9","status":"publish","type":"product","link":"https:\/\/olemosaic.orbitalia.org\/fr\/produit\/4-bols-en-noix-de-coco-13-x-6-cm-sardine-lisbonne-9\/","title":{"rendered":"4 Bols en noix de coco de 13 x 6 cm. Sardine. Motif \u00e0 cercles. Lisbonne."},"content":{"rendered":"<p>Ce lot de quatre bols en noix de coco, de 13 x 6 cm, est un hommage \u00e0 la vibrante culture maritime de Lisbonne. Chaque bol pr\u00e9sente un design unique, d\u00e9cor\u00e9 de motifs color\u00e9s de sardines qui \u00e9voquent la riche tradition de p\u00eache de la capitale portugaise. Les pi\u00e8ces arborent une finition brillante avec des motifs vibrants dans des tons bleu, rose et jaune, qui contrastent harmonieusement avec un fond blanc, cr\u00e9ant une esth\u00e9tique joyeuse et fra\u00eeche qui rappelle les \u00e9t\u00e9s au bord de la mer.<\/p>\n<p>Chaque bol n&rsquo;est pas seulement parfait pour servir des ap\u00e9ritifs comme des olives ou des fruits secs, mais fonctionne \u00e9galement comme un \u00e9l\u00e9gant \u00e9l\u00e9ment d\u00e9coratif dans n&rsquo;importe quel foyer. Le lien culturel avec Lisbonne se refl\u00e8te non seulement dans son design, mais aussi dans l&rsquo;utilisation d&rsquo;\u00e9l\u00e9ments traditionnels qui soulignent l&rsquo;importance de la p\u00eache dans la gastronomie locale. Ces bols en noix de coco sont un exemple id\u00e9al des souvenirs du Portugal, offrant aux touristes une pi\u00e8ce authentique qui capture l&rsquo;essence de la r\u00e9gion.<\/p>\n<p>Chez Ol\u00e9 Mosaic, notre engagement est de fournir des souvenirs authentiques qui refl\u00e8tent la richesse culturelle de chaque destination. Ce lot de bols en noix de coco devient une excellente option pour les boutiques de souvenirs touristiques qui recherchent des produits combinant fonctionnalit\u00e9 et esth\u00e9tique. En tant que distributeurs de souvenirs en gros, nous garantissons la qualit\u00e9 et la singularit\u00e9 de chacune de nos pi\u00e8ces.<\/p>\n","protected":false},"excerpt":{"rendered":"<p>Bols en noix de coco de 13 x 6 cm, d\u00e9cor\u00e9s de motifs de sardines, inspir\u00e9s de la color\u00e9e tradition lisbo\u00e8te. Chaque bol pr\u00e9sente une finition brillante et des motifs vibrants de cercles dans des tons bleu, rose et jaune, qui contrastent avec un fond blanc. Ces \u00e9l\u00e9gants bols sont id\u00e9aux pour servir des ap\u00e9ritifs ou comme \u00e9l\u00e9ment d\u00e9coratif dans n&rsquo;importe quel foyer, refl\u00e9tant la culture maritime portugaise \u00e0 travers leur design pittoresque et artisanal.<\/p>\n","protected":false},"featured_media":13899,"template":"","meta":{"_acf_changed":false},"product_brand":[],"product_cat":[521],"product_tag":[530],"class_list":{"0":"post-35378","1":"product","2":"type-product","3":"status-publish","4":"has-post-thumbnail","6":"product_cat-bols","7":"product_tag-animaux","8":"pa_ciudad-lisboa","9":"pa_motivo-sardines","10":"pa_pais-portugal","12":"first","13":"instock","14":"shipping-taxable","15":"product-type-simple"},"acf":[],"_links":{"self":[{"href":"https:\/\/olemosaic.orbitalia.org\/fr\/wp-json\/wp\/v2\/product\/35378","targetHints":{"allow":["GET"]}}],"collection":[{"href":"https:\/\/olemosaic.orbitalia.org\/fr\/wp-json\/wp\/v2\/product"}],"about":[{"href":"https:\/\/olemosaic.orbitalia.org\/fr\/wp-json\/wp\/v2\/types\/product"}],"wp:featuredmedia":[{"embeddable":true,"href":"https:\/\/olemosaic.orbitalia.org\/fr\/wp-json\/wp\/v2\/media\/13899"}],"wp:attachment":[{"href":"https:\/\/olemosaic.orbitalia.org\/fr\/wp-json\/wp\/v2\/media?parent=35378"}],"wp:term":[{"taxonomy":"product_brand","embeddable":true,"href":"https:\/\/olemosaic.orbitalia.org\/fr\/wp-json\/wp\/v2\/product_brand?post=35378"},{"taxonomy":"product_cat","embeddable":true,"href":"https:\/\/olemosaic.orbitalia.org\/fr\/wp-json\/wp\/v2\/product_cat?post=35378"},{"taxonomy":"product_tag","embeddable":true,"href":"https:\/\/olemosaic.orbitalia.org\/fr\/wp-json\/wp\/v2\/product_tag?post=35378"}],"curies":[{"name":"wp","href":"https:\/\/api.w.org\/{rel}","templated":true}]}}