{"id":35377,"date":"2025-02-20T23:37:19","date_gmt":"2025-02-20T22:37:19","guid":{"rendered":"https:\/\/olemosaic.orbitalia.org\/producto\/4-bols-de-coco-de-13-x-6-cm-mariposa-3\/"},"modified":"2025-07-25T20:17:14","modified_gmt":"2025-07-25T18:17:14","slug":"4-bols-en-noix-de-coco-13-x-6-cm-papillon-3","status":"publish","type":"product","link":"https:\/\/olemosaic.orbitalia.org\/fr\/produit\/4-bols-en-noix-de-coco-13-x-6-cm-papillon-3\/","title":{"rendered":"4 Bols en noix de coco de 13 x 6 cm. Papillon. Motif de c\u0153urs."},"content":{"rendered":"<p>Cet ensemble de 4 bols en noix de coco est un exemple exceptionnel de l&rsquo;artisanat traditionnel espagnol, parfait pour ceux qui recherchent des souvenirs authentiques et color\u00e9s. Chaque bol, de 13 x 6 cm, est soigneusement fabriqu\u00e9 \u00e0 la main, ce qui garantit que chaque pi\u00e8ce est unique. La d\u00e9coration comprend des motifs complexes de papillons, combin\u00e9s \u00e0 un design vibrant de mosa\u00efques int\u00e9grant des couleurs vives comme le bleu, l&rsquo;orange et le marron, ainsi que divers motifs de c\u0153urs et de fleurs.<\/p>\n<p>Ces d\u00e9tails artistiques ne rehaussent pas seulement l&rsquo;esth\u00e9tique de chaque bol, mais \u00e9voquent \u00e9galement le riche h\u00e9ritage culturel de l&rsquo;art populaire espagnol. La finition brillante de chaque pi\u00e8ce ajoute une touche distinctive, les transformant en \u00e9l\u00e9ments d\u00e9coratifs parfaits pour n&rsquo;importe quel espace, que ce soit dans le cadre d&rsquo;une collection ou comme cadeau sp\u00e9cial.<\/p>\n<p>Chez Ol\u00e9 Mosaic, nous nous sp\u00e9cialisons dans la distribution de souvenirs en gros, et ces bols en noix de coco sont une excellente option pour les boutiques de souvenirs touristiques qui cherchent \u00e0 int\u00e9grer des produits authentiques et de qualit\u00e9 \u00e0 leur offre. Avec leur attrait visuel et leur lien avec la tradition artisanale, ces bols en noix de coco sont le choix id\u00e9al pour les touristiques qui souhaitent emporter un morceau de la culture espagnole chez eux.<\/p>\n","protected":false},"excerpt":{"rendered":"<p>Bols en noix de coco de 13 x 6 cm, d\u00e9cor\u00e9s de motifs de papillons et d&rsquo;un design color\u00e9 en mosa\u00efque. Chaque bol pr\u00e9sente un style unique, avec des \u00e9l\u00e9ments tels que des c\u0153urs et des fleurs, \u00e9labor\u00e9s \u00e0 partir de pi\u00e8ces de coco \u00e0 l&rsquo;effet peint \u00e0 la main. Leur finition brillante et leurs couleurs vibrantes, incluant des tons bleus, oranges et marrons, en font un souvenir attrayant de la riche tradition artisanale, id\u00e9al pour donner une touche d\u00e9corative \u00e0 n&rsquo;importe quel espace.<\/p>\n","protected":false},"featured_media":13898,"template":"","meta":{"_acf_changed":false},"product_brand":[],"product_cat":[521],"product_tag":[530],"class_list":{"0":"post-35377","1":"product","2":"type-product","3":"status-publish","4":"has-post-thumbnail","6":"product_cat-bols","7":"product_tag-animaux","8":"pa_motivo-papillons","10":"first","11":"instock","12":"shipping-taxable","13":"product-type-simple"},"acf":[],"_links":{"self":[{"href":"https:\/\/olemosaic.orbitalia.org\/fr\/wp-json\/wp\/v2\/product\/35377","targetHints":{"allow":["GET"]}}],"collection":[{"href":"https:\/\/olemosaic.orbitalia.org\/fr\/wp-json\/wp\/v2\/product"}],"about":[{"href":"https:\/\/olemosaic.orbitalia.org\/fr\/wp-json\/wp\/v2\/types\/product"}],"wp:featuredmedia":[{"embeddable":true,"href":"https:\/\/olemosaic.orbitalia.org\/fr\/wp-json\/wp\/v2\/media\/13898"}],"wp:attachment":[{"href":"https:\/\/olemosaic.orbitalia.org\/fr\/wp-json\/wp\/v2\/media?parent=35377"}],"wp:term":[{"taxonomy":"product_brand","embeddable":true,"href":"https:\/\/olemosaic.orbitalia.org\/fr\/wp-json\/wp\/v2\/product_brand?post=35377"},{"taxonomy":"product_cat","embeddable":true,"href":"https:\/\/olemosaic.orbitalia.org\/fr\/wp-json\/wp\/v2\/product_cat?post=35377"},{"taxonomy":"product_tag","embeddable":true,"href":"https:\/\/olemosaic.orbitalia.org\/fr\/wp-json\/wp\/v2\/product_tag?post=35377"}],"curies":[{"name":"wp","href":"https:\/\/api.w.org\/{rel}","templated":true}]}}