{"id":35362,"date":"2025-02-20T23:37:18","date_gmt":"2025-02-20T22:37:18","guid":{"rendered":"https:\/\/olemosaic.orbitalia.org\/producto\/4-bols-de-coco-de-13-x-6-cm-sardina-lisboa-8\/"},"modified":"2025-07-25T19:48:27","modified_gmt":"2025-07-25T17:48:27","slug":"4-bols-en-noix-de-coco-de-13-x-6-cm-sardine-lisbonne-fr","status":"publish","type":"product","link":"https:\/\/olemosaic.orbitalia.org\/fr\/produit\/4-bols-en-noix-de-coco-de-13-x-6-cm-sardine-lisbonne-fr\/","title":{"rendered":"4 Bols en noix de coco de 13 x 6 cm. Sardine. Lisbonne. Portugal."},"content":{"rendered":"<p>Cet ensemble de 4 bols en noix de coco d\u00e9cor\u00e9s de motifs de sardines est un fantastique souvenir de Lisbonne qui capture l&rsquo;essence de la riche culture portugaise. Chaque bol, de 13 x 6 cm, pr\u00e9sente un design unique combinant des couleurs vibrantes, telles que le bleu, le rose et le dor\u00e9, cr\u00e9ant un effet de mosa\u00efque attrayant qui \u00e9voque les march\u00e9s aux poissons de la capitale portugaise. Le choix de la noix de coco comme mat\u00e9riau garantit non seulement durabilit\u00e9 et l\u00e9g\u00e8ret\u00e9, mais d\u00e9montre \u00e9galement un engagement envers l&rsquo;authenticit\u00e9, refl\u00e9tant les traditions artisanales de la r\u00e9gion.<\/p>\n<p>Les d\u00e9tails des sardines, si embl\u00e9matiques de la gastronomie portugaise, ajoutent une touche charmante et festive \u00e0 chaque bol, les rendant parfaits pour servir des ap\u00e9ritifs ou simplement comme pi\u00e8ces d\u00e9coratives dans n&rsquo;importe quel foyer. Ce produit est id\u00e9al pour les touristes \u00e0 la recherche de souvenirs authentiques, fonctionnels et qui racontent une histoire sur leur origine. Chez Ol\u00e9 Mosaic, nous nous sp\u00e9cialisons dans la distribution de souvenirs en gros, et ces bols sont une excellente option pour les boutiques de cadeaux touristiques souhaitant proposer des souvenirs repr\u00e9sentatifs de Lisbonne. Avec leur design attrayant et leur signification culturelle, ces bols de sardines sont un classique indispensable dans le catalogue de tout \u00e9tablissement.<\/p>\n","protected":false},"excerpt":{"rendered":"<p>Bols en noix de coco de 13 x 6 cm, d\u00e9cor\u00e9s de motifs color\u00e9s de sardines, id\u00e9aux pour ajouter une touche d&rsquo;authenticit\u00e9 portugaise \u00e0 n&rsquo;importe quel foyer. Chaque bol pr\u00e9sente un design tr\u00e8s sp\u00e9cial avec des d\u00e9tails dans des tons bleus, roses et dor\u00e9s, cr\u00e9ant un effet de mosa\u00efque attrayant. Fabriqu\u00e9s en noix de coco, ces bols sont l\u00e9gers et durables, parfaits pour servir des ap\u00e9ritifs ou comme pi\u00e8ces d\u00e9coratives. Un souvenir pr\u00e9cieux de Lisbonne qui refl\u00e8te sa riche culture et sa tradition.<\/p>\n","protected":false},"featured_media":13893,"template":"","meta":{"_acf_changed":false},"product_brand":[],"product_cat":[521],"product_tag":[530],"class_list":{"0":"post-35362","1":"product","2":"type-product","3":"status-publish","4":"has-post-thumbnail","6":"product_cat-bols","7":"product_tag-animaux","8":"pa_ciudad-lisboa","9":"pa_motivo-sardines","10":"pa_pais-portugal","12":"first","13":"instock","14":"shipping-taxable","15":"product-type-simple"},"acf":[],"_links":{"self":[{"href":"https:\/\/olemosaic.orbitalia.org\/fr\/wp-json\/wp\/v2\/product\/35362","targetHints":{"allow":["GET"]}}],"collection":[{"href":"https:\/\/olemosaic.orbitalia.org\/fr\/wp-json\/wp\/v2\/product"}],"about":[{"href":"https:\/\/olemosaic.orbitalia.org\/fr\/wp-json\/wp\/v2\/types\/product"}],"wp:featuredmedia":[{"embeddable":true,"href":"https:\/\/olemosaic.orbitalia.org\/fr\/wp-json\/wp\/v2\/media\/13893"}],"wp:attachment":[{"href":"https:\/\/olemosaic.orbitalia.org\/fr\/wp-json\/wp\/v2\/media?parent=35362"}],"wp:term":[{"taxonomy":"product_brand","embeddable":true,"href":"https:\/\/olemosaic.orbitalia.org\/fr\/wp-json\/wp\/v2\/product_brand?post=35362"},{"taxonomy":"product_cat","embeddable":true,"href":"https:\/\/olemosaic.orbitalia.org\/fr\/wp-json\/wp\/v2\/product_cat?post=35362"},{"taxonomy":"product_tag","embeddable":true,"href":"https:\/\/olemosaic.orbitalia.org\/fr\/wp-json\/wp\/v2\/product_tag?post=35362"}],"curies":[{"name":"wp","href":"https:\/\/api.w.org\/{rel}","templated":true}]}}