{"id":35361,"date":"2025-02-20T22:37:18","date_gmt":"2025-02-20T22:37:18","guid":{"rendered":"https:\/\/olemosaic.orbitalia.org\/producto\/4-bols-de-coco-de-13-x-6-cm-caballito-de-mar-menorca\/"},"modified":"2025-07-25T19:02:49","modified_gmt":"2025-07-25T17:02:49","slug":"4-bols-en-noix-de-coco-de-13-x-6-cm-hippocampe-minorque","status":"publish","type":"product","link":"https:\/\/olemosaic.orbitalia.org\/fr\/produit\/4-bols-en-noix-de-coco-de-13-x-6-cm-hippocampe-minorque\/","title":{"rendered":"4 Bols en noix de coco de 13 x 6 cm. Hippocampe. Minorque."},"content":{"rendered":"<p>Nous pr\u00e9sentons ce charmant ensemble de 4 bols en noix de coco de 13 x 6 cm, d\u00e9cor\u00e9s de motifs color\u00e9s d&rsquo;hippocampes, qui \u00e9voquent la beaut\u00e9 unique de Minorque. Chaque bol est une \u0153uvre d&rsquo;art en soi, avec un design exclusif combinant des tons bleus, roses, jaunes et blancs, cr\u00e9ant un effet vibrant et attrayant. Sa finition brillante et lisse rehausse non seulement sa beaut\u00e9 visuelle, mais assure \u00e9galement une exp\u00e9rience tactile agr\u00e9able. Ce qui distingue ces bols, c&rsquo;est leur lien avec l&rsquo;art minorquin, ancr\u00e9 dans la tradition artisanale et l&rsquo;amour de la nature marine, l&rsquo;hippocampe \u00e9tant un symbole repr\u00e9sentatif de la vie sur les c\u00f4tes de l&rsquo;\u00eele.<\/p>\n<p>Ces bols sont id\u00e9aux aussi bien pour servir des ap\u00e9ritifs que pour \u00eatre utilis\u00e9s comme \u00e9l\u00e9ments d\u00e9coratifs qui embellissent n&rsquo;importe quel espace. Un cadeau parfait pour les touristes \u00e0 la recherche de souvenirs authentiques de Minorque capturant l&rsquo;essence de la M\u00e9diterran\u00e9e. Chez Ol\u00e9 Mosaic, nous sommes des distributeurs de souvenirs en gros et nous sommes fiers de proposer des produits qui, en plus d&rsquo;\u00eatre fonctionnels, poss\u00e8dent une haute valeur culturelle et artistique. Ces bols en noix de coco deviendront un souvenir m\u00e9morable de votre visite sur cette \u00eele magnifique.<\/p>\n","protected":false},"excerpt":{"rendered":"<p>Bols en noix de coco de 13 x 6 cm, d\u00e9cor\u00e9s de motifs color\u00e9s d&rsquo;hippocampes, inspir\u00e9s par la beaut\u00e9 de Minorque. Chaque bol pr\u00e9sente un design unique, avec des tons bleus, roses, jaunes et blancs, soulignant sa finition brillante et lisse. Id\u00e9aux pour servir des ap\u00e9ritifs ou comme \u00e9l\u00e9ment d\u00e9coratif, ces bols sont un exemple de l&rsquo;art minorquin, fusionnant tradition et \u00e9l\u00e9gance dans un design fonctionnel et attrayant.<\/p>\n","protected":false},"featured_media":13892,"template":"","meta":{"_acf_changed":false},"product_brand":[],"product_cat":[521],"product_tag":[530],"class_list":{"0":"post-35361","1":"product","2":"type-product","3":"status-publish","4":"has-post-thumbnail","6":"product_cat-bols","7":"product_tag-animaux","8":"pa_ciudad-menorca","9":"pa_motivo-hippocampes","10":"pa_pais-espana","12":"first","13":"instock","14":"shipping-taxable","15":"product-type-simple"},"acf":[],"_links":{"self":[{"href":"https:\/\/olemosaic.orbitalia.org\/fr\/wp-json\/wp\/v2\/product\/35361","targetHints":{"allow":["GET"]}}],"collection":[{"href":"https:\/\/olemosaic.orbitalia.org\/fr\/wp-json\/wp\/v2\/product"}],"about":[{"href":"https:\/\/olemosaic.orbitalia.org\/fr\/wp-json\/wp\/v2\/types\/product"}],"wp:featuredmedia":[{"embeddable":true,"href":"https:\/\/olemosaic.orbitalia.org\/fr\/wp-json\/wp\/v2\/media\/13892"}],"wp:attachment":[{"href":"https:\/\/olemosaic.orbitalia.org\/fr\/wp-json\/wp\/v2\/media?parent=35361"}],"wp:term":[{"taxonomy":"product_brand","embeddable":true,"href":"https:\/\/olemosaic.orbitalia.org\/fr\/wp-json\/wp\/v2\/product_brand?post=35361"},{"taxonomy":"product_cat","embeddable":true,"href":"https:\/\/olemosaic.orbitalia.org\/fr\/wp-json\/wp\/v2\/product_cat?post=35361"},{"taxonomy":"product_tag","embeddable":true,"href":"https:\/\/olemosaic.orbitalia.org\/fr\/wp-json\/wp\/v2\/product_tag?post=35361"}],"curies":[{"name":"wp","href":"https:\/\/api.w.org\/{rel}","templated":true}]}}