{"id":35360,"date":"2025-02-20T23:37:18","date_gmt":"2025-02-20T22:37:18","guid":{"rendered":"https:\/\/olemosaic.orbitalia.org\/producto\/4-bols-de-coco-de-13-x-6-cm-mariposa-2\/"},"modified":"2025-07-25T19:49:28","modified_gmt":"2025-07-25T17:49:28","slug":"4-bols-en-noix-de-coco-de-13-x-6-cm-papillon-mosaique","status":"publish","type":"product","link":"https:\/\/olemosaic.orbitalia.org\/fr\/produit\/4-bols-en-noix-de-coco-de-13-x-6-cm-papillon-mosaique\/","title":{"rendered":"4 Bols en noix de coco de 13 x 6 cm. Papillon. Mosa\u00efque."},"content":{"rendered":"<p>Nous pr\u00e9sentons le lot de 4 bols en noix de coco d\u00e9cor\u00e9s de magnifiques motifs de papillons, une option id\u00e9ale pour ceux qui cherchent \u00e0 apporter une touche vibrante et naturelle \u00e0 leur table. Chaque bol, mesurant 13 x 6 cm, est finement d\u00e9cor\u00e9 d&rsquo;une mosa\u00efque color\u00e9e dans des tons de rose, bleu et jaune, capturant l&rsquo;essence de la M\u00e9diterran\u00e9e et \u00e9voquant la beaut\u00e9 de ses paysages. Ces r\u00e9cipients, fabriqu\u00e9s de mani\u00e8re artisanale, sont parfaits pour servir des ap\u00e9ritifs ou comme \u00e9l\u00e9ments d\u00e9coratifs dans n&rsquo;importe quel foyer.<\/p>\n<p>Le design de chaque bol met en avant la fusion sophistiqu\u00e9e de couleurs vives et de motifs de papillons, symbolisant la libert\u00e9 et la transformation qui caract\u00e9risent la culture m\u00e9diterran\u00e9enne. Ces bols ne sont pas seulement fonctionnels, ils agissent \u00e9galement comme d&rsquo;authentiques souvenirs refl\u00e9tant la riche tradition artisanale de la r\u00e9gion.<\/p>\n<p>Ce lot de bols en noix de coco est une excellente option pour les boutiques de cadeaux touristiques cherchant \u00e0 proposer des souvenirs authentiques et de qualit\u00e9. Chez Ol\u00e9 Mosaic, nous sommes distributeurs de produits uniques et pleins de sens, id\u00e9aux pour ceux qui souhaitent emporter un petit morceau de la magie m\u00e9diterran\u00e9enne. Avec ces bols, vous aurez un souvenir repr\u00e9sentatif qui ravira les amateurs de style boh\u00e8me et de d\u00e9coration vibrante.<\/p>\n","protected":false},"excerpt":{"rendered":"<p>Bols en noix de coco de 13 x 6 cm, d\u00e9cor\u00e9s de motifs de papillons. Chaque bol pr\u00e9sente une mosa\u00efque de tons rose, bleu et jaune qui apporte une touche vibrante \u00e0 n&rsquo;importe quelle table. Fabriqu\u00e9s artisanalement, ces r\u00e9cipients sont id\u00e9aux pour servir des ap\u00e9ritifs ou comme \u00e9l\u00e9ments d\u00e9coratifs. Le design frais et naturel \u00e9voque la beaut\u00e9 de la M\u00e9diterran\u00e9e, faisant de ce lot le cadeau parfait pour les amateurs de style boh\u00e8me.<\/p>\n","protected":false},"featured_media":13891,"template":"","meta":{"_acf_changed":false},"product_brand":[],"product_cat":[521],"product_tag":[530],"class_list":{"0":"post-35360","1":"product","2":"type-product","3":"status-publish","4":"has-post-thumbnail","6":"product_cat-bols","7":"product_tag-animaux","8":"pa_motivo-papillons","10":"first","11":"instock","12":"shipping-taxable","13":"product-type-simple"},"acf":[],"_links":{"self":[{"href":"https:\/\/olemosaic.orbitalia.org\/fr\/wp-json\/wp\/v2\/product\/35360","targetHints":{"allow":["GET"]}}],"collection":[{"href":"https:\/\/olemosaic.orbitalia.org\/fr\/wp-json\/wp\/v2\/product"}],"about":[{"href":"https:\/\/olemosaic.orbitalia.org\/fr\/wp-json\/wp\/v2\/types\/product"}],"wp:featuredmedia":[{"embeddable":true,"href":"https:\/\/olemosaic.orbitalia.org\/fr\/wp-json\/wp\/v2\/media\/13891"}],"wp:attachment":[{"href":"https:\/\/olemosaic.orbitalia.org\/fr\/wp-json\/wp\/v2\/media?parent=35360"}],"wp:term":[{"taxonomy":"product_brand","embeddable":true,"href":"https:\/\/olemosaic.orbitalia.org\/fr\/wp-json\/wp\/v2\/product_brand?post=35360"},{"taxonomy":"product_cat","embeddable":true,"href":"https:\/\/olemosaic.orbitalia.org\/fr\/wp-json\/wp\/v2\/product_cat?post=35360"},{"taxonomy":"product_tag","embeddable":true,"href":"https:\/\/olemosaic.orbitalia.org\/fr\/wp-json\/wp\/v2\/product_tag?post=35360"}],"curies":[{"name":"wp","href":"https:\/\/api.w.org\/{rel}","templated":true}]}}