{"id":35353,"date":"2025-02-20T23:37:18","date_gmt":"2025-02-20T22:37:18","guid":{"rendered":"https:\/\/olemosaic.orbitalia.org\/producto\/4-bols-de-coco-de-13-x-6-cm-flores\/"},"modified":"2025-07-25T18:53:04","modified_gmt":"2025-07-25T16:53:04","slug":"4-bols-en-noix-de-coco-de-13-x-6-cm-fleurs","status":"publish","type":"product","link":"https:\/\/olemosaic.orbitalia.org\/fr\/produit\/4-bols-en-noix-de-coco-de-13-x-6-cm-fleurs\/","title":{"rendered":"4 Bols en noix de coco de 13 x 6 cm. Fleurs."},"content":{"rendered":"<p>Ces bols color\u00e9s en noix de coco sont un v\u00e9ritable symbole de l&rsquo;art populaire et de la tradition artisanale, pr\u00e9sent\u00e9s dans un ensemble de quatre pi\u00e8ces de 13 x 6 cm qui apportent une touche vibrante et naturelle \u00e0 n&rsquo;importe quel foyer. Chaque bol est m\u00e9ticuleusement d\u00e9cor\u00e9 \u00e0 la main avec des motifs floraux dans une gamme de tons bleus, roses et verts, qui contrastent merveilleusement avec la base claire. Cette combinaison de couleurs cr\u00e9e une sensation de joie et de fra\u00eecheur, id\u00e9ale pour servir des ap\u00e9ritifs ou comme \u00e9l\u00e9ments d\u00e9coratifs uniques.<\/p>\n<p>L&rsquo;attention port\u00e9e aux d\u00e9tails dans la peinture de chaque bol refl\u00e8te le savoir-faire des artisans qui ont perfectionn\u00e9 cette technique au fil des g\u00e9n\u00e9rations, soulignant l&rsquo;importance de l&rsquo;artisanat local dans la culture du lieu. Ce souvenir ne c\u00e9l\u00e8bre pas seulement la beaut\u00e9 de la flore, mais symbolise \u00e9galement le lien avec les racines culturelles et la nature, ce qui en fait un excellent souvenir pour les touristes \u00e0 la recherche de produits authentiques qui leur rappelleront leur passage dans cette r\u00e9gion.<\/p>\n<p>Chez Ol\u00e9 Mosaic, nous nous sp\u00e9cialisons dans la distribution de souvenirs de qualit\u00e9 en gros, comme ces exceptionnels bols en noix de coco, id\u00e9aux pour les boutiques de cadeaux touristiques. Leur design joyeux et leur mat\u00e9riau naturel font de ces bols une option attrayante et unique pour ceux qui cherchent \u00e0 ramener un morceau de la culture locale chez eux.<\/p>\n","protected":false},"excerpt":{"rendered":"<p>Bols en noix de coco de 13 x 6 cm d\u00e9cor\u00e9s de motifs floraux vibrants, parfaits pour ajouter une touche de couleur \u00e0 votre maison. Chaque bol pr\u00e9sente un design artisanal, peint \u00e0 la main, avec une vari\u00e9t\u00e9 de fleurs dans des tons bleus, roses et verts, sur une base claire. Id\u00e9aux pour servir des ap\u00e9ritifs ou comme \u00e9l\u00e9ment d\u00e9coratif, ces bols se distinguent par leur mat\u00e9riau naturel et leur artisanat unique, qui refl\u00e8te la beaut\u00e9 de l&rsquo;art populaire.<\/p>\n","protected":false},"featured_media":13889,"template":"","meta":{"_acf_changed":false},"product_brand":[],"product_cat":[521],"product_tag":[],"class_list":{"0":"post-35353","1":"product","2":"type-product","3":"status-publish","4":"has-post-thumbnail","6":"product_cat-bols","7":"pa_motivo-fleurs","9":"first","10":"instock","11":"shipping-taxable","12":"product-type-simple"},"acf":[],"_links":{"self":[{"href":"https:\/\/olemosaic.orbitalia.org\/fr\/wp-json\/wp\/v2\/product\/35353","targetHints":{"allow":["GET"]}}],"collection":[{"href":"https:\/\/olemosaic.orbitalia.org\/fr\/wp-json\/wp\/v2\/product"}],"about":[{"href":"https:\/\/olemosaic.orbitalia.org\/fr\/wp-json\/wp\/v2\/types\/product"}],"wp:featuredmedia":[{"embeddable":true,"href":"https:\/\/olemosaic.orbitalia.org\/fr\/wp-json\/wp\/v2\/media\/13889"}],"wp:attachment":[{"href":"https:\/\/olemosaic.orbitalia.org\/fr\/wp-json\/wp\/v2\/media?parent=35353"}],"wp:term":[{"taxonomy":"product_brand","embeddable":true,"href":"https:\/\/olemosaic.orbitalia.org\/fr\/wp-json\/wp\/v2\/product_brand?post=35353"},{"taxonomy":"product_cat","embeddable":true,"href":"https:\/\/olemosaic.orbitalia.org\/fr\/wp-json\/wp\/v2\/product_cat?post=35353"},{"taxonomy":"product_tag","embeddable":true,"href":"https:\/\/olemosaic.orbitalia.org\/fr\/wp-json\/wp\/v2\/product_tag?post=35353"}],"curies":[{"name":"wp","href":"https:\/\/api.w.org\/{rel}","templated":true}]}}