{"id":35352,"date":"2025-02-20T23:37:17","date_gmt":"2025-02-20T22:37:17","guid":{"rendered":"https:\/\/olemosaic.orbitalia.org\/producto\/4-bols-de-coco-de-13-x-6-cm-tortuga-barcelona-4\/"},"modified":"2025-07-25T19:27:09","modified_gmt":"2025-07-25T17:27:09","slug":"4-bols-en-noix-de-coco-de-13-x-6-cm-tortue-barcelone-4","status":"publish","type":"product","link":"https:\/\/olemosaic.orbitalia.org\/fr\/produit\/4-bols-en-noix-de-coco-de-13-x-6-cm-tortue-barcelone-4\/","title":{"rendered":"4 Bols en noix de coco de 13 x 6 cm. Tortue. Mosa\u00efque. Barcelone."},"content":{"rendered":"<p>Ce magnifique ensemble de quatre bols en noix de coco de 13 x 6 cm, d\u00e9cor\u00e9s de motifs de tortues, est un charmant souvenir de Barcelone qui allie fonctionnalit\u00e9 et esth\u00e9tique. Chaque bol pr\u00e9sente un design unique, rehauss\u00e9 par une palette de couleurs vibrantes allant du bleu intense au rose et au jaune, orn\u00e9e de d\u00e9tails \u00e9voquant l&rsquo;effet d&rsquo;une mosa\u00efque. Au centre de chaque pi\u00e8ce, une tortue, symbole de protection, de paix et de long\u00e9vit\u00e9, est \u00e9l\u00e9gamment imprim\u00e9e, dotant chaque bol d&rsquo;une signification culturelle qui r\u00e9sonnera chez ceux qui souhaitent ramener chez eux un souvenir significatif de leur visite dans cette ville embl\u00e9matique.<\/p>\n<p>En plus d&rsquo;\u00eatre parfaits pour un usage quotidien, les bols fonctionnent comme des \u00e9l\u00e9ments d\u00e9coratifs exclusifs qui apporteront une touche m\u00e9diterran\u00e9enne \u00e0 n&rsquo;importe quel foyer. Avec leur design artisanal, ces souvenirs refl\u00e8tent la riche tradition artisanale de Barcelone, faisant de cet ensemble une excellente option pour les touristes souhaitant acqu\u00e9rir des produits authentiques et distinctifs.<\/p>\n<p>Chez Ol\u00e9 Mosaic, nous sommes des distributeurs en gros de souvenirs de Barcelone, et cet ensemble de bols en noix de coco est id\u00e9al pour les boutiques de cadeaux touristiques cherchant \u00e0 offrir des articles de qualit\u00e9 et de pertinence culturelle. Ce souvenir n&rsquo;est pas seulement un objet, mais une pi\u00e8ce qui raconte l&rsquo;histoire de la beaut\u00e9 et de la culture de la r\u00e9gion, ce qui en fait un choix parfait pour les visiteurs qui veulent capturer l&rsquo;essence de Barcelone.<\/p>\n","protected":false},"excerpt":{"rendered":"<p>Bols en noix de coco de 13 x 6 cm d\u00e9cor\u00e9s de motifs de tortue, id\u00e9aux comme souvenirs de Barcelone. Chaque bol pr\u00e9sente un design unique, avec des couleurs vibrantes dans des tons bleu, rose, jaune et blanc, et des d\u00e9tails simulant des \u00e9clats de lumi\u00e8re, comme s&rsquo;il s&rsquo;agissait d&rsquo;une mosa\u00efque. La tortue, symbole de protection et de paix, est imprim\u00e9e au centre de chaque bol, ce qui fait de cet ensemble une pi\u00e8ce attrayante tant pour un usage pratique que d\u00e9coratif.<\/p>\n","protected":false},"featured_media":13888,"template":"","meta":{"_acf_changed":false},"product_brand":[],"product_cat":[521],"product_tag":[530],"class_list":{"0":"post-35352","1":"product","2":"type-product","3":"status-publish","4":"has-post-thumbnail","6":"product_cat-bols","7":"product_tag-animaux","8":"pa_ciudad-barcelona","9":"pa_motivo-tortues","10":"pa_pais-espana","12":"first","13":"instock","14":"shipping-taxable","15":"product-type-simple"},"acf":[],"_links":{"self":[{"href":"https:\/\/olemosaic.orbitalia.org\/fr\/wp-json\/wp\/v2\/product\/35352","targetHints":{"allow":["GET"]}}],"collection":[{"href":"https:\/\/olemosaic.orbitalia.org\/fr\/wp-json\/wp\/v2\/product"}],"about":[{"href":"https:\/\/olemosaic.orbitalia.org\/fr\/wp-json\/wp\/v2\/types\/product"}],"wp:featuredmedia":[{"embeddable":true,"href":"https:\/\/olemosaic.orbitalia.org\/fr\/wp-json\/wp\/v2\/media\/13888"}],"wp:attachment":[{"href":"https:\/\/olemosaic.orbitalia.org\/fr\/wp-json\/wp\/v2\/media?parent=35352"}],"wp:term":[{"taxonomy":"product_brand","embeddable":true,"href":"https:\/\/olemosaic.orbitalia.org\/fr\/wp-json\/wp\/v2\/product_brand?post=35352"},{"taxonomy":"product_cat","embeddable":true,"href":"https:\/\/olemosaic.orbitalia.org\/fr\/wp-json\/wp\/v2\/product_cat?post=35352"},{"taxonomy":"product_tag","embeddable":true,"href":"https:\/\/olemosaic.orbitalia.org\/fr\/wp-json\/wp\/v2\/product_tag?post=35352"}],"curies":[{"name":"wp","href":"https:\/\/api.w.org\/{rel}","templated":true}]}}