{"id":35351,"date":"2025-02-20T22:37:16","date_gmt":"2025-02-20T22:37:16","guid":{"rendered":"https:\/\/olemosaic.orbitalia.org\/producto\/4-bols-de-coco-de-13-x-6-cm-ibiscus\/"},"modified":"2025-07-25T19:37:54","modified_gmt":"2025-07-25T17:37:54","slug":"4-bols-en-noix-de-coco-de-13-x-6-cm-hibiscus","status":"publish","type":"product","link":"https:\/\/olemosaic.orbitalia.org\/fr\/produit\/4-bols-en-noix-de-coco-de-13-x-6-cm-hibiscus\/","title":{"rendered":"4 Bols en noix de coco de 13 x 6 cm. Hibiscus."},"content":{"rendered":"<p>D\u00e9couvrez nos charmants bols en noix de coco d\u00e9cor\u00e9s de motifs d&rsquo;hibiscus, un ensemble comprenant quatre pi\u00e8ces uniques de 13 x 6 cm, id\u00e9ales pour servir des ap\u00e9ritifs ou comme \u00e9l\u00e9ments d\u00e9coratifs apportant une touche exotique \u00e0 n&rsquo;importe quelle table. Chaque bol pr\u00e9sente un design exclusif, rehaussant l&rsquo;essence tropicale gr\u00e2ce \u00e0 des mosa\u00efques de couleurs vibrantes qui captent le regard. L&rsquo;hibiscus, symbole de beaut\u00e9 et de d\u00e9licatesse, se trouve au centre de chaque bol, cr\u00e9ant un point focal attrayant qui \u00e9voque la chaleur et la joie des traditions artisanales.<\/p>\n<p>Les tons chauds et frais se combinent harmonieusement avec la finition naturelle de la noix de coco, \u00e9levant l&rsquo;esth\u00e9tique du produit et offrant une exp\u00e9rience visuelle qui rappelle les plages ensoleill\u00e9es et les paysages tropicaux. Parfaits pour toutes les occasions, ces bols sont plus que de simples r\u00e9cipients ; ce sont d&rsquo;authentiques souvenirs culturels qui refl\u00e8tent le riche patrimoine des r\u00e9gions o\u00f9 ils sont fabriqu\u00e9s.<\/p>\n<p>Chez Ol\u00e9 Mosaic, nous nous consacrons \u00e0 la distribution de souvenirs authentiques en gros, et ces bols en noix de coco sont une excellente option pour les boutiques de cadeaux touristiques \u00e0 la recherche d&rsquo;articles distinctifs et de qualit\u00e9. Surprenez vos clients avec cette collection qui ne servira pas seulement \u00e0 d\u00e9guster des ap\u00e9ritifs, mais sera \u00e9galement un sujet de conversation attrayant lors de toute r\u00e9union, repr\u00e9sentant l&rsquo;esprit vibrant de l&rsquo;art d\u00e9coratif local et enrichissant l&rsquo;exp\u00e9rience de ceux qui recherchent des souvenirs m\u00e9morables.<\/p>\n","protected":false},"excerpt":{"rendered":"<p>Bols en noix de coco de 13 x 6 cm d\u00e9cor\u00e9s de motifs d&rsquo;hibiscus, id\u00e9aux pour servir des ap\u00e9ritifs ou comme \u00e9l\u00e9ments d\u00e9coratifs. Chaque bol pr\u00e9sente un design unique avec des mosa\u00efques de couleurs vibrantes et une finition brillante, mettant en valeur la fleur d&rsquo;hibiscus au centre. Les tons chauds et frais, combin\u00e9s \u00e0 la finition naturelle de la noix de coco, apportent une touche exotique et joyeuse qui \u00e9voque les traditions artisanales, parfaits pour n&rsquo;importe quelle table.<\/p>\n","protected":false},"featured_media":13887,"template":"","meta":{"_acf_changed":false},"product_brand":[],"product_cat":[521],"product_tag":[],"class_list":{"0":"post-35351","1":"product","2":"type-product","3":"status-publish","4":"has-post-thumbnail","6":"product_cat-bols","7":"pa_motivo-hibiscus","9":"first","10":"instock","11":"shipping-taxable","12":"product-type-simple"},"acf":[],"_links":{"self":[{"href":"https:\/\/olemosaic.orbitalia.org\/fr\/wp-json\/wp\/v2\/product\/35351","targetHints":{"allow":["GET"]}}],"collection":[{"href":"https:\/\/olemosaic.orbitalia.org\/fr\/wp-json\/wp\/v2\/product"}],"about":[{"href":"https:\/\/olemosaic.orbitalia.org\/fr\/wp-json\/wp\/v2\/types\/product"}],"wp:featuredmedia":[{"embeddable":true,"href":"https:\/\/olemosaic.orbitalia.org\/fr\/wp-json\/wp\/v2\/media\/13887"}],"wp:attachment":[{"href":"https:\/\/olemosaic.orbitalia.org\/fr\/wp-json\/wp\/v2\/media?parent=35351"}],"wp:term":[{"taxonomy":"product_brand","embeddable":true,"href":"https:\/\/olemosaic.orbitalia.org\/fr\/wp-json\/wp\/v2\/product_brand?post=35351"},{"taxonomy":"product_cat","embeddable":true,"href":"https:\/\/olemosaic.orbitalia.org\/fr\/wp-json\/wp\/v2\/product_cat?post=35351"},{"taxonomy":"product_tag","embeddable":true,"href":"https:\/\/olemosaic.orbitalia.org\/fr\/wp-json\/wp\/v2\/product_tag?post=35351"}],"curies":[{"name":"wp","href":"https:\/\/api.w.org\/{rel}","templated":true}]}}