{"id":35338,"date":"2025-02-20T23:37:15","date_gmt":"2025-02-20T22:37:15","guid":{"rendered":"https:\/\/olemosaic.orbitalia.org\/producto\/4-bols-de-coco-de-13-x-6-cm-salamandra-barcelona-4\/"},"modified":"2025-07-25T18:56:51","modified_gmt":"2025-07-25T16:56:51","slug":"4-bols-en-noix-de-coco-salamandre-barcelone","status":"publish","type":"product","link":"https:\/\/olemosaic.orbitalia.org\/fr\/produit\/4-bols-en-noix-de-coco-salamandre-barcelone\/","title":{"rendered":"4 Bols en noix de coco de 13 x 6 cm. Salamandre. Bleu, rose, jaune et rouge. Barcelone."},"content":{"rendered":"<p>Ce lot de 4 bols en noix de coco d\u00e9cor\u00e9s de motifs color\u00e9s de salamandres capture l&rsquo;essence vibrante de Barcelone. Chaque bol, de 13 x 6 cm, pr\u00e9sente un design unique fusionnant l&rsquo;artisanat traditionnel avec un style moderne, parfait pour tout foyer ou \u00e9v\u00e9nement. Les tons brillants de bleu, rose, jaune et rouge s&rsquo;entrelacent sur leurs surfaces, cr\u00e9ant une finition resplendissante qui souligne la texture naturelle de la noix de coco. Au centre de chaque bol, l&rsquo;inscription \u00ab Barcelona \u00bb ajoute une touche distinctive et authentique \u00e0 ces pi\u00e8ces d\u00e9coratives.<\/p>\n<p>Les salamandres, symboles de la culture m\u00e9diterran\u00e9enne, apportent un air joyeux et local, repr\u00e9sentant la diversit\u00e9 de la faune et la riche tradition de la cit\u00e9 comtale. Ces bols deviennent ainsi non seulement un ustensile fonctionnel pour servir des ap\u00e9ritifs, mais un authentique souvenir de Barcelone qui irradie chaleur et couleur. Id\u00e9al pour ceux qui recherchent un souvenir significatif, ce lot est une excellente option pour les boutiques de cadeaux touristiques, car il offre aux visiteurs de la ville une pi\u00e8ce unique \u00e9voquant les paysages et la culture catalane. Chez Ol\u00e9 Mosaic, en tant que distributeurs de souvenirs typiques, nous garantissons la qualit\u00e9 et la singularit\u00e9 de chaque produit, assurant que chaque bol soit un bijou qui r\u00e9sonnera dans le c\u0153ur de ceux qui les acqui\u00e8rent.<\/p>\n","protected":false},"excerpt":{"rendered":"<p>Bols en noix de coco de 13 x 6 cm d\u00e9cor\u00e9s de motifs color\u00e9s de salamandres, \u00e9voquant l&rsquo;essence de Barcelone. Chaque bol, avec un design unique dans les tons bleu, rose, jaune et rouge, pr\u00e9sente une finition brillante qui rehausse sa texture naturelle. Avec l&rsquo;inscription \u00ab\u00a0Barcelona\u00a0\u00bb au centre, ils sont id\u00e9aux comme pi\u00e8ces d\u00e9coratives ou pour servir des ap\u00e9ritifs. Ces bols originaux allient artisanat traditionnel et modernit\u00e9, parfaits pour ajouter une touche catalane \u00e0 votre foyer.<\/p>\n","protected":false},"featured_media":13884,"template":"","meta":{"_acf_changed":false},"product_brand":[],"product_cat":[521],"product_tag":[530],"class_list":{"0":"post-35338","1":"product","2":"type-product","3":"status-publish","4":"has-post-thumbnail","6":"product_cat-bols","7":"product_tag-animaux","8":"pa_ciudad-barcelona","9":"pa_motivo-salamandres","10":"pa_pais-espana","12":"first","13":"instock","14":"shipping-taxable","15":"product-type-simple"},"acf":[],"_links":{"self":[{"href":"https:\/\/olemosaic.orbitalia.org\/fr\/wp-json\/wp\/v2\/product\/35338","targetHints":{"allow":["GET"]}}],"collection":[{"href":"https:\/\/olemosaic.orbitalia.org\/fr\/wp-json\/wp\/v2\/product"}],"about":[{"href":"https:\/\/olemosaic.orbitalia.org\/fr\/wp-json\/wp\/v2\/types\/product"}],"wp:featuredmedia":[{"embeddable":true,"href":"https:\/\/olemosaic.orbitalia.org\/fr\/wp-json\/wp\/v2\/media\/13884"}],"wp:attachment":[{"href":"https:\/\/olemosaic.orbitalia.org\/fr\/wp-json\/wp\/v2\/media?parent=35338"}],"wp:term":[{"taxonomy":"product_brand","embeddable":true,"href":"https:\/\/olemosaic.orbitalia.org\/fr\/wp-json\/wp\/v2\/product_brand?post=35338"},{"taxonomy":"product_cat","embeddable":true,"href":"https:\/\/olemosaic.orbitalia.org\/fr\/wp-json\/wp\/v2\/product_cat?post=35338"},{"taxonomy":"product_tag","embeddable":true,"href":"https:\/\/olemosaic.orbitalia.org\/fr\/wp-json\/wp\/v2\/product_tag?post=35338"}],"curies":[{"name":"wp","href":"https:\/\/api.w.org\/{rel}","templated":true}]}}