{"id":35319,"date":"2025-02-20T22:37:14","date_gmt":"2025-02-20T22:37:14","guid":{"rendered":"https:\/\/olemosaic.orbitalia.org\/producto\/bola-de-navidad-con-caja-flores\/"},"modified":"2025-07-25T18:53:11","modified_gmt":"2025-07-25T16:53:11","slug":"boule-de-noel-avec-boite-fleurs","status":"publish","type":"product","link":"https:\/\/olemosaic.orbitalia.org\/fr\/produit\/boule-de-noel-avec-boite-fleurs\/","title":{"rendered":"Boule de No\u00ebl avec bo\u00eete. Fleurs."},"content":{"rendered":"<p>Boule de No\u00ebl d\u00e9corative en c\u00e9ramique, inspir\u00e9e par les mosa\u00efques florales vibrantes, pr\u00e9sent\u00e9e dans une \u00e9l\u00e9gante bo\u00eete. Cet ornement de No\u00ebl exquis capture l&rsquo;essence de la culture et de l&rsquo;art andalous, soulignant son caract\u00e8re festif et color\u00e9. La boule de No\u00ebl arbore un design spectaculaire qui combine des tons bleus, jaunes et rouges, rappelant les mosa\u00efques en c\u00e9ramique qui ornent de nombreux patios andalous, \u00e9voquant la joie et la chaleur des c\u00e9l\u00e9brations traditionnelles. Chaque fleur est m\u00e9ticuleusement repr\u00e9sent\u00e9e dans un motif brillant, cr\u00e9ant une symphonie de couleurs qui apporte une touche de charme \u00e0 n&rsquo;importe quel sapin de No\u00ebl.<\/p>\n<p>La forme arrondie de la boule \u00e9voque les d\u00e9corations de No\u00ebl classiques, tandis que le ruban rose facilite sa mise en place, ajoutant un accent joyeux et moderne. Cet article n&rsquo;est pas seulement un bel ornement, mais agit \u00e9galement comme un souvenir repr\u00e9sentatif qui permet aux touristes d&#8217;emporter un morceau du riche h\u00e9ritage culturel espagnol. Id\u00e9ale pour ceux qui recherchent des souvenirs en c\u00e9ramique authentiques, cette boule de No\u00ebl est une excellente option pour les magasins de cadeaux touristiques. Chez Ol\u00e9 Mosaic, en tant que grossistes de produits artisanaux, nous sommes fiers d&rsquo;offrir des articles uniques qui soulignent la magie des festivit\u00e9s, parfaits pour ceux qui souhaitent se souvenir de leur visite en Andalousie.<\/p>\n","protected":false},"excerpt":{"rendered":"<p>Boule de No\u00ebl en c\u00e9ramique, pr\u00e9sent\u00e9e dans une bo\u00eete \u00e9l\u00e9gante. Son design color\u00e9 s&rsquo;inspire des mosa\u00efques florales vibrantes, combinant des tons bleus, jaunes et rouges. La d\u00e9coration capture l&rsquo;essence artistique des festivit\u00e9s comme celles de l&rsquo;Andalousie, avec une forme arrondie qui rappelle les d\u00e9corations traditionnelles. De plus, elle comprend un ruban rose qui facilite sa mise en place comme ornement de No\u00ebl, apportant une touche joyeuse \u00e0 n&rsquo;importe quel sapin.<\/p>\n","protected":false},"featured_media":9748,"template":"","meta":{"_acf_changed":false},"product_brand":[],"product_cat":[659],"product_tag":[646],"class_list":{"0":"post-35319","1":"product","2":"type-product","3":"status-publish","4":"has-post-thumbnail","6":"product_cat-boules-de-noel","7":"product_tag-noel","8":"pa_motivo-fleurs","10":"first","11":"instock","12":"shipping-taxable","13":"product-type-simple"},"acf":[],"_links":{"self":[{"href":"https:\/\/olemosaic.orbitalia.org\/fr\/wp-json\/wp\/v2\/product\/35319","targetHints":{"allow":["GET"]}}],"collection":[{"href":"https:\/\/olemosaic.orbitalia.org\/fr\/wp-json\/wp\/v2\/product"}],"about":[{"href":"https:\/\/olemosaic.orbitalia.org\/fr\/wp-json\/wp\/v2\/types\/product"}],"wp:featuredmedia":[{"embeddable":true,"href":"https:\/\/olemosaic.orbitalia.org\/fr\/wp-json\/wp\/v2\/media\/9748"}],"wp:attachment":[{"href":"https:\/\/olemosaic.orbitalia.org\/fr\/wp-json\/wp\/v2\/media?parent=35319"}],"wp:term":[{"taxonomy":"product_brand","embeddable":true,"href":"https:\/\/olemosaic.orbitalia.org\/fr\/wp-json\/wp\/v2\/product_brand?post=35319"},{"taxonomy":"product_cat","embeddable":true,"href":"https:\/\/olemosaic.orbitalia.org\/fr\/wp-json\/wp\/v2\/product_cat?post=35319"},{"taxonomy":"product_tag","embeddable":true,"href":"https:\/\/olemosaic.orbitalia.org\/fr\/wp-json\/wp\/v2\/product_tag?post=35319"}],"curies":[{"name":"wp","href":"https:\/\/api.w.org\/{rel}","templated":true}]}}