{"id":35309,"date":"2025-02-20T22:37:13","date_gmt":"2025-02-20T22:37:13","guid":{"rendered":"https:\/\/olemosaic.orbitalia.org\/producto\/bola-de-navidad-con-caja-gato-lanzarote\/"},"modified":"2025-07-25T18:54:17","modified_gmt":"2025-07-25T16:54:17","slug":"boule-de-noel-avec-boite-chat-lanzarote","status":"publish","type":"product","link":"https:\/\/olemosaic.orbitalia.org\/fr\/produit\/boule-de-noel-avec-boite-chat-lanzarote\/","title":{"rendered":"Boule de No\u00ebl avec bo\u00eete. Chat. Lanzarote."},"content":{"rendered":"<p>Cette boule de No\u00ebl d\u00e9corative est le compl\u00e9ment parfait pour orner votre sapin pendant ces f\u00eates. Inspir\u00e9e par la riche faune de Lanzarote et \u00e9labor\u00e9e avec un design de mosa\u00efque vibrant, la boule pr\u00e9sente deux chats color\u00e9s qui capturent l&rsquo;essence festive et la cr\u00e9ativit\u00e9 artistique de l&rsquo;art canarien. Le fond blanc simule les fentes caract\u00e9ristiques de la pierre volcanique de l&rsquo;\u00eele, cr\u00e9ant un beau contraste qui fait ressortir les couleurs exub\u00e9rantes des chats, orn\u00e9s de motifs g\u00e9om\u00e9triques \u00e9voquant la tradition locale.<\/p>\n<p>Le ruban rose qui accompagne cette pi\u00e8ce apporte non seulement une touche ornementale, mais facilite \u00e9galement son accrochage, en faisant une option pratique et esth\u00e9tique pour vos d\u00e9corations de No\u00ebl. Cette boule de No\u00ebl, livr\u00e9e dans une bo\u00eete \u00e9l\u00e9gante, se pr\u00e9sente comme un cadeau id\u00e9al pour ceux qui cherchent \u00e0 se souvenir du charme des \u00eeles Canaries pendant les festivit\u00e9s.<\/p>\n<p>En tant que distributeurs de souvenirs en gros, chez Ol\u00e9 Mosaic, nous proposons des produits qui c\u00e9l\u00e8brent l&rsquo;authenticit\u00e9 culturelle, et cette boule de No\u00ebl en est un parfait exemple. C&rsquo;est une excellente opportunit\u00e9 pour les boutiques de cadeaux touristiques d&rsquo;\u00e9largir leur offre avec des articles qui sont plus que de simples ornements : ce sont des souvenirs vibrants et authentiques de Lanzarote.<\/p>\n","protected":false},"excerpt":{"rendered":"<p>Boule de No\u00ebl d\u00e9corative, id\u00e9ale pour orner votre sapin pendant ces f\u00eates. Cette pi\u00e8ce, inspir\u00e9e de la faune de Lanzarote, pr\u00e9sente des illustrations de deux chats color\u00e9s, \u00e9labor\u00e9es avec un design de mosa\u00efque \u00e9voquant l&rsquo;art local. Avec un fond blanc simulant les fentes de la pierre volcanique et un ruban rose pour l&rsquo;accrocher, cette boule ajoute une touche vibrante et festive \u00e0 votre c\u00e9l\u00e9bration de No\u00ebl. Parfaite pour se souvenir du charme des \u00eeles Canaries.<\/p>\n","protected":false},"featured_media":13871,"template":"","meta":{"_acf_changed":false},"product_brand":[],"product_cat":[659],"product_tag":[530,646],"class_list":{"0":"post-35309","1":"product","2":"type-product","3":"status-publish","4":"has-post-thumbnail","6":"product_cat-boules-de-noel","7":"product_tag-animaux","8":"product_tag-noel","9":"pa_ciudad-lanzarote","10":"pa_motivo-chats","11":"pa_pais-espana","13":"first","14":"instock","15":"shipping-taxable","16":"product-type-simple"},"acf":[],"_links":{"self":[{"href":"https:\/\/olemosaic.orbitalia.org\/fr\/wp-json\/wp\/v2\/product\/35309","targetHints":{"allow":["GET"]}}],"collection":[{"href":"https:\/\/olemosaic.orbitalia.org\/fr\/wp-json\/wp\/v2\/product"}],"about":[{"href":"https:\/\/olemosaic.orbitalia.org\/fr\/wp-json\/wp\/v2\/types\/product"}],"wp:featuredmedia":[{"embeddable":true,"href":"https:\/\/olemosaic.orbitalia.org\/fr\/wp-json\/wp\/v2\/media\/13871"}],"wp:attachment":[{"href":"https:\/\/olemosaic.orbitalia.org\/fr\/wp-json\/wp\/v2\/media?parent=35309"}],"wp:term":[{"taxonomy":"product_brand","embeddable":true,"href":"https:\/\/olemosaic.orbitalia.org\/fr\/wp-json\/wp\/v2\/product_brand?post=35309"},{"taxonomy":"product_cat","embeddable":true,"href":"https:\/\/olemosaic.orbitalia.org\/fr\/wp-json\/wp\/v2\/product_cat?post=35309"},{"taxonomy":"product_tag","embeddable":true,"href":"https:\/\/olemosaic.orbitalia.org\/fr\/wp-json\/wp\/v2\/product_tag?post=35309"}],"curies":[{"name":"wp","href":"https:\/\/api.w.org\/{rel}","templated":true}]}}