{"id":35282,"date":"2025-02-20T23:37:12","date_gmt":"2025-02-20T22:37:12","guid":{"rendered":"https:\/\/olemosaic.orbitalia.org\/producto\/bola-de-navidad-con-caja-caballito-de-mar-tenerife\/"},"modified":"2025-07-25T18:40:23","modified_gmt":"2025-07-25T16:40:23","slug":"boule-de-noel-avec-boite-hippocampe-tenerife","status":"publish","type":"product","link":"https:\/\/olemosaic.orbitalia.org\/fr\/produit\/boule-de-noel-avec-boite-hippocampe-tenerife\/","title":{"rendered":"Boule de No\u00ebl avec bo\u00eete. Hippocampe. Tenerife."},"content":{"rendered":"<p>D\u00e9couvrez notre exquise boule de No\u00ebl d\u00e9corative, inspir\u00e9e par la beaut\u00e9 magique de Tenerife et pr\u00e9sent\u00e9e dans une bo\u00eete \u00e9l\u00e9gante qui rehausse son charme. Cette pi\u00e8ce, fabriqu\u00e9e en c\u00e9ramique, se distingue par son design vibrant de mosa\u00efque peinte \u00e0 la main, o\u00f9 sont repr\u00e9sent\u00e9s des hippocampes color\u00e9s dans les tons bleus, rouges et verts. Chaque d\u00e9tail a \u00e9t\u00e9 soigneusement \u00e9labor\u00e9, capturant l&rsquo;essence de l&rsquo;esprit marin de l&rsquo;\u00eele et sa riche biodiversit\u00e9. Le nom \u00ab\u00a0Tenerife\u00a0\u00bb est affich\u00e9 dans un style moderne, s&rsquo;int\u00e9grant parfaitement \u00e0 la d\u00e9coration, ce qui en fait un souvenir exceptionnel qui non seulement embellira votre sapin de No\u00ebl, mais \u00e9voquera \u00e9galement de bons souvenirs de votre visite sur cette \u00eele des Canaries.<\/p>\n<p>L&rsquo;hippocampe, symbole de tranquillit\u00e9 et de connexion avec l&rsquo;oc\u00e9an, est un motif r\u00e9current dans l&rsquo;artisanat local, manifestant la relation \u00e9troite de Tenerife avec son environnement naturel. Cette boule de No\u00ebl n&rsquo;est pas seulement un ornement, mais un v\u00e9ritable rappel des traditions canariennes et de leur patrimoine culturel. Chez Ol\u00e9 Mosaic, nous disposons d&rsquo;une large gamme de souvenirs de Tenerife id\u00e9aux pour les boutiques de cadeaux touristiques, offrant des produits de qualit\u00e9 et de pertinence culturelle \u00e0 tous les visiteurs. Cet ornement repr\u00e9sente une excellente option pour ceux qui recherchent des souvenirs authentiques de leur exp\u00e9rience aux \u00eeles Canaries.<\/p>\n","protected":false},"excerpt":{"rendered":"<p>Boule de No\u00ebl d\u00e9corative pr\u00e9sent\u00e9e dans une bo\u00eete \u00e9l\u00e9gante, inspir\u00e9e par la splendeur de Tenerife. Cet ornement, \u00e9labor\u00e9 en c\u00e9ramique, pr\u00e9sente des hippocampes color\u00e9s dans un design de mosa\u00efque artisanal, peint \u00e0 la main, avec des tons vibrants de bleu, rouge et vert. La boule affiche le nom \u00ab\u00a0Tenerife\u00a0\u00bb dans un style moderne, int\u00e9grant des \u00e9l\u00e9ments symboliques qui refl\u00e8tent la beaut\u00e9 marine de l&rsquo;\u00eele, id\u00e9ale pour d\u00e9corer votre sapin de No\u00ebl avec une touche canarienne.<\/p>\n","protected":false},"featured_media":13865,"template":"","meta":{"_acf_changed":false},"product_brand":[],"product_cat":[659],"product_tag":[530,646],"class_list":{"0":"post-35282","1":"product","2":"type-product","3":"status-publish","4":"has-post-thumbnail","6":"product_cat-boules-de-noel","7":"product_tag-animaux","8":"product_tag-noel","9":"pa_ciudad-tenerife","10":"pa_motivo-hippocampes","11":"pa_pais-espana","13":"first","14":"instock","15":"shipping-taxable","16":"product-type-simple"},"acf":[],"_links":{"self":[{"href":"https:\/\/olemosaic.orbitalia.org\/fr\/wp-json\/wp\/v2\/product\/35282","targetHints":{"allow":["GET"]}}],"collection":[{"href":"https:\/\/olemosaic.orbitalia.org\/fr\/wp-json\/wp\/v2\/product"}],"about":[{"href":"https:\/\/olemosaic.orbitalia.org\/fr\/wp-json\/wp\/v2\/types\/product"}],"wp:featuredmedia":[{"embeddable":true,"href":"https:\/\/olemosaic.orbitalia.org\/fr\/wp-json\/wp\/v2\/media\/13865"}],"wp:attachment":[{"href":"https:\/\/olemosaic.orbitalia.org\/fr\/wp-json\/wp\/v2\/media?parent=35282"}],"wp:term":[{"taxonomy":"product_brand","embeddable":true,"href":"https:\/\/olemosaic.orbitalia.org\/fr\/wp-json\/wp\/v2\/product_brand?post=35282"},{"taxonomy":"product_cat","embeddable":true,"href":"https:\/\/olemosaic.orbitalia.org\/fr\/wp-json\/wp\/v2\/product_cat?post=35282"},{"taxonomy":"product_tag","embeddable":true,"href":"https:\/\/olemosaic.orbitalia.org\/fr\/wp-json\/wp\/v2\/product_tag?post=35282"}],"curies":[{"name":"wp","href":"https:\/\/api.w.org\/{rel}","templated":true}]}}