{"id":35266,"date":"2025-02-20T22:37:11","date_gmt":"2025-02-20T22:37:11","guid":{"rendered":"https:\/\/olemosaic.orbitalia.org\/producto\/bola-de-navidad-con-caja-motivos-marinos-fuerteventura\/"},"modified":"2025-07-25T19:12:52","modified_gmt":"2025-07-25T17:12:52","slug":"boule-de-noel-avec-boite-motifs-marins-fuerteventura","status":"publish","type":"product","link":"https:\/\/olemosaic.orbitalia.org\/fr\/produit\/boule-de-noel-avec-boite-motifs-marins-fuerteventura\/","title":{"rendered":"Boule de No\u00ebl avec bo\u00eete. Motifs marins. Fuerteventura."},"content":{"rendered":"<p>Cette boule de No\u00ebl d\u00e9corative est un pr\u00e9cieux souvenir de Fuerteventura, inspir\u00e9e par l&rsquo;impressionnante vie marine qui entoure les \u00eeles Canaries. Avec un design joyeux et vibrant, la boule pr\u00e9sente des tortues marines et des \u00e9l\u00e9ments color\u00e9s des fonds marins, le tout sur un fond bleu qui \u00e9voque la s\u00e9r\u00e9nit\u00e9 et la beaut\u00e9 de l&rsquo;oc\u00e9an. Cette pi\u00e8ce artisanale n&rsquo;est pas seulement une d\u00e9coration de No\u00ebl, mais un pont culturel qui relie les visiteurs \u00e0 la richesse naturelle de Fuerteventura, c\u00e9l\u00e8bre pour ses eaux cristallines et sa riche biodiversit\u00e9.<\/p>\n<p>La boule est pr\u00e9sent\u00e9e dans une bo\u00eete \u00e9l\u00e9gante, id\u00e9ale pour le rangement ou pour offrir, devenant un cadeau parfait pour ceux qui cherchent \u00e0 emporter un petit morceau des Canaries chez eux. Les motifs marins sont repr\u00e9sent\u00e9s de mani\u00e8re \u00e9labor\u00e9e, cr\u00e9ant un lien visuel avec la culture canarienne qui c\u00e9l\u00e8bre la vie oc\u00e9anique. Suspendre cette boule au sapin est une mani\u00e8re charmante de se souvenir des moments sp\u00e9ciaux pass\u00e9s sur les \u00eeles et de partager ces histoires avec ses amis et sa famille.<\/p>\n<p>Chez Ol\u00e9 Mosaic, nous nous consacrons \u00e0 offrir des souvenirs authentiques qui refl\u00e8tent la culture et la tradition de chaque r\u00e9gion. Cette boule de No\u00ebl repr\u00e9sente non seulement la beaut\u00e9 naturelle de Fuerteventura, mais aussi un souvenir significatif parfait pour les touristes \u00e0 la recherche d&rsquo;un souvenir unique. Avec notre offre de produits de qualit\u00e9 en gros, nous sommes le distributeur id\u00e9al pour les boutiques de cadeaux touristiques qui appr\u00e9cient l&rsquo;authenticit\u00e9 et l&rsquo;art.<\/p>\n","protected":false},"excerpt":{"rendered":"<p>Boule de No\u00ebl d\u00e9corative aux couleurs vibrantes, inspir\u00e9e par les motifs marins de Fuerteventura. Cette boule pr\u00e9sente un design joyeux avec des tortues marines et des \u00e9l\u00e9ments des fonds marins sur un fond bleu \u00e9voquant l&rsquo;oc\u00e9an. Elle est pr\u00e9sent\u00e9e dans une bo\u00eete, id\u00e9ale pour le rangement ou pour offrir. Une touche festive et traditionnelle qui rappelle la beaut\u00e9 naturelle des \u00eeles Canaries, parfaite pour d\u00e9corer votre sapin de No\u00ebl.<\/p>\n","protected":false},"featured_media":13859,"template":"","meta":{"_acf_changed":false},"product_brand":[],"product_cat":[659],"product_tag":[530,646],"class_list":{"0":"post-35266","1":"product","2":"type-product","3":"status-publish","4":"has-post-thumbnail","6":"product_cat-boules-de-noel","7":"product_tag-animaux","8":"product_tag-noel","9":"pa_ciudad-fuerteventura","10":"pa_motivo-animaux-marins","11":"pa_pais-espana","13":"first","14":"instock","15":"shipping-taxable","16":"product-type-simple"},"acf":[],"_links":{"self":[{"href":"https:\/\/olemosaic.orbitalia.org\/fr\/wp-json\/wp\/v2\/product\/35266","targetHints":{"allow":["GET"]}}],"collection":[{"href":"https:\/\/olemosaic.orbitalia.org\/fr\/wp-json\/wp\/v2\/product"}],"about":[{"href":"https:\/\/olemosaic.orbitalia.org\/fr\/wp-json\/wp\/v2\/types\/product"}],"wp:featuredmedia":[{"embeddable":true,"href":"https:\/\/olemosaic.orbitalia.org\/fr\/wp-json\/wp\/v2\/media\/13859"}],"wp:attachment":[{"href":"https:\/\/olemosaic.orbitalia.org\/fr\/wp-json\/wp\/v2\/media?parent=35266"}],"wp:term":[{"taxonomy":"product_brand","embeddable":true,"href":"https:\/\/olemosaic.orbitalia.org\/fr\/wp-json\/wp\/v2\/product_brand?post=35266"},{"taxonomy":"product_cat","embeddable":true,"href":"https:\/\/olemosaic.orbitalia.org\/fr\/wp-json\/wp\/v2\/product_cat?post=35266"},{"taxonomy":"product_tag","embeddable":true,"href":"https:\/\/olemosaic.orbitalia.org\/fr\/wp-json\/wp\/v2\/product_tag?post=35266"}],"curies":[{"name":"wp","href":"https:\/\/api.w.org\/{rel}","templated":true}]}}