{"id":35265,"date":"2025-02-20T22:37:10","date_gmt":"2025-02-20T22:37:10","guid":{"rendered":"https:\/\/olemosaic.orbitalia.org\/producto\/bola-de-navidad-con-caja-motivos-marinos-mallorca\/"},"modified":"2025-07-25T19:58:30","modified_gmt":"2025-07-25T17:58:30","slug":"boule-de-noel-avec-boite-motifs-marins-majorque","status":"publish","type":"product","link":"https:\/\/olemosaic.orbitalia.org\/fr\/produit\/boule-de-noel-avec-boite-motifs-marins-majorque\/","title":{"rendered":"Boule de No\u00ebl avec bo\u00eete. Motifs marins. Majorque."},"content":{"rendered":"<p>Cette boule de No\u00ebl d\u00e9corative, inspir\u00e9e par la biodiversit\u00e9 marine de Majorque, est un magnifique exemple de la fa\u00e7on de capturer l&rsquo;essence de la M\u00e9diterran\u00e9e dans une pi\u00e8ce festive. Avec un design vibrant pr\u00e9sentant des tortues, des dauphins et d&rsquo;autres \u00e9l\u00e9ments caract\u00e9ristiques des fonds marins, la boule est orn\u00e9e d&rsquo;une palette de bleus intenses et de couleurs \u00e9clatantes qui \u00e9voquent la splendide c\u00f4te des Bal\u00e9ares. Le motif comprend des d\u00e9tails complexes de la vie marine, faisant de chaque d\u00e9coration un reflet du riche \u00e9cosyst\u00e8me de Majorque, id\u00e9al pour les amoureux de la nature et de la mer.<\/p>\n<p>Son \u00e9l\u00e9gante pr\u00e9sentation en bo\u00eete en fait un cadeau exceptionnel, parfait pour ceux qui recherchent un souvenir authentique de Majorque. Ce souvenir n&rsquo;est pas seulement une d\u00e9coration festive, mais aussi une c\u00e9l\u00e9bration de la vie c\u00f4ti\u00e8re, soulignant l&rsquo;importance culturelle et environnementale de la r\u00e9gion. Ol\u00e9 Mosaic est fier de proposer cette boule de No\u00ebl dans son catalogue de souvenirs, mettant en avant son authenticit\u00e9 et sa pertinence culturelle. C&rsquo;est un choix id\u00e9al pour les boutiques de cadeaux touristiques souhaitant offrir des produits qui connectent leurs clients \u00e0 la magie de Majorque. En tant que distributeurs de souvenirs de No\u00ebl, nous garantissons la qualit\u00e9 et l&rsquo;attrait de chaque pi\u00e8ce.<\/p>\n","protected":false},"excerpt":{"rendered":"<p>Boule de No\u00ebl d\u00e9corative aux couleurs vibrantes, inspir\u00e9e par la biodiversit\u00e9 marine de Majorque. Cette d\u00e9coration de No\u00ebl pr\u00e9sente un design joyeux avec des tortues, des dauphins et des \u00e9l\u00e9ments des fonds marins, le tout dans une palette de bleus et de couleurs \u00e9clatantes \u00e9voquant la M\u00e9diterran\u00e9e. La boule est pr\u00e9sent\u00e9e dans une bo\u00eete \u00e9l\u00e9gante, id\u00e9ale pour les d\u00e9corations festives et comme cadeau, soulignant l&rsquo;essence c\u00f4ti\u00e8re de l&rsquo;\u00eele des Bal\u00e9ares.<\/p>\n","protected":false},"featured_media":13858,"template":"","meta":{"_acf_changed":false},"product_brand":[],"product_cat":[659],"product_tag":[530,646],"class_list":{"0":"post-35265","1":"product","2":"type-product","3":"status-publish","4":"has-post-thumbnail","6":"product_cat-boules-de-noel","7":"product_tag-animaux","8":"product_tag-noel","9":"pa_ciudad-mallorca","10":"pa_motivo-animaux-marins","11":"pa_pais-espana","13":"first","14":"instock","15":"shipping-taxable","16":"product-type-simple"},"acf":[],"_links":{"self":[{"href":"https:\/\/olemosaic.orbitalia.org\/fr\/wp-json\/wp\/v2\/product\/35265","targetHints":{"allow":["GET"]}}],"collection":[{"href":"https:\/\/olemosaic.orbitalia.org\/fr\/wp-json\/wp\/v2\/product"}],"about":[{"href":"https:\/\/olemosaic.orbitalia.org\/fr\/wp-json\/wp\/v2\/types\/product"}],"wp:featuredmedia":[{"embeddable":true,"href":"https:\/\/olemosaic.orbitalia.org\/fr\/wp-json\/wp\/v2\/media\/13858"}],"wp:attachment":[{"href":"https:\/\/olemosaic.orbitalia.org\/fr\/wp-json\/wp\/v2\/media?parent=35265"}],"wp:term":[{"taxonomy":"product_brand","embeddable":true,"href":"https:\/\/olemosaic.orbitalia.org\/fr\/wp-json\/wp\/v2\/product_brand?post=35265"},{"taxonomy":"product_cat","embeddable":true,"href":"https:\/\/olemosaic.orbitalia.org\/fr\/wp-json\/wp\/v2\/product_cat?post=35265"},{"taxonomy":"product_tag","embeddable":true,"href":"https:\/\/olemosaic.orbitalia.org\/fr\/wp-json\/wp\/v2\/product_tag?post=35265"}],"curies":[{"name":"wp","href":"https:\/\/api.w.org\/{rel}","templated":true}]}}