{"id":35253,"date":"2025-02-20T22:37:09","date_gmt":"2025-02-20T22:37:09","guid":{"rendered":"https:\/\/olemosaic.orbitalia.org\/producto\/bola-de-navidad-con-caja-gato-gran-canaria\/"},"modified":"2025-07-25T19:18:02","modified_gmt":"2025-07-25T17:18:02","slug":"boule-de-noel-avec-boite-chat-gran-canaria","status":"publish","type":"product","link":"https:\/\/olemosaic.orbitalia.org\/fr\/produit\/boule-de-noel-avec-boite-chat-gran-canaria\/","title":{"rendered":"Boule de No\u00ebl avec bo\u00eete. Chat. Gran Canaria."},"content":{"rendered":"<p>Cette boule de No\u00ebl d\u00e9corative est un v\u00e9ritable hommage \u00e0 l&rsquo;art de Gran Canaria, ce qui en fait le souvenir parfait pour ceux qui souhaitent emporter un petit morceau de la culture canarienne. Fabriqu\u00e9e en c\u00e9ramique de haute qualit\u00e9, cette pi\u00e8ce se distingue par son design vibrant, qui pr\u00e9sente deux chats illustr\u00e9s sur une mosa\u00efque color\u00e9e aux tons vifs, \u00e9voquant la chaleur et la diversit\u00e9 de l&rsquo;\u00eele. Le fond est orn\u00e9 de fragments de c\u00e9ramique vari\u00e9s, cr\u00e9ant une texture visuellement riche qui souligne l&rsquo;h\u00e9ritage artistique de Gran Canaria.<\/p>\n<p>Le texte \u00ab\u00a0GRAN CANI\u00a0\u00bb appara\u00eet dans une typographie frappante, s&rsquo;int\u00e9grant de mani\u00e8re harmonieuse \u00e0 l&rsquo;illustration et capturant l&rsquo;essence du lieu. La boule est accompagn\u00e9e d&rsquo;un \u00e9l\u00e9gant ruban rouge, qui facilite son placement sur le sapin de No\u00ebl ou dans n&rsquo;importe quel coin festif de la maison. De plus, elle est pr\u00e9sent\u00e9e dans une bo\u00eete soign\u00e9e, id\u00e9ale pour offrir, apportant une touche d&rsquo;authenticit\u00e9 et de culture qui se d\u00e9marque dans toute c\u00e9l\u00e9bration.<\/p>\n<p>En tant que distributeurs de souvenirs authentiques provenant d&rsquo;Espagne, chez Ol\u00e9 Mosaic, nous proposons cette boule de No\u00ebl comme une excellente option pour les touristes et les boutiques de cadeaux touristiques qui recherchent des produits de qualit\u00e9 et une signification culturelle. Ce souvenir de Gran Canaria n&rsquo;orne pas seulement les foyers, mais repr\u00e9sente \u00e9galement un lien \u00e9motionnel avec la beaut\u00e9 et la tradition des \u00eeles Canaries, \u00e9tant un cadeau parfait pour cette saison festive.<\/p>\n","protected":false},"excerpt":{"rendered":"<p>Boule de No\u00ebl d\u00e9corative avec un design de chat, inspir\u00e9e de l&rsquo;art de Gran Canaria. Fabriqu\u00e9e en c\u00e9ramique, elle pr\u00e9sente une mosa\u00efque color\u00e9e illustrant deux chats dans des tons vibrants, sur un fond de fragments de c\u00e9ramique. Le texte \u00ab\u00a0GRAN CANI\u00a0\u00bb ressort avec une typographie frappante, et un ruban rouge permet de l&rsquo;accrocher facilement. Cette boule est pr\u00e9sent\u00e9e dans une \u00e9l\u00e9gante bo\u00eete, id\u00e9ale pour un cadeau de No\u00ebl authentique et culturel.<\/p>\n","protected":false},"featured_media":13852,"template":"","meta":{"_acf_changed":false},"product_brand":[],"product_cat":[659],"product_tag":[530,646],"class_list":{"0":"post-35253","1":"product","2":"type-product","3":"status-publish","4":"has-post-thumbnail","6":"product_cat-boules-de-noel","7":"product_tag-animaux","8":"product_tag-noel","9":"pa_ciudad-gran-canaria","10":"pa_motivo-chats","11":"pa_pais-espana","13":"first","14":"instock","15":"shipping-taxable","16":"product-type-simple"},"acf":[],"_links":{"self":[{"href":"https:\/\/olemosaic.orbitalia.org\/fr\/wp-json\/wp\/v2\/product\/35253","targetHints":{"allow":["GET"]}}],"collection":[{"href":"https:\/\/olemosaic.orbitalia.org\/fr\/wp-json\/wp\/v2\/product"}],"about":[{"href":"https:\/\/olemosaic.orbitalia.org\/fr\/wp-json\/wp\/v2\/types\/product"}],"wp:featuredmedia":[{"embeddable":true,"href":"https:\/\/olemosaic.orbitalia.org\/fr\/wp-json\/wp\/v2\/media\/13852"}],"wp:attachment":[{"href":"https:\/\/olemosaic.orbitalia.org\/fr\/wp-json\/wp\/v2\/media?parent=35253"}],"wp:term":[{"taxonomy":"product_brand","embeddable":true,"href":"https:\/\/olemosaic.orbitalia.org\/fr\/wp-json\/wp\/v2\/product_brand?post=35253"},{"taxonomy":"product_cat","embeddable":true,"href":"https:\/\/olemosaic.orbitalia.org\/fr\/wp-json\/wp\/v2\/product_cat?post=35253"},{"taxonomy":"product_tag","embeddable":true,"href":"https:\/\/olemosaic.orbitalia.org\/fr\/wp-json\/wp\/v2\/product_tag?post=35253"}],"curies":[{"name":"wp","href":"https:\/\/api.w.org\/{rel}","templated":true}]}}