{"id":35228,"date":"2025-02-20T22:37:08","date_gmt":"2025-02-20T22:37:08","guid":{"rendered":"https:\/\/olemosaic.orbitalia.org\/producto\/bola-de-navidad-con-caja-salamandra-y-flores-lanzarote\/"},"modified":"2025-07-25T18:46:17","modified_gmt":"2025-07-25T16:46:17","slug":"boule-de-noel-avec-boite-salamandre-et-fleurs-lanzarote","status":"publish","type":"product","link":"https:\/\/olemosaic.orbitalia.org\/fr\/produit\/boule-de-noel-avec-boite-salamandre-et-fleurs-lanzarote\/","title":{"rendered":"Boule de No\u00ebl avec bo\u00eete. Salamandre et fleurs. Lanzarote."},"content":{"rendered":"<p>Cette boule de No\u00ebl d\u00e9corative, pr\u00e9sent\u00e9e dans une bo\u00eete \u00e9l\u00e9gante, est un fid\u00e8le reflet de la culture vibrante de Lanzarote. Avec un design captivant comprenant une salamandre et des fleurs, cet ornement est fabriqu\u00e9 avec des mat\u00e9riaux c\u00e9ramiques de haute qualit\u00e9. La finition brillante rehausse l&rsquo;art de la mosa\u00efque caract\u00e9ristique de l&rsquo;\u00eele, avec des couleurs vibrantes dans une combinaison de vert, rouge et jaune sur un fond blanc qui rayonne de joie festive.<\/p>\n<p>La salamandre, symbole de la faune locale, apporte une touche distinctive qui relie la pi\u00e8ce \u00e0 la riche biodiversit\u00e9 de Lanzarote, tandis que les fleurs ajoutent une touche de fra\u00eecheur et de vitalit\u00e9. Ce souvenir n&rsquo;est pas seulement parfait pour d\u00e9corer votre sapin de No\u00ebl, mais sert \u00e9galement de pr\u00e9cieux souvenir de vos visites sur cette \u00eele canarienne unique.<\/p>\n<p>Chez Ol\u00e9 Mosaic, nous sommes fiers de proposer des produits authentiques qui capturent l&rsquo;essence culturelle de leurs r\u00e9gions. Cette boule de No\u00ebl est une excellente option pour les boutiques de cadeaux touristiques \u00e0 la recherche de souvenirs repr\u00e9sentatifs de Lanzarote. Id\u00e9al pour ceux qui souhaitent emporter un morceau de cette \u00eele magnifique, c&rsquo;est un produit qui met en valeur la chaleur et la couleur des c\u00e9l\u00e9brations de No\u00ebl, devenant un cadeau parfait pour les amis et la famille.<\/p>\n","protected":false},"excerpt":{"rendered":"<p>Boule de No\u00ebl d\u00e9corative avec bo\u00eete, inspir\u00e9e par la culture vibrante de Lanzarote. Cet ornement pr\u00e9sente un design color\u00e9 avec une salamandre et des fleurs, r\u00e9alis\u00e9 en c\u00e9ramique. La technique employ\u00e9e est une finition brillante qui \u00e9voque l&rsquo;art caract\u00e9ristique de la mosa\u00efque de l&rsquo;\u00eele, avec des d\u00e9tails en vert, rouge et jaune sur un fond blanc. Id\u00e9al pour ajouter une touche festive et repr\u00e9senter l&rsquo;essence de Lanzarote dans vos c\u00e9l\u00e9brations de No\u00ebl.<\/p>\n","protected":false},"featured_media":13847,"template":"","meta":{"_acf_changed":false},"product_brand":[],"product_cat":[659],"product_tag":[530,646],"class_list":{"0":"post-35228","1":"product","2":"type-product","3":"status-publish","4":"has-post-thumbnail","6":"product_cat-boules-de-noel","7":"product_tag-animaux","8":"product_tag-noel","9":"pa_ciudad-lanzarote","10":"pa_motivo-salamandres","11":"pa_pais-espana","13":"first","14":"instock","15":"shipping-taxable","16":"product-type-simple"},"acf":[],"_links":{"self":[{"href":"https:\/\/olemosaic.orbitalia.org\/fr\/wp-json\/wp\/v2\/product\/35228","targetHints":{"allow":["GET"]}}],"collection":[{"href":"https:\/\/olemosaic.orbitalia.org\/fr\/wp-json\/wp\/v2\/product"}],"about":[{"href":"https:\/\/olemosaic.orbitalia.org\/fr\/wp-json\/wp\/v2\/types\/product"}],"wp:featuredmedia":[{"embeddable":true,"href":"https:\/\/olemosaic.orbitalia.org\/fr\/wp-json\/wp\/v2\/media\/13847"}],"wp:attachment":[{"href":"https:\/\/olemosaic.orbitalia.org\/fr\/wp-json\/wp\/v2\/media?parent=35228"}],"wp:term":[{"taxonomy":"product_brand","embeddable":true,"href":"https:\/\/olemosaic.orbitalia.org\/fr\/wp-json\/wp\/v2\/product_brand?post=35228"},{"taxonomy":"product_cat","embeddable":true,"href":"https:\/\/olemosaic.orbitalia.org\/fr\/wp-json\/wp\/v2\/product_cat?post=35228"},{"taxonomy":"product_tag","embeddable":true,"href":"https:\/\/olemosaic.orbitalia.org\/fr\/wp-json\/wp\/v2\/product_tag?post=35228"}],"curies":[{"name":"wp","href":"https:\/\/api.w.org\/{rel}","templated":true}]}}