{"id":35213,"date":"2025-02-20T22:37:07","date_gmt":"2025-02-20T22:37:07","guid":{"rendered":"https:\/\/olemosaic.orbitalia.org\/producto\/bola-de-navidad-con-caja-mosaico-fuerteventura\/"},"modified":"2025-07-25T19:27:31","modified_gmt":"2025-07-25T17:27:31","slug":"boule-de-noel-avec-boite-mosaique-fuerteventura","status":"publish","type":"product","link":"https:\/\/olemosaic.orbitalia.org\/fr\/produit\/boule-de-noel-avec-boite-mosaique-fuerteventura\/","title":{"rendered":"Boule de No\u00ebl avec bo\u00eete. Mosa\u00efque. Fuerteventura."},"content":{"rendered":"<p>Ce charmant souvenir est une boule de No\u00ebl avec un design en mosa\u00efque inspir\u00e9 des couleurs vibrantes de Fuerteventura, l&rsquo;une des magnifiques \u00eeles de l&rsquo;archipel des Canaries. Cette d\u00e9coration festive pr\u00e9sente un collage attrayant de motifs g\u00e9om\u00e9triques dans une palette de tons bleus, orange et jaunes, qui \u00e9voquent le riche h\u00e9ritage culturel et la beaut\u00e9 naturelle de l&rsquo;\u00eele. L&rsquo;inscription \u00ab\u00a0Fuerteventura\u00a0\u00bb en lettres noires ressort de mani\u00e8re pro\u00e9minente dans le design, apportant une touche personnelle qui en fait un excellent souvenir de No\u00ebl pour ceux qui ont visit\u00e9 cette r\u00e9gion singuli\u00e8re.<\/p>\n<p>La mosa\u00efque de la boule refl\u00e8te la tradition artisanale qui caract\u00e9rise les \u00eeles Canaries, o\u00f9 les motifs g\u00e9om\u00e9triques sont embl\u00e9matiques de leur architecture et de leur artisanat. Cet \u00e9l\u00e9ment d\u00e9coratif n&#8217;embellit pas seulement le sapin de No\u00ebl, mais sert \u00e9galement de rappel tangible des moments sp\u00e9ciaux v\u00e9cus sur l&rsquo;\u00eele. Pr\u00e9sent\u00e9e dans une \u00e9l\u00e9gante bo\u00eete d\u00e9corative, cette boule de No\u00ebl est un cadeau id\u00e9al pour ceux qui recherchent des souvenirs de Fuerteventura, et son authenticit\u00e9 rehausse sa valeur culturelle en tant que souvenir repr\u00e9sentatif de la r\u00e9gion.<\/p>\n<p>Chez Ol\u00e9 Mosaic, nous nous sp\u00e9cialisons dans la distribution de souvenirs en gros, et cette boule de No\u00ebl est une magnifique option pour les boutiques de cadeaux touristiques. Ajoutez une touche de couleur et de tradition canarienne \u00e0 vos d\u00e9corations de No\u00ebl avec ce souvenir exclusif que vous c\u00e9l\u00e9brerez ann\u00e9e apr\u00e8s ann\u00e9e.<\/p>\n","protected":false},"excerpt":{"rendered":"<p>Boule de No\u00ebl avec design en mosa\u00efque, inspir\u00e9e des couleurs vibrantes de Fuerteventura. Cette d\u00e9coration festive pr\u00e9sente un collage de motifs g\u00e9om\u00e9triques dans des tons bleus, orange et jaunes, \u00e9voquant le riche h\u00e9ritage culturel des \u00eeles Canaries. Comprend une bo\u00eete d\u00e9corative, ce qui en fait un cadeau parfait. L&rsquo;inscription \u00ab\u00a0Fuerteventura\u00a0\u00bb en lettres noires se d\u00e9tache dans le design, ajoutant une touche personnelle \u00e0 vos d\u00e9corations de No\u00ebl.<\/p>\n","protected":false},"featured_media":13843,"template":"","meta":{"_acf_changed":false},"product_brand":[],"product_cat":[659],"product_tag":[646],"class_list":{"0":"post-35213","1":"product","2":"type-product","3":"status-publish","4":"has-post-thumbnail","6":"product_cat-boules-de-noel","7":"product_tag-noel","8":"pa_ciudad-fuerteventura","9":"pa_motivo-mosaique","10":"pa_pais-espana","12":"first","13":"instock","14":"shipping-taxable","15":"product-type-simple"},"acf":[],"_links":{"self":[{"href":"https:\/\/olemosaic.orbitalia.org\/fr\/wp-json\/wp\/v2\/product\/35213","targetHints":{"allow":["GET"]}}],"collection":[{"href":"https:\/\/olemosaic.orbitalia.org\/fr\/wp-json\/wp\/v2\/product"}],"about":[{"href":"https:\/\/olemosaic.orbitalia.org\/fr\/wp-json\/wp\/v2\/types\/product"}],"wp:featuredmedia":[{"embeddable":true,"href":"https:\/\/olemosaic.orbitalia.org\/fr\/wp-json\/wp\/v2\/media\/13843"}],"wp:attachment":[{"href":"https:\/\/olemosaic.orbitalia.org\/fr\/wp-json\/wp\/v2\/media?parent=35213"}],"wp:term":[{"taxonomy":"product_brand","embeddable":true,"href":"https:\/\/olemosaic.orbitalia.org\/fr\/wp-json\/wp\/v2\/product_brand?post=35213"},{"taxonomy":"product_cat","embeddable":true,"href":"https:\/\/olemosaic.orbitalia.org\/fr\/wp-json\/wp\/v2\/product_cat?post=35213"},{"taxonomy":"product_tag","embeddable":true,"href":"https:\/\/olemosaic.orbitalia.org\/fr\/wp-json\/wp\/v2\/product_tag?post=35213"}],"curies":[{"name":"wp","href":"https:\/\/api.w.org\/{rel}","templated":true}]}}