{"id":35211,"date":"2025-02-20T22:37:07","date_gmt":"2025-02-20T22:37:07","guid":{"rendered":"https:\/\/olemosaic.orbitalia.org\/producto\/bola-de-navidad-con-caja-sardinas\/"},"modified":"2025-07-25T19:15:17","modified_gmt":"2025-07-25T17:15:17","slug":"boule-de-noel-avec-boite-sardines","status":"publish","type":"product","link":"https:\/\/olemosaic.orbitalia.org\/fr\/produit\/boule-de-noel-avec-boite-sardines\/","title":{"rendered":"Boule de No\u00ebl avec bo\u00eete. Sardines."},"content":{"rendered":"<p>Cette boule de No\u00ebl avec bo\u00eete est un ornement festif qui capture l&rsquo;essence de la culture m\u00e9diterran\u00e9enne \u00e0 travers un design vibrant et color\u00e9, id\u00e9al pour embellir n&rsquo;importe quel sapin de No\u00ebl. D\u00e9cor\u00e9e d&rsquo;une sardine jaune frappante, elle se d\u00e9tache sur un fond de carreaux de fa\u00efence dans des tons bleus et blancs, \u00e9voquant les c\u00f4tes pittoresques de l&rsquo;Espagne et sa riche tradition de p\u00eache. La sardine, symbole de la gastronomie m\u00e9diterran\u00e9enne, n&rsquo;ajoute pas seulement une touche ludique, mais repr\u00e9sente \u00e9galement un \u00e9l\u00e9ment embl\u00e9matique de la culture locale.<\/p>\n<p>Le plastique de haute qualit\u00e9 garantit sa durabilit\u00e9, tandis que la bo\u00eete de pr\u00e9sentation soign\u00e9e en fait un cadeau parfait, tout en facilitant son rangement apr\u00e8s la saison de No\u00ebl. Cet ornement n&rsquo;est pas seulement un choix esth\u00e9tique, mais repr\u00e9sente \u00e9galement un souvenir authentique et significatif, id\u00e9al pour les touristes \u00e0 la recherche de souvenirs refl\u00e9tant l&rsquo;h\u00e9ritage culturel et les traditions de l&rsquo;Espagne.<\/p>\n<p>Chez Ol\u00e9 Mosaic, nous sommes sp\u00e9cialistes de la distribution de souvenirs en gros, et cet ornement de No\u00ebl est une excellente option pour les boutiques de cadeaux touristiques \u00e0 la recherche de produits uniques et repr\u00e9sentatifs. Avec son design attrayant et son lien culturel, cette boule de No\u00ebl avec sardines se positionne comme un excellent souvenir, apportant une touche festive et culturelle \u00e0 la saison de No\u00ebl.<\/p>\n","protected":false},"excerpt":{"rendered":"<p>Boule de No\u00ebl avec bo\u00eete, d\u00e9cor\u00e9e d&rsquo;une sardine color\u00e9e sur un fond de carreaux de fa\u00efence. Cet ornement de No\u00ebl en plastique pr\u00e9sente un design vibrant, avec une sardine jaune qui se d\u00e9tache sur un motif bleu et blanc, \u00e9voquant la tradition de p\u00eache des c\u00f4tes espagnoles. Parfaite pour donner une touche festive et culturelle \u00e0 votre sapin de No\u00ebl, cette boule comprend une bo\u00eete de pr\u00e9sentation id\u00e9ale pour offrir ou ranger.<\/p>\n","protected":false},"featured_media":9828,"template":"","meta":{"_acf_changed":false},"product_brand":[],"product_cat":[659],"product_tag":[530,646],"class_list":{"0":"post-35211","1":"product","2":"type-product","3":"status-publish","4":"has-post-thumbnail","6":"product_cat-boules-de-noel","7":"product_tag-animaux","8":"product_tag-noel","9":"pa_motivo-sardines","11":"first","12":"instock","13":"shipping-taxable","14":"product-type-simple"},"acf":[],"_links":{"self":[{"href":"https:\/\/olemosaic.orbitalia.org\/fr\/wp-json\/wp\/v2\/product\/35211","targetHints":{"allow":["GET"]}}],"collection":[{"href":"https:\/\/olemosaic.orbitalia.org\/fr\/wp-json\/wp\/v2\/product"}],"about":[{"href":"https:\/\/olemosaic.orbitalia.org\/fr\/wp-json\/wp\/v2\/types\/product"}],"wp:featuredmedia":[{"embeddable":true,"href":"https:\/\/olemosaic.orbitalia.org\/fr\/wp-json\/wp\/v2\/media\/9828"}],"wp:attachment":[{"href":"https:\/\/olemosaic.orbitalia.org\/fr\/wp-json\/wp\/v2\/media?parent=35211"}],"wp:term":[{"taxonomy":"product_brand","embeddable":true,"href":"https:\/\/olemosaic.orbitalia.org\/fr\/wp-json\/wp\/v2\/product_brand?post=35211"},{"taxonomy":"product_cat","embeddable":true,"href":"https:\/\/olemosaic.orbitalia.org\/fr\/wp-json\/wp\/v2\/product_cat?post=35211"},{"taxonomy":"product_tag","embeddable":true,"href":"https:\/\/olemosaic.orbitalia.org\/fr\/wp-json\/wp\/v2\/product_tag?post=35211"}],"curies":[{"name":"wp","href":"https:\/\/api.w.org\/{rel}","templated":true}]}}