{"id":35210,"date":"2025-02-20T23:37:07","date_gmt":"2025-02-20T22:37:07","guid":{"rendered":"https:\/\/olemosaic.orbitalia.org\/producto\/bola-de-navidad-con-caja-sagrada-familia-barcelona-3\/"},"modified":"2025-07-25T18:49:10","modified_gmt":"2025-07-25T16:49:10","slug":"boule-de-noel-avec-boite-sagrada-familia-barcelone-3","status":"publish","type":"product","link":"https:\/\/olemosaic.orbitalia.org\/fr\/produit\/boule-de-noel-avec-boite-sagrada-familia-barcelone-3\/","title":{"rendered":"Boule de No\u00ebl avec bo\u00eete. Mosa\u00efque. Sagrada Familia. Barcelone."},"content":{"rendered":"<p>Cet ornement de No\u00ebl \u00e9labor\u00e9 est une boule de No\u00ebl avec bo\u00eete, d\u00e9cor\u00e9e d&rsquo;une illustration vibrante de l&rsquo;iconique Sagrada Familia de Barcelone, un chef-d&rsquo;\u0153uvre du g\u00e9nie architectural Antoni Gaud\u00ed. La boule, de forme sph\u00e9rique et r\u00e9alis\u00e9e en c\u00e9ramique, pr\u00e9sente une explosion de couleurs qui \u00e9voque la majest\u00e9 de cette basilique, avec des tons jaunes, rouges et verts refl\u00e9tant le style moderniste catalan. L&rsquo;image artistique est entour\u00e9e d&rsquo;\u00e9l\u00e9gantes mosa\u00efques qui, associ\u00e9es \u00e0 son design dynamique, captent l&rsquo;attention et transportent les visiteurs dans les rues color\u00e9es de la cit\u00e9 comtale.<\/p>\n<p>Cet ornement est non seulement id\u00e9al pour embellir le sapin de No\u00ebl, mais il est \u00e9galement pr\u00e9sent\u00e9 dans une bo\u00eete \u00e9l\u00e9gante qui en fait un cadeau parfait, apportant une touche festive \u00e0 n&rsquo;importe quel foyer. La Sagrada Familia est un symbole incontestable de Barcelone et repr\u00e9sente le riche h\u00e9ritage culturel et architectural de la r\u00e9gion, \u00e9tant un rappel tangible de la splendeur et de la cr\u00e9ativit\u00e9 qui caract\u00e9risent cette ville.<\/p>\n<p>Chez Ol\u00e9 Mosaic, nous nous sp\u00e9cialisons dans la distribution de souvenirs en gros, et cette boule de No\u00ebl est une option exceptionnelle pour les boutiques de cadeaux touristiques. De plus, son authenticit\u00e9 et sa pertinence culturelle en font un merveilleux souvenir de Barcelone que les touristes emporteront avec affection. En tant que grossistes de produits artisanaux, nous garantissons la qualit\u00e9 et le design de chaque pi\u00e8ce, faisant de ce souvenir un choix imbattable pour ceux qui cherchent \u00e0 ramener un petit morceau d&rsquo;Espagne chez eux.<\/p>\n","protected":false},"excerpt":{"rendered":"<p>Boule de No\u00ebl avec bo\u00eete, d\u00e9cor\u00e9e d&rsquo;une illustration color\u00e9e de la Sagrada Familia \u00e0 Barcelone. Cet ornement de No\u00ebl, de forme sph\u00e9rique et r\u00e9alis\u00e9 en c\u00e9ramique, pr\u00e9sente des couleurs vibrantes repr\u00e9sentant l&rsquo;iconique basilique con\u00e7ue par Antoni Gaud\u00ed, ainsi que des mosa\u00efques dans des tons jaunes, rouges et verts \u00e9voquant le style moderniste catalan. La boule est id\u00e9ale pour donner une touche festive \u00e0 n&rsquo;importe quel foyer et est pr\u00e9sent\u00e9e dans une bo\u00eete \u00e9l\u00e9gante, parfaite pour offrir.<\/p>\n","protected":false},"featured_media":13841,"template":"","meta":{"_acf_changed":false},"product_brand":[],"product_cat":[659],"product_tag":[646],"class_list":{"0":"post-35210","1":"product","2":"type-product","3":"status-publish","4":"has-post-thumbnail","6":"product_cat-boules-de-noel","7":"product_tag-noel","8":"pa_ciudad-barcelona","9":"pa_motivo-sagrada-familia","10":"pa_pais-espana","12":"first","13":"instock","14":"shipping-taxable","15":"product-type-simple"},"acf":[],"_links":{"self":[{"href":"https:\/\/olemosaic.orbitalia.org\/fr\/wp-json\/wp\/v2\/product\/35210","targetHints":{"allow":["GET"]}}],"collection":[{"href":"https:\/\/olemosaic.orbitalia.org\/fr\/wp-json\/wp\/v2\/product"}],"about":[{"href":"https:\/\/olemosaic.orbitalia.org\/fr\/wp-json\/wp\/v2\/types\/product"}],"wp:featuredmedia":[{"embeddable":true,"href":"https:\/\/olemosaic.orbitalia.org\/fr\/wp-json\/wp\/v2\/media\/13841"}],"wp:attachment":[{"href":"https:\/\/olemosaic.orbitalia.org\/fr\/wp-json\/wp\/v2\/media?parent=35210"}],"wp:term":[{"taxonomy":"product_brand","embeddable":true,"href":"https:\/\/olemosaic.orbitalia.org\/fr\/wp-json\/wp\/v2\/product_brand?post=35210"},{"taxonomy":"product_cat","embeddable":true,"href":"https:\/\/olemosaic.orbitalia.org\/fr\/wp-json\/wp\/v2\/product_cat?post=35210"},{"taxonomy":"product_tag","embeddable":true,"href":"https:\/\/olemosaic.orbitalia.org\/fr\/wp-json\/wp\/v2\/product_tag?post=35210"}],"curies":[{"name":"wp","href":"https:\/\/api.w.org\/{rel}","templated":true}]}}