{"id":35196,"date":"2025-02-20T23:37:06","date_gmt":"2025-02-20T22:37:06","guid":{"rendered":"https:\/\/olemosaic.orbitalia.org\/producto\/bol-de-coco-rojo-sardina-lisboa-6\/"},"modified":"2025-07-25T20:20:07","modified_gmt":"2025-07-25T18:20:07","slug":"bol-noix-de-coco-rouge-sardine-lisbonne-6","status":"publish","type":"product","link":"https:\/\/olemosaic.orbitalia.org\/fr\/produit\/bol-noix-de-coco-rouge-sardine-lisbonne-6\/","title":{"rendered":"Bol en noix de coco rouge. Sardine. Motif c\u0153urs. Lisbonne."},"content":{"rendered":"<p>Ce bol en noix de coco rouge, inspir\u00e9 de la riche tradition de Lisbonne, est une pi\u00e8ce unique qui capture l&rsquo;essence du folklore portugais. Sa finition brillante fait ressortir un ton rouge vibrant, tandis que les bords sont orn\u00e9s de charmants d\u00e9tails de c\u0153urs, tous peints \u00e0 la main par des artisans locaux. Au centre du bol, une sardine \u00e9l\u00e9gamment con\u00e7ue dans un ton rose brillant avec des d\u00e9tails noirs marqu\u00e9s devient l&rsquo;attraction principale de cette \u0153uvre d&rsquo;art culinaire et d\u00e9corative.<\/p>\n<p>Ce bol n&rsquo;est pas seulement un r\u00e9cipient fonctionnel id\u00e9al pour servir des tapas ou des ap\u00e9ritifs, mais il agit \u00e9galement comme une magnifique pi\u00e8ce d\u00e9corative qui fera briller n&rsquo;importe quelle table. La sardine, symbole embl\u00e9matique de la cuisine portugaise, se distingue dans cette pi\u00e8ce, refl\u00e9tant la tradition gastronomique de Lisbonne, connue pour ses d\u00e9licieuses sardines grill\u00e9es et son lien avec les festivit\u00e9s locales.<\/p>\n<p>Chez Ol\u00e9 Mosaic, nous sommes sp\u00e9cialis\u00e9s dans la distribution de souvenirs en gros, et ce bol en noix de coco est un magnifique exemple de l&rsquo;authenticit\u00e9 que nous offrons. Parfait pour les boutiques de cadeaux touristiques, ce bol en noix de coco rouge est une excellente option pour ceux qui recherchent des souvenirs alliant art, culture et fonctionnalit\u00e9. En tant que grossistes de souvenirs, nous garantissons que chaque pi\u00e8ce refl\u00e8te la richesse culturelle de son origine.<\/p>\n","protected":false},"excerpt":{"rendered":"<p>Bol en noix de coco rouge, inspir\u00e9 de la tradition lisbo\u00e8te, d\u00e9cor\u00e9 d&rsquo;un design tr\u00e8s sp\u00e9cial de sardine. Ce bol vibrant se distingue par sa finition brillante et ses d\u00e9tails en forme de c\u0153ur autour du bord, le tout de conception artisanale, peint \u00e0 la main. La sardine, d&rsquo;un ton rose \u00e9l\u00e9gant avec des marques noires, se situe au centre, apportant une touche culturelle \u00e0 n&rsquo;importe quelle table. Id\u00e9al pour un usage d\u00e9coratif ou comme r\u00e9cipient fonctionnel, il refl\u00e8te le folklore et l&rsquo;essence de la cuisine portugaise.<\/p>\n","protected":false},"featured_media":10176,"template":"","meta":{"_acf_changed":false},"product_brand":[],"product_cat":[521],"product_tag":[530],"class_list":{"0":"post-35196","1":"product","2":"type-product","3":"status-publish","4":"has-post-thumbnail","6":"product_cat-bols","7":"product_tag-animaux","8":"pa_ciudad-lisboa","9":"pa_motivo-sardines","10":"pa_pais-portugal","12":"first","13":"instock","14":"shipping-taxable","15":"product-type-simple"},"acf":[],"_links":{"self":[{"href":"https:\/\/olemosaic.orbitalia.org\/fr\/wp-json\/wp\/v2\/product\/35196","targetHints":{"allow":["GET"]}}],"collection":[{"href":"https:\/\/olemosaic.orbitalia.org\/fr\/wp-json\/wp\/v2\/product"}],"about":[{"href":"https:\/\/olemosaic.orbitalia.org\/fr\/wp-json\/wp\/v2\/types\/product"}],"wp:featuredmedia":[{"embeddable":true,"href":"https:\/\/olemosaic.orbitalia.org\/fr\/wp-json\/wp\/v2\/media\/10176"}],"wp:attachment":[{"href":"https:\/\/olemosaic.orbitalia.org\/fr\/wp-json\/wp\/v2\/media?parent=35196"}],"wp:term":[{"taxonomy":"product_brand","embeddable":true,"href":"https:\/\/olemosaic.orbitalia.org\/fr\/wp-json\/wp\/v2\/product_brand?post=35196"},{"taxonomy":"product_cat","embeddable":true,"href":"https:\/\/olemosaic.orbitalia.org\/fr\/wp-json\/wp\/v2\/product_cat?post=35196"},{"taxonomy":"product_tag","embeddable":true,"href":"https:\/\/olemosaic.orbitalia.org\/fr\/wp-json\/wp\/v2\/product_tag?post=35196"}],"curies":[{"name":"wp","href":"https:\/\/api.w.org\/{rel}","templated":true}]}}