{"id":35195,"date":"2025-02-20T23:37:06","date_gmt":"2025-02-20T22:37:06","guid":{"rendered":"https:\/\/olemosaic.orbitalia.org\/producto\/bol-de-coco-rojo-sardina-lisboa-5\/"},"modified":"2025-07-25T19:28:24","modified_gmt":"2025-07-25T17:28:24","slug":"bol-noix-de-coco-rouge-sardine-lisbonne-5","status":"publish","type":"product","link":"https:\/\/olemosaic.orbitalia.org\/fr\/produit\/bol-noix-de-coco-rouge-sardine-lisbonne-5\/","title":{"rendered":"Bol en noix de coco rouge. Sardine. Fond noir. Lisbonne."},"content":{"rendered":"<p>Ce bol en noix de coco rouge d\u00e9cor\u00e9 d&rsquo;une sardine est une pi\u00e8ce repr\u00e9sentative de Lisbonne, id\u00e9ale pour ceux qui recherchent un souvenir alliant tradition et modernit\u00e9. Son design vibrant se distingue par un fond noir profond qui contraste merveilleusement avec la couleur rouge intense du bol, cr\u00e9ant un effet visuel percutant. Au centre, la sardine, symbole iconique de la gastronomie lisbo\u00e8te, est mise en valeur aux c\u00f4t\u00e9s du texte \u00ab\u00a0LISBONNE\u00a0\u00bb, qui ajoute une touche d&rsquo;authenticit\u00e9 et de connexion culturelle \u00e0 la pi\u00e8ce.<\/p>\n<p>Fabriqu\u00e9 artisanalement, ce bol n&rsquo;est pas seulement un objet d\u00e9coratif, mais aussi une c\u00e9l\u00e9bration du patrimoine de Lisbonne, o\u00f9 la sardine est un embl\u00e8me lors de festivit\u00e9s comme la Saint-Antoine. Sa finition brillante et sa forme ronde lui conf\u00e8rent un caract\u00e8re distinctif, en faisant un \u00e9l\u00e9ment attrayant pour toute collection de souvenirs. Parfait pour un usage d\u00e9coratif, ce bol est \u00e9galement id\u00e9al comme cadeau significatif, rappelant aux touristes la culture et la gastronomie vibrantes de la ville.<\/p>\n<p>Chez Ol\u00e9 Mosaic, nous proposons ce bol en noix de coco rouge dans le cadre de notre s\u00e9lection de souvenirs de qualit\u00e9 en gros, garantissant authenticit\u00e9 et style, une option parfaite pour les boutiques de cadeaux touristiques souhaitant offrir des produits uniques et repr\u00e9sentatifs de Lisbonne.<\/p>\n","protected":false},"excerpt":{"rendered":"<p>Bol en noix de coco rouge d\u00e9cor\u00e9 d&rsquo;une sardine, embl\u00e8me de Lisbonne. Ce bol attrayant pr\u00e9sente un design vibrant avec un fond noir contrastant avec le rouge intense, faisant ressortir la forme de la sardine et le mot \u00ab\u00a0LISBONNE\u00a0\u00bb. Son style moderne int\u00e8gre des \u00e9l\u00e9ments culturels dans une finition brillante, id\u00e9ale pour la d\u00e9coration ou comme souvenir. La combinaison de couleurs et la forme ronde en font un \u00e9l\u00e9ment distinctif pour toute collection.<\/p>\n","protected":false},"featured_media":10212,"template":"","meta":{"_acf_changed":false},"product_brand":[],"product_cat":[521],"product_tag":[530],"class_list":{"0":"post-35195","1":"product","2":"type-product","3":"status-publish","4":"has-post-thumbnail","6":"product_cat-bols","7":"product_tag-animaux","8":"pa_ciudad-lisboa","9":"pa_motivo-sardines","10":"pa_pais-portugal","12":"first","13":"instock","14":"shipping-taxable","15":"product-type-simple"},"acf":[],"_links":{"self":[{"href":"https:\/\/olemosaic.orbitalia.org\/fr\/wp-json\/wp\/v2\/product\/35195","targetHints":{"allow":["GET"]}}],"collection":[{"href":"https:\/\/olemosaic.orbitalia.org\/fr\/wp-json\/wp\/v2\/product"}],"about":[{"href":"https:\/\/olemosaic.orbitalia.org\/fr\/wp-json\/wp\/v2\/types\/product"}],"wp:featuredmedia":[{"embeddable":true,"href":"https:\/\/olemosaic.orbitalia.org\/fr\/wp-json\/wp\/v2\/media\/10212"}],"wp:attachment":[{"href":"https:\/\/olemosaic.orbitalia.org\/fr\/wp-json\/wp\/v2\/media?parent=35195"}],"wp:term":[{"taxonomy":"product_brand","embeddable":true,"href":"https:\/\/olemosaic.orbitalia.org\/fr\/wp-json\/wp\/v2\/product_brand?post=35195"},{"taxonomy":"product_cat","embeddable":true,"href":"https:\/\/olemosaic.orbitalia.org\/fr\/wp-json\/wp\/v2\/product_cat?post=35195"},{"taxonomy":"product_tag","embeddable":true,"href":"https:\/\/olemosaic.orbitalia.org\/fr\/wp-json\/wp\/v2\/product_tag?post=35195"}],"curies":[{"name":"wp","href":"https:\/\/api.w.org\/{rel}","templated":true}]}}