{"id":35192,"date":"2025-02-20T23:37:05","date_gmt":"2025-02-20T22:37:05","guid":{"rendered":"https:\/\/olemosaic.orbitalia.org\/producto\/bol-de-coco-rojo-toro-2\/"},"modified":"2025-07-25T20:42:36","modified_gmt":"2025-07-25T18:42:36","slug":"bol-noix-de-coco-rouge-taureau-2","status":"publish","type":"product","link":"https:\/\/olemosaic.orbitalia.org\/fr\/produit\/bol-noix-de-coco-rouge-taureau-2\/","title":{"rendered":"Bol en noix de coco rouge. Taureau. Rouge et blanc."},"content":{"rendered":"<p>Ce bol en noix de coco rouge est un reflet authentique de la culture espagnole. Con\u00e7u avec un taureau iconique, symbole de la force et de la tradition ancr\u00e9es dans le pays, il est fabriqu\u00e9 en noix de coco. Son int\u00e9rieur, d&rsquo;un ton rouge vibrant, souligne l&rsquo;\u00e9l\u00e9gance du design blanc du taureau, cr\u00e9ant un contraste visuel frappant qui ne passera pas inaper\u00e7u. L&rsquo;attention port\u00e9e aux d\u00e9tails est \u00e9vidente dans la d\u00e9licate moulure en mosa\u00efque qui encadre le bol, apportant une touche distinctive qui en fait une pi\u00e8ce \u00e0 la fois fonctionnelle et d\u00e9corative.<\/p>\n<p>Ce bol n&rsquo;est pas seulement id\u00e9al pour servir des tapas ou des ap\u00e9ritifs, il est aussi un \u00e9l\u00e9ment d\u00e9coratif attrayant dans n&rsquo;importe quel foyer, un rappel du riche h\u00e9ritage culturel espagnol. Avec un lien profond avec la tradition taurine, ce produit repr\u00e9sente un aspect embl\u00e9matique du folklore espagnol, ce qui en fait un souvenir parfait pour ceux qui souhaitent emporter un morceau de ce riche patrimoine.<\/p>\n<p>Chez Ol\u00e9 Mosaic, nous nous sp\u00e9cialisons dans la distribution de souvenirs en gros, et ce bol en noix de coco est une excellente option pour les boutiques de cadeaux touristiques qui cherchent \u00e0 offrir \u00e0 leurs clients un produit authentique et significatif. En int\u00e9grant ce bol dans votre s\u00e9lection, vous garantissez un article qui capture l&rsquo;essence de l&rsquo;Espagne, id\u00e9al pour les touristes \u00e0 la recherche de souvenirs uniques et repr\u00e9sentatifs de leur exp\u00e9rience.<\/p>\n","protected":false},"excerpt":{"rendered":"<p>Bol en noix de coco rouge d\u00e9cor\u00e9 d&rsquo;un taureau iconique, repr\u00e9sentant l&rsquo;une des figures les plus embl\u00e9matiques de la culture espagnole. Ce magnifique bol, fabriqu\u00e9 en noix de coco, arbore un int\u00e9rieur rouge vibrant qui fait ressortir le design blanc du taureau, symbole de force et de tradition. L&rsquo;\u00e9l\u00e9gante moulure en mosa\u00efque ajoute une touche distinctive, en faisant une pi\u00e8ce parfaite pour servir ou comme \u00e9l\u00e9ment d\u00e9coratif dans n&rsquo;importe quel foyer. Id\u00e9al pour les amoureux du folklore espagnol.<\/p>\n","protected":false},"featured_media":12025,"template":"","meta":{"_acf_changed":false},"product_brand":[],"product_cat":[521],"product_tag":[530],"class_list":{"0":"post-35192","1":"product","2":"type-product","3":"status-publish","4":"has-post-thumbnail","6":"product_cat-bols","7":"product_tag-animaux","8":"pa_motivo-taureaux","10":"first","11":"instock","12":"shipping-taxable","13":"product-type-simple"},"acf":[],"_links":{"self":[{"href":"https:\/\/olemosaic.orbitalia.org\/fr\/wp-json\/wp\/v2\/product\/35192","targetHints":{"allow":["GET"]}}],"collection":[{"href":"https:\/\/olemosaic.orbitalia.org\/fr\/wp-json\/wp\/v2\/product"}],"about":[{"href":"https:\/\/olemosaic.orbitalia.org\/fr\/wp-json\/wp\/v2\/types\/product"}],"wp:featuredmedia":[{"embeddable":true,"href":"https:\/\/olemosaic.orbitalia.org\/fr\/wp-json\/wp\/v2\/media\/12025"}],"wp:attachment":[{"href":"https:\/\/olemosaic.orbitalia.org\/fr\/wp-json\/wp\/v2\/media?parent=35192"}],"wp:term":[{"taxonomy":"product_brand","embeddable":true,"href":"https:\/\/olemosaic.orbitalia.org\/fr\/wp-json\/wp\/v2\/product_brand?post=35192"},{"taxonomy":"product_cat","embeddable":true,"href":"https:\/\/olemosaic.orbitalia.org\/fr\/wp-json\/wp\/v2\/product_cat?post=35192"},{"taxonomy":"product_tag","embeddable":true,"href":"https:\/\/olemosaic.orbitalia.org\/fr\/wp-json\/wp\/v2\/product_tag?post=35192"}],"curies":[{"name":"wp","href":"https:\/\/api.w.org\/{rel}","templated":true}]}}