{"id":35191,"date":"2025-02-20T23:37:05","date_gmt":"2025-02-20T22:37:05","guid":{"rendered":"https:\/\/olemosaic.orbitalia.org\/producto\/bol-de-coco-rojo-sardina-lisboa-4\/"},"modified":"2025-07-25T18:58:31","modified_gmt":"2025-07-25T16:58:31","slug":"bol-noix-de-coco-rouge-sardine-lisbonne-4","status":"publish","type":"product","link":"https:\/\/olemosaic.orbitalia.org\/fr\/produit\/bol-noix-de-coco-rouge-sardine-lisbonne-4\/","title":{"rendered":"Bol en noix de coco rouge. Sardine. Mosa\u00efque. Orange et dor\u00e9. Lisbonne."},"content":{"rendered":"<p>Ce bol en noix de coco rouge, d\u00e9cor\u00e9 d&rsquo;un \u00e9l\u00e9gant design de sardine, est un chef-d&rsquo;\u0153uvre qui capture l&rsquo;essence de la culture maritime de Lisbonne. R\u00e9alis\u00e9 avec une finition brillante soign\u00e9e, sa surface est orn\u00e9e d&rsquo;un motif vibrant de tons orang\u00e9s et dor\u00e9s qui \u00e9voquent la splendeur du coucher de soleil sur le Tage. Au centre du bol, se distingue une image grav\u00e9e d&rsquo;une sardine, symbole du iconique Festival des Sardines de Lisbonne, accompagn\u00e9e du texte \u00ab\u00a0Lisboa\u00a0\u00bb, qui renforce son authenticit\u00e9 en tant que souvenir. Ce bol n&rsquo;est pas seulement fonctionnel, il sert \u00e9galement de pi\u00e8ce d\u00e9corative parfaite pour n&rsquo;importe quel foyer, apportant une touche de couleur et de tradition.<\/p>\n<p>Le lien culturel avec Lisbonne est ind\u00e9niable, car la sardine est un \u00e9l\u00e9ment central de la gastronomie lisbo\u00e8te, particuli\u00e8rement pendant les festivit\u00e9s. Ce bol repr\u00e9sente le riche h\u00e9ritage marin de la ville et agit comme un rappel de ses traditions culinaires. Id\u00e9al pour ceux qui recherchent des souvenirs authentiques, ce bol en noix de coco est une excellente option pour les boutiques de cadeaux touristiques souhaitant proposer des produits qui refl\u00e8tent la beaut\u00e9 et la singularit\u00e9 de l&rsquo;artisanat portugais.<\/p>\n<p>Chez Ol\u00e9 Mosaic, nous nous sp\u00e9cialisons dans la distribution de souvenirs en gros qui c\u00e9l\u00e8brent la riche culture du Portugal. Ce bol en noix de coco d\u00e9cor\u00e9 est un ajout indispensable \u00e0 toute collection de souvenirs de Lisbonne, se distinguant comme un cadeau unique et significatif.<\/p>\n","protected":false},"excerpt":{"rendered":"<p>Bol en noix de coco rouge d\u00e9cor\u00e9 d&rsquo;un \u00e9l\u00e9gant design de sardine, inspir\u00e9 de la culture maritime de Lisbonne. Ce bol attrayant pr\u00e9sente une finition brillante avec un motif de tons orange et dor\u00e9s simulant une mosa\u00efque, mettant en valeur l&rsquo;image de la sardine au centre, accompagn\u00e9e du texte \u00ab\u00a0Lisboa\u00a0\u00bb. C&rsquo;est un souvenir unique, id\u00e9al pour souligner la beaut\u00e9 de l&rsquo;artisanat portugais dans n&rsquo;importe quel espace.<\/p>\n","protected":false},"featured_media":10112,"template":"","meta":{"_acf_changed":false},"product_brand":[],"product_cat":[521],"product_tag":[530],"class_list":{"0":"post-35191","1":"product","2":"type-product","3":"status-publish","4":"has-post-thumbnail","6":"product_cat-bols","7":"product_tag-animaux","8":"pa_ciudad-lisboa","9":"pa_motivo-sardines","10":"pa_pais-portugal","12":"first","13":"instock","14":"shipping-taxable","15":"product-type-simple"},"acf":[],"_links":{"self":[{"href":"https:\/\/olemosaic.orbitalia.org\/fr\/wp-json\/wp\/v2\/product\/35191","targetHints":{"allow":["GET"]}}],"collection":[{"href":"https:\/\/olemosaic.orbitalia.org\/fr\/wp-json\/wp\/v2\/product"}],"about":[{"href":"https:\/\/olemosaic.orbitalia.org\/fr\/wp-json\/wp\/v2\/types\/product"}],"wp:featuredmedia":[{"embeddable":true,"href":"https:\/\/olemosaic.orbitalia.org\/fr\/wp-json\/wp\/v2\/media\/10112"}],"wp:attachment":[{"href":"https:\/\/olemosaic.orbitalia.org\/fr\/wp-json\/wp\/v2\/media?parent=35191"}],"wp:term":[{"taxonomy":"product_brand","embeddable":true,"href":"https:\/\/olemosaic.orbitalia.org\/fr\/wp-json\/wp\/v2\/product_brand?post=35191"},{"taxonomy":"product_cat","embeddable":true,"href":"https:\/\/olemosaic.orbitalia.org\/fr\/wp-json\/wp\/v2\/product_cat?post=35191"},{"taxonomy":"product_tag","embeddable":true,"href":"https:\/\/olemosaic.orbitalia.org\/fr\/wp-json\/wp\/v2\/product_tag?post=35191"}],"curies":[{"name":"wp","href":"https:\/\/api.w.org\/{rel}","templated":true}]}}