{"id":35190,"date":"2025-02-20T23:37:05","date_gmt":"2025-02-20T22:37:05","guid":{"rendered":"https:\/\/olemosaic.orbitalia.org\/producto\/bol-de-coco-rojo-sardina-lisboa-3\/"},"modified":"2025-07-25T19:42:49","modified_gmt":"2025-07-25T17:42:49","slug":"bol-noix-de-coco-rouge-sardine-lisbonne-3","status":"publish","type":"product","link":"https:\/\/olemosaic.orbitalia.org\/fr\/produit\/bol-noix-de-coco-rouge-sardine-lisbonne-3\/","title":{"rendered":"Bol en noix de coco rouge. Sardine. Mosa\u00efque. Rouge. Lisbonne."},"content":{"rendered":"<p>Ce bol en noix de coco rouge, d\u00e9cor\u00e9 \u00e0 la main, est un v\u00e9ritable hommage \u00e0 la tradition de la p\u00eache \u00e0 Lisbonne, con\u00e7u pour capturer l&rsquo;essence vibrante de la culture portugaise. Sa couleur rouge \u00e9clatante \u00e9voque la chaleur du soleil de l&rsquo;Algarve, tandis que son motif d&rsquo;\u00e9cailles, m\u00e9ticuleusement peint, rappelle la beaut\u00e9 et le dynamisme de la vie marine. Au centre de cette \u0153uvre, se distingue une d\u00e9licate sardine dor\u00e9e, symbole embl\u00e9matique de la gastronomie de Lisbonne, qui apporte une touche d&rsquo;\u00e9l\u00e9gance et d&rsquo;authenticit\u00e9.<\/p>\n<p>Le savoir-faire artisanal se manifeste dans chaque d\u00e9tail, de la texture visible des \u00e9cailles \u00e0 la finition dor\u00e9e de la sardine, ce qui fait de ce bol non seulement un \u00e9l\u00e9ment fonctionnel, mais aussi une pi\u00e8ce d\u00e9corative qui enrichit n&rsquo;importe quel espace. Ce souvenir de Lisbonne est id\u00e9al pour ceux qui cherchent \u00e0 ramener un morceau de la culture portugaise chez eux, en se rappelant les traditions de ses rues et de ses march\u00e9s.<\/p>\n<p>Chez Ol\u00e9 Mosaic, nous sommes distributeurs de produits authentiques et de qualit\u00e9, et ce bol en noix de coco rouge est une excellente option pour les boutiques de cadeaux touristiques qui souhaitent offrir d&rsquo;authentiques souvenirs de Lisbonne. En plus de son attrait visuel, sa pertinence culturelle en fait un cadeau m\u00e9morable qui c\u00e9l\u00e8bre le riche h\u00e9ritage du Portugal.<\/p>\n","protected":false},"excerpt":{"rendered":"<p>Bol en noix de coco rouge d\u00e9cor\u00e9 dans un style artisanal, inspir\u00e9 de la tradition de la p\u00eache \u00e0 Lisbonne. Ce bol singulier pr\u00e9sente un design vibrant dans des tons rouges, avec des motifs \u00e9voquant les \u00e9cailles d&rsquo;un poisson, et un d\u00e9licat motif central d&rsquo;une sardine peinte en dor\u00e9. Le travail artisanal exquis se refl\u00e8te dans chaque d\u00e9tail, offrant une touche de couleur et de culture portugaise, id\u00e9al comme souvenir ou \u00e9l\u00e9ment d\u00e9coratif dans n&rsquo;importe quel foyer.<\/p>\n","protected":false},"featured_media":10085,"template":"","meta":{"_acf_changed":false},"product_brand":[],"product_cat":[521],"product_tag":[530],"class_list":{"0":"post-35190","1":"product","2":"type-product","3":"status-publish","4":"has-post-thumbnail","6":"product_cat-bols","7":"product_tag-animaux","8":"pa_ciudad-lisboa","9":"pa_motivo-sardines","10":"pa_pais-portugal","12":"first","13":"instock","14":"shipping-taxable","15":"product-type-simple"},"acf":[],"_links":{"self":[{"href":"https:\/\/olemosaic.orbitalia.org\/fr\/wp-json\/wp\/v2\/product\/35190","targetHints":{"allow":["GET"]}}],"collection":[{"href":"https:\/\/olemosaic.orbitalia.org\/fr\/wp-json\/wp\/v2\/product"}],"about":[{"href":"https:\/\/olemosaic.orbitalia.org\/fr\/wp-json\/wp\/v2\/types\/product"}],"wp:featuredmedia":[{"embeddable":true,"href":"https:\/\/olemosaic.orbitalia.org\/fr\/wp-json\/wp\/v2\/media\/10085"}],"wp:attachment":[{"href":"https:\/\/olemosaic.orbitalia.org\/fr\/wp-json\/wp\/v2\/media?parent=35190"}],"wp:term":[{"taxonomy":"product_brand","embeddable":true,"href":"https:\/\/olemosaic.orbitalia.org\/fr\/wp-json\/wp\/v2\/product_brand?post=35190"},{"taxonomy":"product_cat","embeddable":true,"href":"https:\/\/olemosaic.orbitalia.org\/fr\/wp-json\/wp\/v2\/product_cat?post=35190"},{"taxonomy":"product_tag","embeddable":true,"href":"https:\/\/olemosaic.orbitalia.org\/fr\/wp-json\/wp\/v2\/product_tag?post=35190"}],"curies":[{"name":"wp","href":"https:\/\/api.w.org\/{rel}","templated":true}]}}