{"id":35189,"date":"2025-02-20T22:37:05","date_gmt":"2025-02-20T22:37:05","guid":{"rendered":"https:\/\/olemosaic.orbitalia.org\/producto\/bol-de-coco-rojo-toro\/"},"modified":"2025-07-25T18:50:17","modified_gmt":"2025-07-25T16:50:17","slug":"bol-noix-de-coco-rouge-taureau","status":"publish","type":"product","link":"https:\/\/olemosaic.orbitalia.org\/fr\/produit\/bol-noix-de-coco-rouge-taureau\/","title":{"rendered":"Bol en noix de coco rouge. Taureau."},"content":{"rendered":"<p>Ce spectaculaire bol en noix de coco rouge est une pi\u00e8ce unique qui capture l&rsquo;essence de la culture espagnole, devenant le souvenir repr\u00e9sentatif id\u00e9al pour les amoureux de la tradition. Fabriqu\u00e9 \u00e0 partir de coques de noix de coco, il pr\u00e9sente un design vibrant qui combine des tons rouges intenses avec des d\u00e9tails blancs, cr\u00e9ant une pi\u00e8ce d\u00e9corative qui se distingue dans n&rsquo;importe quel foyer. \u00c0 l&rsquo;int\u00e9rieur du bol, l&rsquo;image d&rsquo;un taureau, ic\u00f4ne embl\u00e9matique des traditions espagnoles, se dresse avec fiert\u00e9, symbolisant le courage et la passion qui caract\u00e9risent la culture ib\u00e9rique.<\/p>\n<p>Ce bol n&rsquo;est pas seulement fonctionnel, il peut \u00e9galement \u00eatre utilis\u00e9 comme \u00e9l\u00e9ment d\u00e9coratif, ajoutant une touche traditionnelle \u00e0 n&rsquo;importe quel espace. La combinaison de son design color\u00e9 et de la repr\u00e9sentation du taureau en fait un article parfait pour servir des ap\u00e9ritifs lors d&rsquo;une f\u00eate ou pour profiter d&rsquo;une touche culturelle \u00e0 table.<\/p>\n<p>Chez Ol\u00e9 Mosaic, nous sommes experts dans la distribution de souvenirs en gros, et ce bol en noix de coco rouge repr\u00e9sente l&rsquo;authenticit\u00e9 et le charme de l&rsquo;artisanat espagnol. Id\u00e9al pour les boutiques de cadeaux touristiques cherchant \u00e0 offrir des produits authentiques et significatifs \u00e0 leurs clients, ce bol en noix de coco est une excellente option pour ceux qui souhaitent emporter un morceau de la culture espagnole. En tant que grossistes de souvenirs, nous garantissons la qualit\u00e9 et l&rsquo;originalit\u00e9 de chaque pi\u00e8ce.<\/p>\n","protected":false},"excerpt":{"rendered":"<p>Bol en noix de coco rouge avec l&rsquo;image d&rsquo;un taureau. Ce bol original est fabriqu\u00e9 avec une coque de noix de coco et d\u00e9cor\u00e9 d&rsquo;un design color\u00e9 combinant des tons rouges et des d\u00e9tails blancs. \u00c0 l&rsquo;int\u00e9rieur, l&rsquo;image d&rsquo;un taureau se distingue, symbole embl\u00e9matique de la culture espagnole et de ses traditions. Parfait pour ajouter une touche authentique et traditionnelle \u00e0 votre maison, id\u00e9al pour servir des ap\u00e9ritifs ou comme pi\u00e8ce d\u00e9corative.<\/p>\n","protected":false},"featured_media":11958,"template":"","meta":{"_acf_changed":false},"product_brand":[],"product_cat":[521],"product_tag":[530],"class_list":{"0":"post-35189","1":"product","2":"type-product","3":"status-publish","4":"has-post-thumbnail","6":"product_cat-bols","7":"product_tag-animaux","8":"pa_motivo-taureaux","10":"first","11":"instock","12":"shipping-taxable","13":"product-type-simple"},"acf":[],"_links":{"self":[{"href":"https:\/\/olemosaic.orbitalia.org\/fr\/wp-json\/wp\/v2\/product\/35189","targetHints":{"allow":["GET"]}}],"collection":[{"href":"https:\/\/olemosaic.orbitalia.org\/fr\/wp-json\/wp\/v2\/product"}],"about":[{"href":"https:\/\/olemosaic.orbitalia.org\/fr\/wp-json\/wp\/v2\/types\/product"}],"wp:featuredmedia":[{"embeddable":true,"href":"https:\/\/olemosaic.orbitalia.org\/fr\/wp-json\/wp\/v2\/media\/11958"}],"wp:attachment":[{"href":"https:\/\/olemosaic.orbitalia.org\/fr\/wp-json\/wp\/v2\/media?parent=35189"}],"wp:term":[{"taxonomy":"product_brand","embeddable":true,"href":"https:\/\/olemosaic.orbitalia.org\/fr\/wp-json\/wp\/v2\/product_brand?post=35189"},{"taxonomy":"product_cat","embeddable":true,"href":"https:\/\/olemosaic.orbitalia.org\/fr\/wp-json\/wp\/v2\/product_cat?post=35189"},{"taxonomy":"product_tag","embeddable":true,"href":"https:\/\/olemosaic.orbitalia.org\/fr\/wp-json\/wp\/v2\/product_tag?post=35189"}],"curies":[{"name":"wp","href":"https:\/\/api.w.org\/{rel}","templated":true}]}}