{"id":35187,"date":"2025-02-20T23:37:04","date_gmt":"2025-02-20T22:37:04","guid":{"rendered":"https:\/\/olemosaic.orbitalia.org\/producto\/bol-de-coco-naranja-toro-2\/"},"modified":"2025-07-25T20:30:29","modified_gmt":"2025-07-25T18:30:29","slug":"bol-noix-de-coco-orange-taureau-2","status":"publish","type":"product","link":"https:\/\/olemosaic.orbitalia.org\/fr\/produit\/bol-noix-de-coco-orange-taureau-2\/","title":{"rendered":"Bol en noix de coco orange. Mosa\u00efque. Taureau."},"content":{"rendered":"<p>Ce bol en noix de coco orange, d\u00e9cor\u00e9 d&rsquo;un taureau embl\u00e9matique, est un hommage vibrant \u00e0 la riche culture espagnole. \u00c9labor\u00e9 m\u00e9ticuleusement \u00e0 la main, ce bol original pr\u00e9sente une couleur orange joyeuse qui illumine n&rsquo;importe quelle ambiance, devenant une pi\u00e8ce centrale parfaite pour la table. Au centre du bol se d\u00e9tache un taureau blanc, symbole embl\u00e9matique du folklore espagnol, particuli\u00e8rement li\u00e9 aux traditions taurines de r\u00e9gions comme l&rsquo;Andalousie et la Castille. Ce design en mosa\u00efque souligne non seulement l&rsquo;\u00e9l\u00e9gance du bol, mais encadre \u00e9galement avec subtilit\u00e9 la figure du taureau, impr\u00e9gn\u00e9e d&rsquo;un sentiment de force et de fiert\u00e9.<\/p>\n<p>La finition en noix de coco apporte une texture rustique et authentique \u00e0 la pi\u00e8ce, cr\u00e9ant un lien direct avec les traditions artisanales de l&rsquo;Espagne. Chaque bol est unique, ce qui lui conf\u00e8re un caract\u00e8re sp\u00e9cial soulignant le travail de l&rsquo;artisan. Ce souvenir n&rsquo;est pas seulement d\u00e9coratif, il sert \u00e9galement de rappel m\u00e9morable et authentique de l&rsquo;Espagne, id\u00e9al pour les touristes cherchant \u00e0 emporter un morceau de la culture locale.<\/p>\n<p>Chez Ol\u00e9 Mosaic, nous nous sp\u00e9cialisons dans la distribution de souvenirs en gros, et ce bol en noix de coco orange est une excellente option pour les boutiques de cadeaux touristiques souhaitant proposer des produits de qualit\u00e9 ayant une signification culturelle. Ce produit est une repr\u00e9sentation parfaite des souvenirs d&rsquo;Espagne que les visiteurs aimeraient poss\u00e9der.<\/p>\n","protected":false},"excerpt":{"rendered":"<p>Bol en noix de coco orange d\u00e9cor\u00e9 d&rsquo;un taureau embl\u00e9matique, symbole de la culture espagnole. Ce bol original, fabriqu\u00e9 \u00e0 la main, pr\u00e9sente une couleur orange vibrante avec un design en mosa\u00efque qui rehausse son \u00e9l\u00e9gance. Au centre, un taureau blanc se d\u00e9tache, repr\u00e9sentant la richesse du folklore espagnol. Sa finition en noix de coco lui donne une touche rustique et authentique, id\u00e9ale pour ajouter de la couleur et du caract\u00e8re \u00e0 n&rsquo;importe quelle table.<\/p>\n","protected":false},"featured_media":12026,"template":"","meta":{"_acf_changed":false},"product_brand":[],"product_cat":[521],"product_tag":[530],"class_list":{"0":"post-35187","1":"product","2":"type-product","3":"status-publish","4":"has-post-thumbnail","6":"product_cat-bols","7":"product_tag-animaux","8":"pa_motivo-taureaux","10":"first","11":"instock","12":"shipping-taxable","13":"product-type-simple"},"acf":[],"_links":{"self":[{"href":"https:\/\/olemosaic.orbitalia.org\/fr\/wp-json\/wp\/v2\/product\/35187","targetHints":{"allow":["GET"]}}],"collection":[{"href":"https:\/\/olemosaic.orbitalia.org\/fr\/wp-json\/wp\/v2\/product"}],"about":[{"href":"https:\/\/olemosaic.orbitalia.org\/fr\/wp-json\/wp\/v2\/types\/product"}],"wp:featuredmedia":[{"embeddable":true,"href":"https:\/\/olemosaic.orbitalia.org\/fr\/wp-json\/wp\/v2\/media\/12026"}],"wp:attachment":[{"href":"https:\/\/olemosaic.orbitalia.org\/fr\/wp-json\/wp\/v2\/media?parent=35187"}],"wp:term":[{"taxonomy":"product_brand","embeddable":true,"href":"https:\/\/olemosaic.orbitalia.org\/fr\/wp-json\/wp\/v2\/product_brand?post=35187"},{"taxonomy":"product_cat","embeddable":true,"href":"https:\/\/olemosaic.orbitalia.org\/fr\/wp-json\/wp\/v2\/product_cat?post=35187"},{"taxonomy":"product_tag","embeddable":true,"href":"https:\/\/olemosaic.orbitalia.org\/fr\/wp-json\/wp\/v2\/product_tag?post=35187"}],"curies":[{"name":"wp","href":"https:\/\/api.w.org\/{rel}","templated":true}]}}