{"id":35185,"date":"2025-02-20T23:37:04","date_gmt":"2025-02-20T22:37:04","guid":{"rendered":"https:\/\/olemosaic.orbitalia.org\/producto\/bol-de-coco-marron-toro-2\/"},"modified":"2025-07-25T20:16:19","modified_gmt":"2025-07-25T18:16:19","slug":"bol-noix-de-coco-marron-taureau-2","status":"publish","type":"product","link":"https:\/\/olemosaic.orbitalia.org\/fr\/produit\/bol-noix-de-coco-marron-taureau-2\/","title":{"rendered":"Bol en noix de coco marron. Taureau. Bord beige."},"content":{"rendered":"<p>Cet impressionnant bol en noix de coco marron, d\u00e9cor\u00e9 d&rsquo;un taureau embl\u00e9matique, repr\u00e9sente une pi\u00e8ce authentique de la culture espagnole qui ravira les amateurs de souvenirs traditionnels. Son design captivant se distingue par une mosa\u00efque \u00e9labor\u00e9e avec de petits coquillages qui cr\u00e9ent un \u00e9clat subtil, dans une palette de tons marron et beige \u00e9voquant la chaleur de l&rsquo;environnement m\u00e9diterran\u00e9en. Au centre du bol, une silhouette de taureau, d&rsquo;un marron fonc\u00e9 profond, \u00e9voque la tradition taurine et l&rsquo;histoire de l&rsquo;Espagne, rappelant aux visiteurs les c\u00e9l\u00e8bres corridas et la c\u00e9l\u00e9bration de la fiert\u00e9 nationale.<\/p>\n<p>Ce bol n&rsquo;est pas seulement d\u00e9coratif ; son \u00e9l\u00e9gance et sa finition artisanale le rendent parfait pour servir des ap\u00e9ritifs ou comme \u00e9l\u00e9ment fonctionnel dans la maison. Con\u00e7u pour impressionner, c&rsquo;est un souvenir qui allie art et authenticit\u00e9, id\u00e9al pour les touristes qui souhaitent emporter avec eux une part de l&rsquo;essence espagnole.<\/p>\n<p>Chez Ol\u00e9 Mosaic, nous sommes sp\u00e9cialis\u00e9s dans la distribution de souvenirs en gros, et ce bol en noix de coco est un choix exceptionnel pour les boutiques de cadeaux touristiques souhaitant proposer des produits authentiques avec une forte connexion culturelle. La singularit\u00e9 de ce bol en fait un article attrayant pour votre collection de souvenirs, mettant en valeur la richesse de l&rsquo;h\u00e9ritage espagnol et sa pertinence dans la d\u00e9coration moderne.<\/p>\n","protected":false},"excerpt":{"rendered":"<p>Bol en noix de coco marron d\u00e9cor\u00e9 d&rsquo;un taureau embl\u00e9matique, symbole de la culture espagnole. Ce bol original se distingue par son design en mosa\u00efque de coquillages, qui apporte un \u00e9clat subtil et une palette de tons marron et beige. Au centre, la silhouette d&rsquo;un taureau en marron fonc\u00e9 \u00e9voque la tradition taurine du pays. Id\u00e9al pour la d\u00e9coration ou comme \u00e9l\u00e9ment fonctionnel dans la maison.<\/p>\n","protected":false},"featured_media":13497,"template":"","meta":{"_acf_changed":false},"product_brand":[],"product_cat":[521],"product_tag":[530],"class_list":{"0":"post-35185","1":"product","2":"type-product","3":"status-publish","4":"has-post-thumbnail","6":"product_cat-bols","7":"product_tag-animaux","8":"pa_motivo-taureaux","10":"first","11":"instock","12":"shipping-taxable","13":"product-type-simple"},"acf":[],"_links":{"self":[{"href":"https:\/\/olemosaic.orbitalia.org\/fr\/wp-json\/wp\/v2\/product\/35185","targetHints":{"allow":["GET"]}}],"collection":[{"href":"https:\/\/olemosaic.orbitalia.org\/fr\/wp-json\/wp\/v2\/product"}],"about":[{"href":"https:\/\/olemosaic.orbitalia.org\/fr\/wp-json\/wp\/v2\/types\/product"}],"wp:featuredmedia":[{"embeddable":true,"href":"https:\/\/olemosaic.orbitalia.org\/fr\/wp-json\/wp\/v2\/media\/13497"}],"wp:attachment":[{"href":"https:\/\/olemosaic.orbitalia.org\/fr\/wp-json\/wp\/v2\/media?parent=35185"}],"wp:term":[{"taxonomy":"product_brand","embeddable":true,"href":"https:\/\/olemosaic.orbitalia.org\/fr\/wp-json\/wp\/v2\/product_brand?post=35185"},{"taxonomy":"product_cat","embeddable":true,"href":"https:\/\/olemosaic.orbitalia.org\/fr\/wp-json\/wp\/v2\/product_cat?post=35185"},{"taxonomy":"product_tag","embeddable":true,"href":"https:\/\/olemosaic.orbitalia.org\/fr\/wp-json\/wp\/v2\/product_tag?post=35185"}],"curies":[{"name":"wp","href":"https:\/\/api.w.org\/{rel}","templated":true}]}}