{"id":35184,"date":"2025-02-20T23:37:04","date_gmt":"2025-02-20T22:37:04","guid":{"rendered":"https:\/\/olemosaic.orbitalia.org\/producto\/bol-de-coco-marron-toro\/"},"modified":"2025-07-25T19:03:40","modified_gmt":"2025-07-25T17:03:40","slug":"bol-noix-de-coco-marron-taureau","status":"publish","type":"product","link":"https:\/\/olemosaic.orbitalia.org\/fr\/produit\/bol-noix-de-coco-marron-taureau\/","title":{"rendered":"Bol en noix de coco marron. Taureau. Bord dor\u00e9."},"content":{"rendered":"<p>Ce bol en noix de coco marron, d\u00e9cor\u00e9 de la silhouette embl\u00e9matique d&rsquo;un taureau, est un v\u00e9ritable symbole de la culture espagnole qui capture l&rsquo;essence du folklore et de la tradition. Son int\u00e9rieur pr\u00e9sente une finition brillante dans les tons dor\u00e9s, ce qui ajoute une touche d&rsquo;\u00e9l\u00e9gance et d&rsquo;originalit\u00e9, tandis que l&rsquo;ext\u00e9rieur en noix de coco conserve un design organique et rustique, refl\u00e9tant le caract\u00e8re naturel et unique de ce mat\u00e9riau. La repr\u00e9sentation du taureau, figure embl\u00e9matique de la tauromachie et de la passion espagnole, \u00e9voque le caract\u00e8re vibrant de la culture du pays, faisant de ce bol une pi\u00e8ce fonctionnelle et pleine de sens culturel.<\/p>\n<p>Parfait pour servir des ap\u00e9ritifs ou comme \u00e9l\u00e9ment d\u00e9coratif dans n&rsquo;importe quelle maison, ce bol est un souvenir id\u00e9al pour ceux qui cherchent \u00e0 emporter un morceau d&rsquo;Espagne. Son design unique et authentique en fait un souvenir m\u00e9morable qui t\u00e9moigne des traditions et du mode de vie local. Chez Ol\u00e9 Mosaic, nous nous consacrons \u00e0 la distribution de souvenirs en gros, proposant ce bol en noix de coco marron comme une option exceptionnelle pour les boutiques de cadeaux touristiques. Avec son authenticit\u00e9 et sa qualit\u00e9, ce bol se distingue comme un excellent choix pour ceux qui recherchent des souvenirs de grande valeur culturelle et artistique.<\/p>\n","protected":false},"excerpt":{"rendered":"<p>Bol en noix de coco marron d\u00e9cor\u00e9 de la silhouette d&rsquo;un taureau, un symbole embl\u00e9matique de la culture espagnole. Ce bol exclusif pr\u00e9sente une finition brillante dans les tons dor\u00e9s qui souligne son originalit\u00e9, tandis que l&rsquo;ext\u00e9rieur en noix de coco conserve un design organique et rustique. Id\u00e9al pour servir des ap\u00e9ritifs ou comme \u00e9l\u00e9ment d\u00e9coratif, cet article capture l&rsquo;essence du folklore espagnol dans un objet pratique et artistique.<\/p>\n","protected":false},"featured_media":13416,"template":"","meta":{"_acf_changed":false},"product_brand":[],"product_cat":[521],"product_tag":[530],"class_list":{"0":"post-35184","1":"product","2":"type-product","3":"status-publish","4":"has-post-thumbnail","6":"product_cat-bols","7":"product_tag-animaux","8":"pa_motivo-taureaux","10":"first","11":"instock","12":"shipping-taxable","13":"product-type-simple"},"acf":[],"_links":{"self":[{"href":"https:\/\/olemosaic.orbitalia.org\/fr\/wp-json\/wp\/v2\/product\/35184","targetHints":{"allow":["GET"]}}],"collection":[{"href":"https:\/\/olemosaic.orbitalia.org\/fr\/wp-json\/wp\/v2\/product"}],"about":[{"href":"https:\/\/olemosaic.orbitalia.org\/fr\/wp-json\/wp\/v2\/types\/product"}],"wp:featuredmedia":[{"embeddable":true,"href":"https:\/\/olemosaic.orbitalia.org\/fr\/wp-json\/wp\/v2\/media\/13416"}],"wp:attachment":[{"href":"https:\/\/olemosaic.orbitalia.org\/fr\/wp-json\/wp\/v2\/media?parent=35184"}],"wp:term":[{"taxonomy":"product_brand","embeddable":true,"href":"https:\/\/olemosaic.orbitalia.org\/fr\/wp-json\/wp\/v2\/product_brand?post=35184"},{"taxonomy":"product_cat","embeddable":true,"href":"https:\/\/olemosaic.orbitalia.org\/fr\/wp-json\/wp\/v2\/product_cat?post=35184"},{"taxonomy":"product_tag","embeddable":true,"href":"https:\/\/olemosaic.orbitalia.org\/fr\/wp-json\/wp\/v2\/product_tag?post=35184"}],"curies":[{"name":"wp","href":"https:\/\/api.w.org\/{rel}","templated":true}]}}