{"id":35163,"date":"2025-02-20T23:37:03","date_gmt":"2025-02-20T22:37:03","guid":{"rendered":"https:\/\/olemosaic.orbitalia.org\/producto\/bol-de-coco-fucsia-toro-3\/"},"modified":"2025-07-25T20:21:50","modified_gmt":"2025-07-25T18:21:50","slug":"bol-noix-de-coco-fuchsia-taureau-3","status":"publish","type":"product","link":"https:\/\/olemosaic.orbitalia.org\/fr\/produit\/bol-noix-de-coco-fuchsia-taureau-3\/","title":{"rendered":"Bol en noix de coco fuchsia. Taureau. Bordure en mosa\u00efque."},"content":{"rendered":"<p>Ce bol en noix de coco fuchsia d\u00e9cor\u00e9 d&rsquo;un taureau est une pi\u00e8ce unique qui \u00e9voque la vibrante culture espagnole. \u00c9labor\u00e9 \u00e0 partir de noix de coco naturelle, son design moderne et color\u00e9 se distingue par un ton fuchsia intense, qui attire l&rsquo;attention dans n&rsquo;importe quel environnement. Le bord simule un trencad\u00eds avec des couleurs plus claires, offrant une touche artistique et contemporaine qui refl\u00e8te l&rsquo;esprit cr\u00e9atif de l&rsquo;artisanat espagnol. Au centre, la figure du taureau se d\u00e9tache, peinte en blanc, symbole iconique de la tradition et de la passion de l&rsquo;Espagne, rappelant les c\u00e9l\u00e8bres corridas et festivit\u00e9s.<\/p>\n<p>Ce bol n&rsquo;est pas seulement fonctionnel, il agit \u00e9galement comme un \u00e9l\u00e9ment d\u00e9coratif remarquable, id\u00e9al pour apporter authenticit\u00e9 et couleur \u00e0 une table ou une \u00e9tag\u00e8re, constituant un excellent cadeau pour ceux qui recherchent des souvenirs repr\u00e9sentant l&rsquo;essence de l&rsquo;Espagne. La rigueur de son design et la mat\u00e9rialit\u00e9 de la noix de coco naturelle soulignent son authenticit\u00e9 et sa connexion culturelle, en faisant un souvenir significatif.<\/p>\n<p>Chez Ol\u00e9 Mosaic, nous nous sp\u00e9cialisons dans la distribution en gros de souvenirs capturant la richesse culturelle de l&rsquo;Espagne, et ce bol en noix de coco fuchsia est parfait pour les boutiques de cadeaux touristiques souhaitant proposer des produits authentiques et de qualit\u00e9. En tant que grossistes de souvenirs, nous garantissons que ce bol sera un excellent attrait pour les touristes \u00e0 la recherche de souvenirs m\u00e9morables de leur visite.<\/p>\n","protected":false},"excerpt":{"rendered":"<p>Bol en noix de coco fuchsia d\u00e9cor\u00e9 d&rsquo;un taureau, symbole iconique de la culture espagnole. Ce bol vibrant, \u00e9labor\u00e9 en noix de coco naturelle, pr\u00e9sente un design moderne dans les tons fuchsia, avec une bordure simulant un trencad\u00eds dans des couleurs plus claires. Au centre, la figure du taureau peinte en blanc se d\u00e9tache, \u00e9voquant la tradition et la passion du folklore espagnol. Id\u00e9al pour ajouter une touche de couleur et d&rsquo;authenticit\u00e9 \u00e0 n&rsquo;importe quel espace.<\/p>\n","protected":false},"featured_media":12027,"template":"","meta":{"_acf_changed":false},"product_brand":[],"product_cat":[521],"product_tag":[530],"class_list":{"0":"post-35163","1":"product","2":"type-product","3":"status-publish","4":"has-post-thumbnail","6":"product_cat-bols","7":"product_tag-animaux","8":"pa_motivo-taureaux","10":"first","11":"instock","12":"shipping-taxable","13":"product-type-simple"},"acf":[],"_links":{"self":[{"href":"https:\/\/olemosaic.orbitalia.org\/fr\/wp-json\/wp\/v2\/product\/35163","targetHints":{"allow":["GET"]}}],"collection":[{"href":"https:\/\/olemosaic.orbitalia.org\/fr\/wp-json\/wp\/v2\/product"}],"about":[{"href":"https:\/\/olemosaic.orbitalia.org\/fr\/wp-json\/wp\/v2\/types\/product"}],"wp:featuredmedia":[{"embeddable":true,"href":"https:\/\/olemosaic.orbitalia.org\/fr\/wp-json\/wp\/v2\/media\/12027"}],"wp:attachment":[{"href":"https:\/\/olemosaic.orbitalia.org\/fr\/wp-json\/wp\/v2\/media?parent=35163"}],"wp:term":[{"taxonomy":"product_brand","embeddable":true,"href":"https:\/\/olemosaic.orbitalia.org\/fr\/wp-json\/wp\/v2\/product_brand?post=35163"},{"taxonomy":"product_cat","embeddable":true,"href":"https:\/\/olemosaic.orbitalia.org\/fr\/wp-json\/wp\/v2\/product_cat?post=35163"},{"taxonomy":"product_tag","embeddable":true,"href":"https:\/\/olemosaic.orbitalia.org\/fr\/wp-json\/wp\/v2\/product_tag?post=35163"}],"curies":[{"name":"wp","href":"https:\/\/api.w.org\/{rel}","templated":true}]}}