{"id":35162,"date":"2025-02-20T23:37:03","date_gmt":"2025-02-20T22:37:03","guid":{"rendered":"https:\/\/olemosaic.orbitalia.org\/producto\/bol-de-coco-naranja-sardina-lisboa-2\/"},"modified":"2025-07-25T18:05:14","modified_gmt":"2025-07-25T16:05:14","slug":"bol-noix-de-coco-orange-sardine-lisbonne-2","status":"publish","type":"product","link":"https:\/\/olemosaic.orbitalia.org\/fr\/produit\/bol-noix-de-coco-orange-sardine-lisbonne-2\/","title":{"rendered":"Bol en noix de coco orange. Sardine. Blanc. Lisbonne."},"content":{"rendered":"<p>Ce bol en noix de coco d&rsquo;une couleur orange vibrante est une pi\u00e8ce unique et authentique qui capture l&rsquo;essence culturelle de Lisbonne. De conception artisanale, il pr\u00e9sente une surface textur\u00e9e qui combine son coloris attrayant avec des d\u00e9tails ornementaux blancs encadrant sa forme asym\u00e9trique. Au centre, un motif de sardine, symbole phare de la riche tradition gastronomique de la capitale portugaise, apporte une touche distinctive et nostalgique. La sardine, ingr\u00e9dient cl\u00e9 de la cuisine locale, refl\u00e8te non seulement la diversit\u00e9 culinaire de la r\u00e9gion, mais aussi son lien avec l&rsquo;histoire et la vie maritime du peuple lisbo\u00e8te.<\/p>\n<p>Ce bol est id\u00e9al pour servir des ap\u00e9ritifs, mais peut \u00e9galement fonctionner parfaitement comme \u00e9l\u00e9ment d\u00e9coratif, apportant une touche de chaleur et d&rsquo;authenticit\u00e9 \u00e0 n&rsquo;importe quel environnement. Son design attrayant et sa connexion culturelle en font un souvenir parfait pour ceux qui souhaitent ramener un morceau de Lisbonne chez eux. Avec son m\u00e9lange d&rsquo;artisanat et de symbolisme, ce bol repr\u00e9sente la richesse du patrimoine portugais, devenant un souvenir embl\u00e9matique.<\/p>\n<p>Chez Ol\u00e9 Mosaic, nous sommes distributeurs de souvenirs en gros, et ce bol en noix de coco orang\u00e9 est une excellente option pour les boutiques de cadeaux touristiques \u00e0 la recherche de produits repr\u00e9sentatifs et de qualit\u00e9 mettant en valeur la culture locale.<\/p>\n","protected":false},"excerpt":{"rendered":"<p>Bol en noix de coco de couleur orange vibrante, d\u00e9cor\u00e9 d&rsquo;un motif de sardine, symbole de la tradition gastronomique de Lisbonne. Ce bol attrayant, fait \u00e0 la main, pr\u00e9sente une texture unique avec des d\u00e9tails blancs et des bords ornement\u00e9s. Parfait pour servir des ap\u00e9ritifs ou comme \u00e9l\u00e9ment d\u00e9coratif, son design souligne la richesse culturelle de la capitale portugaise, en faisant un souvenir id\u00e9al pour ceux qui souhaitent emporter un morceau de Lisbonne chez eux.<\/p>\n","protected":false},"featured_media":11797,"template":"","meta":{"_acf_changed":false},"product_brand":[],"product_cat":[521],"product_tag":[530],"class_list":{"0":"post-35162","1":"product","2":"type-product","3":"status-publish","4":"has-post-thumbnail","6":"product_cat-bols","7":"product_tag-animaux","8":"pa_ciudad-lisboa","9":"pa_motivo-sardines","10":"pa_pais-portugal","12":"first","13":"instock","14":"shipping-taxable","15":"product-type-simple"},"acf":[],"_links":{"self":[{"href":"https:\/\/olemosaic.orbitalia.org\/fr\/wp-json\/wp\/v2\/product\/35162","targetHints":{"allow":["GET"]}}],"collection":[{"href":"https:\/\/olemosaic.orbitalia.org\/fr\/wp-json\/wp\/v2\/product"}],"about":[{"href":"https:\/\/olemosaic.orbitalia.org\/fr\/wp-json\/wp\/v2\/types\/product"}],"wp:featuredmedia":[{"embeddable":true,"href":"https:\/\/olemosaic.orbitalia.org\/fr\/wp-json\/wp\/v2\/media\/11797"}],"wp:attachment":[{"href":"https:\/\/olemosaic.orbitalia.org\/fr\/wp-json\/wp\/v2\/media?parent=35162"}],"wp:term":[{"taxonomy":"product_brand","embeddable":true,"href":"https:\/\/olemosaic.orbitalia.org\/fr\/wp-json\/wp\/v2\/product_brand?post=35162"},{"taxonomy":"product_cat","embeddable":true,"href":"https:\/\/olemosaic.orbitalia.org\/fr\/wp-json\/wp\/v2\/product_cat?post=35162"},{"taxonomy":"product_tag","embeddable":true,"href":"https:\/\/olemosaic.orbitalia.org\/fr\/wp-json\/wp\/v2\/product_tag?post=35162"}],"curies":[{"name":"wp","href":"https:\/\/api.w.org\/{rel}","templated":true}]}}