{"id":35161,"date":"2025-02-20T23:37:03","date_gmt":"2025-02-20T22:37:03","guid":{"rendered":"https:\/\/olemosaic.orbitalia.org\/producto\/bol-de-coco-rojo-sardina-lisboa\/"},"modified":"2025-07-25T19:53:59","modified_gmt":"2025-07-25T17:53:59","slug":"bol-noix-de-coco-rouge-sardine-lisbonne","status":"publish","type":"product","link":"https:\/\/olemosaic.orbitalia.org\/fr\/produit\/bol-noix-de-coco-rouge-sardine-lisbonne\/","title":{"rendered":"Bol en noix de coco rouge. Sardine. Lisbonne."},"content":{"rendered":"<p>Ce bol en noix de coco rouge vibrant est une \u0153uvre d&rsquo;art qui encapsule l&rsquo;essence de Lisbonne. Avec une finition polie et lisse, sa surface brille avec un design captivant de sardines, un hommage \u00e0 la culture de la p\u00eache de la r\u00e9gion. Le bol pr\u00e9sente un \u00e9l\u00e9gant motif circulaire rouge, d\u00e9licatement combin\u00e9 \u00e0 un d\u00e9tail central attrayant o\u00f9 est grav\u00e9 le nom \u00ab\u00a0Lisbonne\u00a0\u00bb. Chaque poisson repr\u00e9sente la riche tradition de la gastronomie locale, en particulier la c\u00e9l\u00e8bre morue, un incontournable des tables portugaises.<\/p>\n<p>Ce bol n&rsquo;est pas seulement un ustensile d\u00e9coratif ; c&rsquo;est un authentique souvenir qui refl\u00e8te la vitalit\u00e9 et les couleurs de Lisbonne, id\u00e9al pour ceux qui cherchent \u00e0 ajouter une touche artistique \u00e0 leur foyer. Sa forme arrondie et son design tr\u00e8s sp\u00e9cial en font une pi\u00e8ce unique, parfaite pour \u00eatre expos\u00e9e comme \u00e9l\u00e9ment de d\u00e9coration ou pour servir de petits ap\u00e9ritifs.<\/p>\n<p>Ol\u00e9 Mosaic est fier de proposer des produits authentiques en gros, et ce bol en noix de coco rouge est un choix exceptionnel pour les boutiques de souvenirs touristiques souhaitant offrir des souvenirs de Lisbonne repr\u00e9sentatifs de sa riche culture et de ses traditions. Ce bol est plus qu&rsquo;un simple article ; c&rsquo;est un morceau de l&rsquo;histoire et du folklore du Portugal, capturant sa beaut\u00e9 et son authenticit\u00e9 dans chaque d\u00e9tail.<\/p>\n","protected":false},"excerpt":{"rendered":"<p>Bol en noix de coco d&rsquo;un rouge vibrant, d\u00e9cor\u00e9 d&rsquo;un motif de sardines \u00e9voquant l&rsquo;essence de Lisbonne. Ce bol distinctif, \u00e0 la finition polie et lisse, pr\u00e9sente des motifs circulaires rouges et un \u00e9l\u00e9gant d\u00e9tail central avec le mot \u00ab\u00a0Lisbonne\u00a0\u00bb. Id\u00e9al pour apporter une touche artistique \u00e0 n&rsquo;importe quel espace, ce bol capture la tradition et le folklore de la r\u00e9gion, devenant une pi\u00e8ce unique pour les amoureux de la culture portugaise.<\/p>\n","protected":false},"featured_media":12033,"template":"","meta":{"_acf_changed":false},"product_brand":[],"product_cat":[521],"product_tag":[530],"class_list":{"0":"post-35161","1":"product","2":"type-product","3":"status-publish","4":"has-post-thumbnail","6":"product_cat-bols","7":"product_tag-animaux","8":"pa_ciudad-lisboa","9":"pa_motivo-sardines","10":"pa_pais-portugal","12":"first","13":"instock","14":"shipping-taxable","15":"product-type-simple"},"acf":[],"_links":{"self":[{"href":"https:\/\/olemosaic.orbitalia.org\/fr\/wp-json\/wp\/v2\/product\/35161","targetHints":{"allow":["GET"]}}],"collection":[{"href":"https:\/\/olemosaic.orbitalia.org\/fr\/wp-json\/wp\/v2\/product"}],"about":[{"href":"https:\/\/olemosaic.orbitalia.org\/fr\/wp-json\/wp\/v2\/types\/product"}],"wp:featuredmedia":[{"embeddable":true,"href":"https:\/\/olemosaic.orbitalia.org\/fr\/wp-json\/wp\/v2\/media\/12033"}],"wp:attachment":[{"href":"https:\/\/olemosaic.orbitalia.org\/fr\/wp-json\/wp\/v2\/media?parent=35161"}],"wp:term":[{"taxonomy":"product_brand","embeddable":true,"href":"https:\/\/olemosaic.orbitalia.org\/fr\/wp-json\/wp\/v2\/product_brand?post=35161"},{"taxonomy":"product_cat","embeddable":true,"href":"https:\/\/olemosaic.orbitalia.org\/fr\/wp-json\/wp\/v2\/product_cat?post=35161"},{"taxonomy":"product_tag","embeddable":true,"href":"https:\/\/olemosaic.orbitalia.org\/fr\/wp-json\/wp\/v2\/product_tag?post=35161"}],"curies":[{"name":"wp","href":"https:\/\/api.w.org\/{rel}","templated":true}]}}