{"id":35160,"date":"2025-02-20T22:37:03","date_gmt":"2025-02-20T22:37:03","guid":{"rendered":"https:\/\/olemosaic.orbitalia.org\/producto\/bol-de-coco-naranja-toro\/"},"modified":"2025-07-25T20:08:31","modified_gmt":"2025-07-25T18:08:31","slug":"bol-noix-de-coco-orange-taureau","status":"publish","type":"product","link":"https:\/\/olemosaic.orbitalia.org\/fr\/produit\/bol-noix-de-coco-orange-taureau\/","title":{"rendered":"Bol en noix de coco orange. Taureau."},"content":{"rendered":"<p>Ce bol en noix de coco, d&rsquo;une couleur orange vibrante, est une pi\u00e8ce artisanale qui capture l&rsquo;essence et le folklore de la culture espagnole. Son design met en valeur la texture naturelle de la coque de noix de coco, qui accentue les tons chauds de l&rsquo;int\u00e9rieur, cr\u00e9ant un effet visuel attrayant et original. Au centre, une silhouette \u00e9l\u00e9gante de taureau ressort, symbolisant la fiert\u00e9 et la tradition que repr\u00e9sentent ces animaux majestueux dans l&rsquo;histoire taurine de l&rsquo;Espagne. Ce bol, en plus d&rsquo;\u00eatre parfait pour servir des ap\u00e9ritifs, devient un \u00e9l\u00e9ment d\u00e9coratif id\u00e9al pour tout environnement recherchant une touche d&rsquo;authenticit\u00e9 et de culture.<\/p>\n<p>La pertinence culturelle du taureau en Espagne en fait un motif iconique, repr\u00e9sentant le courage et la passion du peuple espagnol. Ce bol en noix de coco, au-del\u00e0 de sa fonctionnalit\u00e9, est un souvenir qui invite les touristes \u00e0 emporter un morceau du riche h\u00e9ritage espagnol. Chez Ol\u00e9 Mosaic, nous nous consacrons \u00e0 la distribution de souvenirs en gros, offrant des produits qui c\u00e9l\u00e8brent l&rsquo;artisanat et le folklore de chaque r\u00e9gion. Ce bol en noix de coco est non seulement une excellente option pour les boutiques de cadeaux touristiques, mais aussi un cadeau unique et significatif qui souligne la valeur culturelle de l&rsquo;Espagne et sa diversit\u00e9.<\/p>\n","protected":false},"excerpt":{"rendered":"<p>Bol en noix de coco d&rsquo;une couleur orange vibrante, orn\u00e9 de la silhouette d&rsquo;un taureau, symbole embl\u00e9matique de la culture espagnole. Fabriqu\u00e9 artisanalement, ce bol se distingue par son design caract\u00e9ristique, avec une texture imitant l&rsquo;\u00e9corce de noix de coco et soulignant les tons chauds de son int\u00e9rieur. Parfait pour servir des ap\u00e9ritifs ou comme \u00e9l\u00e9ment d\u00e9coratif, ce produit \u00e9voque la tradition et le folklore de l&rsquo;Espagne, devenant un cadeau original et id\u00e9al.<\/p>\n","protected":false},"featured_media":13415,"template":"","meta":{"_acf_changed":false},"product_brand":[],"product_cat":[521],"product_tag":[530],"class_list":{"0":"post-35160","1":"product","2":"type-product","3":"status-publish","4":"has-post-thumbnail","6":"product_cat-bols","7":"product_tag-animaux","8":"pa_motivo-taureaux","10":"first","11":"instock","12":"shipping-taxable","13":"product-type-simple"},"acf":[],"_links":{"self":[{"href":"https:\/\/olemosaic.orbitalia.org\/fr\/wp-json\/wp\/v2\/product\/35160","targetHints":{"allow":["GET"]}}],"collection":[{"href":"https:\/\/olemosaic.orbitalia.org\/fr\/wp-json\/wp\/v2\/product"}],"about":[{"href":"https:\/\/olemosaic.orbitalia.org\/fr\/wp-json\/wp\/v2\/types\/product"}],"wp:featuredmedia":[{"embeddable":true,"href":"https:\/\/olemosaic.orbitalia.org\/fr\/wp-json\/wp\/v2\/media\/13415"}],"wp:attachment":[{"href":"https:\/\/olemosaic.orbitalia.org\/fr\/wp-json\/wp\/v2\/media?parent=35160"}],"wp:term":[{"taxonomy":"product_brand","embeddable":true,"href":"https:\/\/olemosaic.orbitalia.org\/fr\/wp-json\/wp\/v2\/product_brand?post=35160"},{"taxonomy":"product_cat","embeddable":true,"href":"https:\/\/olemosaic.orbitalia.org\/fr\/wp-json\/wp\/v2\/product_cat?post=35160"},{"taxonomy":"product_tag","embeddable":true,"href":"https:\/\/olemosaic.orbitalia.org\/fr\/wp-json\/wp\/v2\/product_tag?post=35160"}],"curies":[{"name":"wp","href":"https:\/\/api.w.org\/{rel}","templated":true}]}}