{"id":35159,"date":"2025-02-20T23:37:03","date_gmt":"2025-02-20T22:37:03","guid":{"rendered":"https:\/\/olemosaic.orbitalia.org\/producto\/bol-de-coco-fucsia-toro-2\/"},"modified":"2025-07-25T20:34:55","modified_gmt":"2025-07-25T18:34:55","slug":"bol-noix-de-coco-fuchsia-taureau-2","status":"publish","type":"product","link":"https:\/\/olemosaic.orbitalia.org\/fr\/produit\/bol-noix-de-coco-fuchsia-taureau-2\/","title":{"rendered":"Bol en noix de coco fuchsia. Taureau. Bordure contemporaine."},"content":{"rendered":"<p>Ce bol en noix de coco fuchsia est un charmant objet d\u00e9coratif qui fusionne l&rsquo;art et la culture espagnole dans un design unique. Sa base arrondie est orn\u00e9e d&rsquo;un taureau embl\u00e9matique au centre, symbole de la riche tradition taurine qui caract\u00e9rise l&rsquo;Espagne. La couleur fuchsia vibrante se d\u00e9marque, tandis que les d\u00e9tails en c\u00e9ramique, imitant des pierres de diff\u00e9rentes teintes dispos\u00e9es harmonieusement, ajoutent une touche contemporaine et festive qui captive le regard.<\/p>\n<p>L&rsquo;int\u00e9rieur du bol pr\u00e9sente une disposition \u00e9labor\u00e9e de tonalit\u00e9s \u00e9voquant la chaleur de l&rsquo;ambiance m\u00e9diterran\u00e9enne, ce qui en fait un \u00e9l\u00e9ment id\u00e9al pour d\u00e9corer les tables ou rehausser l&rsquo;esth\u00e9tique de n&rsquo;importe quelle pi\u00e8ce. Son design intemporel et sa connexion avec la culture taurine en font un excellent souvenir repr\u00e9sentant l&rsquo;authenticit\u00e9 et l&rsquo;esprit joyeux de l&rsquo;Espagne.<\/p>\n<p>Parfait comme cadeau ou souvenir pour ceux qui cherchent \u00e0 emporter un morceau de la tradition espagnole, ce bol n&rsquo;est pas seulement une pi\u00e8ce d\u00e9corative, mais un hommage \u00e0 l&rsquo;h\u00e9ritage culturel du pays. Chez Ol\u00e9 Mosaic, en tant que grossiste d&rsquo;articles repr\u00e9sentatifs, nous garantissons que ce bol en noix de coco est un choix exceptionnel pour les boutiques de souvenirs touristiques souhaitant proposer des produits authentiques et m\u00e9morables d&rsquo;Espagne.<\/p>\n","protected":false},"excerpt":{"rendered":"<p>Bol en noix de coco fuchsia, d\u00e9cor\u00e9 d&rsquo;un taureau embl\u00e9matique au centre. Cet objet attrayant pr\u00e9sente un design color\u00e9 et contemporain, avec des d\u00e9tails en c\u00e9ramique simulant des pierres fuchsia dispos\u00e9es de mani\u00e8re harmonieuse. Sa forme arrondie se distingue par le m\u00e9lange de tons vibrants qui lui donnent un air festif. Id\u00e9al comme centre de table ou pour apporter une touche espagnole \u00e0 n&rsquo;importe quel espace, ce bol refl\u00e8te la riche culture taurine de l&rsquo;Espagne.<\/p>\n","protected":false},"featured_media":11960,"template":"","meta":{"_acf_changed":false},"product_brand":[],"product_cat":[521],"product_tag":[530],"class_list":{"0":"post-35159","1":"product","2":"type-product","3":"status-publish","4":"has-post-thumbnail","6":"product_cat-bols","7":"product_tag-animaux","8":"pa_motivo-taureaux","10":"first","11":"instock","12":"shipping-taxable","13":"product-type-simple"},"acf":[],"_links":{"self":[{"href":"https:\/\/olemosaic.orbitalia.org\/fr\/wp-json\/wp\/v2\/product\/35159","targetHints":{"allow":["GET"]}}],"collection":[{"href":"https:\/\/olemosaic.orbitalia.org\/fr\/wp-json\/wp\/v2\/product"}],"about":[{"href":"https:\/\/olemosaic.orbitalia.org\/fr\/wp-json\/wp\/v2\/types\/product"}],"wp:featuredmedia":[{"embeddable":true,"href":"https:\/\/olemosaic.orbitalia.org\/fr\/wp-json\/wp\/v2\/media\/11960"}],"wp:attachment":[{"href":"https:\/\/olemosaic.orbitalia.org\/fr\/wp-json\/wp\/v2\/media?parent=35159"}],"wp:term":[{"taxonomy":"product_brand","embeddable":true,"href":"https:\/\/olemosaic.orbitalia.org\/fr\/wp-json\/wp\/v2\/product_brand?post=35159"},{"taxonomy":"product_cat","embeddable":true,"href":"https:\/\/olemosaic.orbitalia.org\/fr\/wp-json\/wp\/v2\/product_cat?post=35159"},{"taxonomy":"product_tag","embeddable":true,"href":"https:\/\/olemosaic.orbitalia.org\/fr\/wp-json\/wp\/v2\/product_tag?post=35159"}],"curies":[{"name":"wp","href":"https:\/\/api.w.org\/{rel}","templated":true}]}}