{"id":35139,"date":"2025-02-20T22:37:02","date_gmt":"2025-02-20T22:37:02","guid":{"rendered":"https:\/\/olemosaic.orbitalia.org\/producto\/bol-de-coco-de-corazones-toro\/"},"modified":"2025-07-25T20:22:09","modified_gmt":"2025-07-25T18:22:09","slug":"bol-noix-de-coco-coeurs-taureau","status":"publish","type":"product","link":"https:\/\/olemosaic.orbitalia.org\/fr\/produit\/bol-noix-de-coco-coeurs-taureau\/","title":{"rendered":"Bol en noix de coco c\u0153urs. Taureau."},"content":{"rendered":"<p>Ce bol en noix de coco d\u00e9cor\u00e9 est une magnifique repr\u00e9sentation de l&rsquo;art populaire espagnol, id\u00e9al pour ceux qui recherchent un souvenir authentique et significatif. La pi\u00e8ce se distingue par sa mosa\u00efque vibrante de c\u0153urs dans des tons bleus, orange et dor\u00e9s, qui forment un \u00e9clat attrayant et chaleureux autour de la surface. Au centre, le design iconique d&rsquo;un taureau, symbole de la riche culture et tradition espagnole, est pr\u00e9sent\u00e9 dans un ton marron profond, apportant une touche distinctive qui souligne son caract\u00e8re unique.<\/p>\n<p>Ce bol ne sert pas seulement de pi\u00e8ce d\u00e9corative exceptionnelle, mais peut \u00e9galement \u00eatre utilis\u00e9 au quotidien, alliant fonctionnalit\u00e9 et esth\u00e9tique. Sa finition artisanale met en valeur le d\u00e9vouement et le talent des artisans locaux, faisant de chaque bol une \u0153uvre exclusive. Avec des racines dans la culture m\u00e9diterran\u00e9enne, cette pi\u00e8ce \u00e9voque la passion et la joie de vivre en Espagne, ce qui en fait un souvenir parfait pour les touristes et les visiteurs.<\/p>\n<p>Chez Ol\u00e9 Mosaic, nous sommes sp\u00e9cialistes de la distribution de souvenirs en gros, offrant des produits qui capturent l&rsquo;essence et l&rsquo;authenticit\u00e9 de l&rsquo;Espagne. Ce bol en noix de coco d\u00e9cor\u00e9 est une option id\u00e9ale pour les boutiques de cadeaux touristiques souhaitant proposer des articles c\u00e9l\u00e9brant la tradition et l&rsquo;art espagnol. En tant que grossiste de souvenirs d&rsquo;Espagne, nous garantissons que chaque pi\u00e8ce affiche la qualit\u00e9 et la valeur culturelle que les touristes recherchent.<\/p>\n","protected":false},"excerpt":{"rendered":"<p>Bol en noix de coco d\u00e9cor\u00e9 de charmants c\u0153urs et du design iconique d&rsquo;un taureau \u00e0 l&rsquo;int\u00e9rieur. Ce produit artisanal pr\u00e9sente une finition aux tons chaleureux, avec une mosa\u00efque de c\u0153urs en bleu, orange et dor\u00e9 qui lui conf\u00e8rent un \u00e9clat attrayant. La figure du taureau, symbole de la culture espagnole, est peinte dans un ton marron fonc\u00e9, ajoutant une touche distinctive. Id\u00e9al comme pi\u00e8ce d\u00e9corative ou pour un usage quotidien, ce bol met en avant la tradition et l&rsquo;art populaire de l&rsquo;Espagne.<\/p>\n","protected":false},"featured_media":13496,"template":"","meta":{"_acf_changed":false},"product_brand":[],"product_cat":[521],"product_tag":[530],"class_list":{"0":"post-35139","1":"product","2":"type-product","3":"status-publish","4":"has-post-thumbnail","6":"product_cat-bols","7":"product_tag-animaux","8":"pa_motivo-taureaux","10":"first","11":"instock","12":"shipping-taxable","13":"product-type-simple"},"acf":[],"_links":{"self":[{"href":"https:\/\/olemosaic.orbitalia.org\/fr\/wp-json\/wp\/v2\/product\/35139","targetHints":{"allow":["GET"]}}],"collection":[{"href":"https:\/\/olemosaic.orbitalia.org\/fr\/wp-json\/wp\/v2\/product"}],"about":[{"href":"https:\/\/olemosaic.orbitalia.org\/fr\/wp-json\/wp\/v2\/types\/product"}],"wp:featuredmedia":[{"embeddable":true,"href":"https:\/\/olemosaic.orbitalia.org\/fr\/wp-json\/wp\/v2\/media\/13496"}],"wp:attachment":[{"href":"https:\/\/olemosaic.orbitalia.org\/fr\/wp-json\/wp\/v2\/media?parent=35139"}],"wp:term":[{"taxonomy":"product_brand","embeddable":true,"href":"https:\/\/olemosaic.orbitalia.org\/fr\/wp-json\/wp\/v2\/product_brand?post=35139"},{"taxonomy":"product_cat","embeddable":true,"href":"https:\/\/olemosaic.orbitalia.org\/fr\/wp-json\/wp\/v2\/product_cat?post=35139"},{"taxonomy":"product_tag","embeddable":true,"href":"https:\/\/olemosaic.orbitalia.org\/fr\/wp-json\/wp\/v2\/product_tag?post=35139"}],"curies":[{"name":"wp","href":"https:\/\/api.w.org\/{rel}","templated":true}]}}