{"id":35122,"date":"2025-02-20T23:37:00","date_gmt":"2025-02-20T22:37:00","guid":{"rendered":"https:\/\/olemosaic.orbitalia.org\/producto\/bol-de-coco-azul-toro-2\/"},"modified":"2025-07-25T20:36:34","modified_gmt":"2025-07-25T18:36:34","slug":"bol-de-coco-bleu-taureau-espagne","status":"publish","type":"product","link":"https:\/\/olemosaic.orbitalia.org\/fr\/produit\/bol-de-coco-bleu-taureau-espagne\/","title":{"rendered":"Bol de coco bleu. Taureau. Espagne."},"content":{"rendered":"<p>Ce bol de coco bleu d\u00e9cor\u00e9 d&rsquo;un embl\u00e9matique taureau est une pi\u00e8ce authentique qui refl\u00e8te la riche tradition culturelle espagnole. Son design \u00e9labor\u00e9 pr\u00e9sente un fond bleu vibrant qui \u00e9voque le ciel et la mer M\u00e9diterran\u00e9e, encadr\u00e9 par de d\u00e9licats \u00e9l\u00e9ments d\u00e9coratifs dans des tons clairs qui lui apportent une touche d&rsquo;\u00e9l\u00e9gance. Au centre, un majestueux taureau blanc se dresse fi\u00e8rement, symbolisant la force et la passion du folklore espagnol, particuli\u00e8rement li\u00e9 aux corridas, une pratique profond\u00e9ment ancr\u00e9e dans la culture du pays.<\/p>\n<p>Fabriqu\u00e9 \u00e0 la main en coco, ce bol n&rsquo;est pas seulement visuellement attrayant, mais il se distingue \u00e9galement par sa technique artisanale, qui garantit une finition unique \u00e0 chaque pi\u00e8ce. Parfait tant pour un usage d\u00e9coratif que fonctionnel, il peut \u00eatre utilis\u00e9 pour servir des ap\u00e9ritifs ou simplement comme \u00e9l\u00e9ment d\u00e9coratif dans n&rsquo;importe quelle pi\u00e8ce. La connexion culturelle de ce bol avec l&rsquo;Espagne en fait un souvenir m\u00e9morable, id\u00e9al pour les touristes qui cherchent \u00e0 emporter un fragment du riche h\u00e9ritage culturel du pays.<\/p>\n<p>Chez Ol\u00e9 Mosaic, en tant que grossistes de souvenirs authentiques, nous proposons ce bol exclusif en coco bleu, qui repr\u00e9sente une excellente option pour les boutiques de cadeaux touristiques souhaitant offrir des produits ayant une profonde signification culturelle. Ce bol n&rsquo;est pas seulement un objet utile, mais aussi un v\u00e9ritable symbole de l&rsquo;art et de la tradition espagnole, ce qui en fait le souvenir parfait pour tous ceux qui visitent l&rsquo;Espagne.<\/p>\n","protected":false},"excerpt":{"rendered":"<p>Bol de coco bleu d\u00e9cor\u00e9 d&rsquo;un embl\u00e9matique taureau, repr\u00e9sentation de la riche tradition culturelle espagnole. Fabriqu\u00e9 en coco, son design pr\u00e9sente un fond bleu vibrant avec des \u00e9l\u00e9ments d\u00e9coratifs dans des tons clairs qui encadrent la figure d&rsquo;un taureau blanc au centre. Ce bol, id\u00e9al tant pour un usage d\u00e9coratif que fonctionnel, se distingue par sa technique artisanale et son attrait visuel, \u00e9voquant l&rsquo;essence du folklore espagnol.<\/p>\n","protected":false},"featured_media":12024,"template":"","meta":{"_acf_changed":false},"product_brand":[],"product_cat":[521],"product_tag":[530],"class_list":{"0":"post-35122","1":"product","2":"type-product","3":"status-publish","4":"has-post-thumbnail","6":"product_cat-bols","7":"product_tag-animaux","8":"pa_motivo-taureaux","10":"first","11":"instock","12":"shipping-taxable","13":"product-type-simple"},"acf":[],"_links":{"self":[{"href":"https:\/\/olemosaic.orbitalia.org\/fr\/wp-json\/wp\/v2\/product\/35122","targetHints":{"allow":["GET"]}}],"collection":[{"href":"https:\/\/olemosaic.orbitalia.org\/fr\/wp-json\/wp\/v2\/product"}],"about":[{"href":"https:\/\/olemosaic.orbitalia.org\/fr\/wp-json\/wp\/v2\/types\/product"}],"wp:featuredmedia":[{"embeddable":true,"href":"https:\/\/olemosaic.orbitalia.org\/fr\/wp-json\/wp\/v2\/media\/12024"}],"wp:attachment":[{"href":"https:\/\/olemosaic.orbitalia.org\/fr\/wp-json\/wp\/v2\/media?parent=35122"}],"wp:term":[{"taxonomy":"product_brand","embeddable":true,"href":"https:\/\/olemosaic.orbitalia.org\/fr\/wp-json\/wp\/v2\/product_brand?post=35122"},{"taxonomy":"product_cat","embeddable":true,"href":"https:\/\/olemosaic.orbitalia.org\/fr\/wp-json\/wp\/v2\/product_cat?post=35122"},{"taxonomy":"product_tag","embeddable":true,"href":"https:\/\/olemosaic.orbitalia.org\/fr\/wp-json\/wp\/v2\/product_tag?post=35122"}],"curies":[{"name":"wp","href":"https:\/\/api.w.org\/{rel}","templated":true}]}}