{"id":35119,"date":"2025-02-20T23:37:00","date_gmt":"2025-02-20T22:37:00","guid":{"rendered":"https:\/\/olemosaic.orbitalia.org\/producto\/bol-de-coco-azul-toro\/"},"modified":"2025-07-25T18:50:27","modified_gmt":"2025-07-25T16:50:27","slug":"bol-de-coco-bleu-taureau","status":"publish","type":"product","link":"https:\/\/olemosaic.orbitalia.org\/fr\/produit\/bol-de-coco-bleu-taureau\/","title":{"rendered":"Bol de coco bleu. Taureau."},"content":{"rendered":"<p>Ce bol en c\u00e9ramique d\u00e9cor\u00e9, inspir\u00e9 par la riche tradition espagnole de la tauromachie, est une pi\u00e8ce qui allie art et fonctionnalit\u00e9 de mani\u00e8re exceptionnelle. Avec un design vibrant dans des tons bleus et dor\u00e9s, ce bol pr\u00e9sente une finition brillante qui capture la lumi\u00e8re et ajoute une touche \u00e9l\u00e9gante \u00e0 n&rsquo;importe quel environnement. Au centre, se d\u00e9tache la silhouette d&rsquo;un taureau, symbole iconique de la culture espagnole, qui rehausse son attrait visuel et connecte les utilisateurs aux racines folkloriques de l&rsquo;Espagne.<\/p>\n<p>L&rsquo;int\u00e9rieur du bol montre un motif complexe de couleurs qui \u00e9voque la beaut\u00e9 de la c\u00e9ramique artisanale. Les d\u00e9tails dor\u00e9s, m\u00e9ticuleusement appliqu\u00e9s, s&rsquo;entrelacent avec le bleu, cr\u00e9ant un effet captivant qui attirera s\u00fbrement l&rsquo;attention sur n&rsquo;importe quelle table ou \u00e9tag\u00e8re. Id\u00e9al pour servir des tapas, des salades ou simplement comme \u00e9l\u00e9ment d\u00e9coratif, ce bol est \u00e0 la fois un objet utile et une magnifique \u0153uvre d&rsquo;art.<\/p>\n<p>Chez Ol\u00e9 Mosaic, nous comprenons l&rsquo;importance de proposer des souvenirs authentiques qui repr\u00e9sentent la culture locale. Ce bol en c\u00e9ramique n&rsquo;est pas seulement un excellent souvenir pour les touristes \u00e0 la recherche de quelque chose d&rsquo;unique, mais il c\u00e9l\u00e8bre \u00e9galement l&rsquo;h\u00e9ritage de la tauromachie, profond\u00e9ment ancr\u00e9 dans la tradition espagnole. En tant que grossiste en c\u00e9ramique, nous fournissons des produits artisanaux qui se distinguent par leur authenticit\u00e9 et leur valeur culturelle, parfaits pour les boutiques de cadeaux touristiques souhaitant offrir \u00e0 leurs clients une pi\u00e8ce d&rsquo;Espagne avec caract\u00e8re et distinction.<\/p>\n","protected":false},"excerpt":{"rendered":"<p>Bol de coco d\u00e9cor\u00e9 en bleu et dor\u00e9, avec la silhouette d&rsquo;un taureau au centre. Ce bol attrayant, inspir\u00e9 de la tradition taurine espagnole, pr\u00e9sente un design vibrant qui combine des tons bleus avec des d\u00e9tails dor\u00e9s, cr\u00e9ant un effet visuel captivant. Parfait pour servir ou comme \u00e9l\u00e9ment d\u00e9coratif, ce bol refl\u00e8te la riche culture et le folklore de l&rsquo;Espagne, id\u00e9al pour les amateurs de c\u00e9ramique artistique.<\/p>\n","protected":false},"featured_media":13413,"template":"","meta":{"_acf_changed":false},"product_brand":[],"product_cat":[521],"product_tag":[530],"class_list":{"0":"post-35119","1":"product","2":"type-product","3":"status-publish","4":"has-post-thumbnail","6":"product_cat-bols","7":"product_tag-animaux","8":"pa_motivo-taureaux","10":"first","11":"instock","12":"shipping-taxable","13":"product-type-simple"},"acf":[],"_links":{"self":[{"href":"https:\/\/olemosaic.orbitalia.org\/fr\/wp-json\/wp\/v2\/product\/35119","targetHints":{"allow":["GET"]}}],"collection":[{"href":"https:\/\/olemosaic.orbitalia.org\/fr\/wp-json\/wp\/v2\/product"}],"about":[{"href":"https:\/\/olemosaic.orbitalia.org\/fr\/wp-json\/wp\/v2\/types\/product"}],"wp:featuredmedia":[{"embeddable":true,"href":"https:\/\/olemosaic.orbitalia.org\/fr\/wp-json\/wp\/v2\/media\/13413"}],"wp:attachment":[{"href":"https:\/\/olemosaic.orbitalia.org\/fr\/wp-json\/wp\/v2\/media?parent=35119"}],"wp:term":[{"taxonomy":"product_brand","embeddable":true,"href":"https:\/\/olemosaic.orbitalia.org\/fr\/wp-json\/wp\/v2\/product_brand?post=35119"},{"taxonomy":"product_cat","embeddable":true,"href":"https:\/\/olemosaic.orbitalia.org\/fr\/wp-json\/wp\/v2\/product_cat?post=35119"},{"taxonomy":"product_tag","embeddable":true,"href":"https:\/\/olemosaic.orbitalia.org\/fr\/wp-json\/wp\/v2\/product_tag?post=35119"}],"curies":[{"name":"wp","href":"https:\/\/api.w.org\/{rel}","templated":true}]}}