{"id":35092,"date":"2025-02-20T23:36:58","date_gmt":"2025-02-20T22:36:58","guid":{"rendered":"https:\/\/olemosaic.orbitalia.org\/producto\/mug-de-ceramica-gallos-blanco-95-cm\/"},"modified":"2025-07-25T18:36:01","modified_gmt":"2025-07-25T16:36:01","slug":"mug-en-ceramique-coqs-blanc-9-5-cm","status":"publish","type":"product","link":"https:\/\/olemosaic.orbitalia.org\/fr\/produit\/mug-en-ceramique-coqs-blanc-9-5-cm\/","title":{"rendered":"Mug en c\u00e9ramique. Coqs. Blanc. 9,5 cm."},"content":{"rendered":"<p>Tasse en c\u00e9ramique blanche de 9,5 cm orn\u00e9e d&rsquo;un design vibrant de coq, symbole embl\u00e9matique de la culture portugaise. Cette charmante tasse pr\u00e9sente un coq peint \u00e0 la main en rouge, noir et bleu, qui se d\u00e9tache sur un fond blanc d\u00e9cor\u00e9 de d\u00e9licats motifs de c\u0153urs et de fleurs. Le coq, \u00e9l\u00e9ment embl\u00e9matique du folklore portugais, est associ\u00e9 \u00e0 la l\u00e9gende du \u00ab\u00a0Coq de Barcelos\u00a0\u00bb, qui repr\u00e9sente la justice et la foi, devenant un symbole de chance. L&rsquo;anse de la tasse, ing\u00e9nieusement sculpt\u00e9e en forme de coq, apporte une touche d\u00e9corative distinctive, tout en \u00e9tant fonctionnelle. Avec un design joyeux et distinctif, cette tasse est plus qu&rsquo;un simple objet du quotidien : c&rsquo;est un authentique souvenir qui encapsule l&rsquo;essence culturelle du Portugal. Id\u00e9ale pour les touristes souhaitant ramener un morceau de la tradition lusitanienne chez eux, cette tasse en c\u00e9ramique est une excellente option de cadeau, parfaite pour les boutiques de souvenirs cherchant \u00e0 offrir des produits authentiques et significatifs. Chez Ol\u00e9 Mosaic, en tant que grossistes d&rsquo;articles typiques, nous garantissons la qualit\u00e9 et la singularit\u00e9 de chacun de nos souvenirs en c\u00e9ramique.<\/p>\n","protected":false},"excerpt":{"rendered":"<p>Tasse en c\u00e9ramique blanche de 9,5 cm orn\u00e9e d&rsquo;un design vibrant de coq, symbole embl\u00e9matique de la culture portugaise. Cette jolie tasse pr\u00e9sente un coq au design artisanal, peint \u00e0 la main, en rouge, noir et bleu, compl\u00e9t\u00e9 par des motifs de c\u0153urs et de fleurs, ce qui lui donne une touche joyeuse et distinctive. L&rsquo;anse de la tasse est con\u00e7ue pour simuler la forme d&rsquo;un coq, apportant un \u00e9l\u00e9ment d\u00e9coratif original \u00e0 ce produit utile et charmant.<\/p>\n","protected":false},"featured_media":8917,"template":"","meta":{"_acf_changed":false},"product_brand":[],"product_cat":[728],"product_tag":[530,585],"class_list":{"0":"post-35092","1":"product","2":"type-product","3":"status-publish","4":"has-post-thumbnail","6":"product_cat-mugs","7":"product_tag-animaux","8":"product_tag-ceramique","9":"pa_motivo-coqs","11":"first","12":"instock","13":"shipping-taxable","14":"product-type-simple"},"acf":[],"_links":{"self":[{"href":"https:\/\/olemosaic.orbitalia.org\/fr\/wp-json\/wp\/v2\/product\/35092","targetHints":{"allow":["GET"]}}],"collection":[{"href":"https:\/\/olemosaic.orbitalia.org\/fr\/wp-json\/wp\/v2\/product"}],"about":[{"href":"https:\/\/olemosaic.orbitalia.org\/fr\/wp-json\/wp\/v2\/types\/product"}],"wp:featuredmedia":[{"embeddable":true,"href":"https:\/\/olemosaic.orbitalia.org\/fr\/wp-json\/wp\/v2\/media\/8917"}],"wp:attachment":[{"href":"https:\/\/olemosaic.orbitalia.org\/fr\/wp-json\/wp\/v2\/media?parent=35092"}],"wp:term":[{"taxonomy":"product_brand","embeddable":true,"href":"https:\/\/olemosaic.orbitalia.org\/fr\/wp-json\/wp\/v2\/product_brand?post=35092"},{"taxonomy":"product_cat","embeddable":true,"href":"https:\/\/olemosaic.orbitalia.org\/fr\/wp-json\/wp\/v2\/product_cat?post=35092"},{"taxonomy":"product_tag","embeddable":true,"href":"https:\/\/olemosaic.orbitalia.org\/fr\/wp-json\/wp\/v2\/product_tag?post=35092"}],"curies":[{"name":"wp","href":"https:\/\/api.w.org\/{rel}","templated":true}]}}