{"id":35089,"date":"2025-02-20T23:36:58","date_gmt":"2025-02-20T22:36:58","guid":{"rendered":"https:\/\/olemosaic.orbitalia.org\/producto\/4-bols-de-coco-de-13-x-6-cm-delfin-5\/"},"modified":"2025-07-25T18:39:14","modified_gmt":"2025-07-25T16:39:14","slug":"4-bols-en-noix-de-coco-de-13-x-6-cm-dauphin-5","status":"publish","type":"product","link":"https:\/\/olemosaic.orbitalia.org\/fr\/produit\/4-bols-en-noix-de-coco-de-13-x-6-cm-dauphin-5\/","title":{"rendered":"4 Bols en noix de coco de 13 x 6 cm. Dauphin. Vert, orange, jaune et rouge."},"content":{"rendered":"<p>Plongez dans la culture maritime vibrante avec ces charmants bols en noix de coco de 13 x 6 cm, d\u00e9licieusement d\u00e9cor\u00e9s de motifs de dauphins. Chacun des quatre bols pr\u00e9sente une palette de couleurs dynamique comprenant des verts, des oranges, des jaunes et des rouges, le tout avec une finition brillante qui rehausse les d\u00e9tails subtils en forme de dauphin, symbole d&rsquo;amiti\u00e9 et de joie en mer. Ce design artisanal, peint \u00e0 la main, embellit non seulement votre environnement, mais refl\u00e8te \u00e9galement la riche tradition de l&rsquo;artisanat local, ce qui les rend parfaits pour servir des ap\u00e9ritifs ou comme pi\u00e8ces d\u00e9coratives \u00e9voquant la fra\u00eecheur de l&rsquo;oc\u00e9an.<\/p>\n<p>Ces bols en noix de coco sont un hommage au style de vie c\u00f4tier, id\u00e9aux pour les boutiques de souvenirs touristiques cherchant \u00e0 offrir \u00e0 leurs clients un souvenir authentique et repr\u00e9sentatif de la vie marine. Chaque bouch\u00e9e servie dans ces bols sera un d\u00e9lice pour les sens et \u00e9voquera des souvenirs de moments sp\u00e9ciaux v\u00e9cus au bord de la mer. Ol\u00e9 Mosaic est fier d&rsquo;\u00eatre un distributeur de souvenirs en gros, proposant des produits qui c\u00e9l\u00e8brent la culture et les traditions locales. Avec ces bols en noix de coco, vos clients auront une excellente option de souvenir alliant fonctionnalit\u00e9, esth\u00e9tique et authenticit\u00e9 dans chaque pi\u00e8ce.<\/p>\n","protected":false},"excerpt":{"rendered":"<p>Bols en noix de coco de 13 x 6 cm, d\u00e9cor\u00e9s de motifs de dauphins, id\u00e9aux pour apporter une touche maritime \u00e0 n&rsquo;importe quel espace. Chacun des quatre bols pr\u00e9sente des couleurs vibrantes dans des tons verts, oranges, jaunes et rouges, avec une finition brillante qui rehausse les d\u00e9tails des dauphins. Leur design artisanal, peint \u00e0 la main, refl\u00e8te l&rsquo;artisanat traditionnel, ce qui les rend parfaits pour servir des ap\u00e9ritifs ou comme \u00e9l\u00e9ments d\u00e9coratifs.<\/p>\n","protected":false},"featured_media":10640,"template":"","meta":{"_acf_changed":false},"product_brand":[],"product_cat":[521],"product_tag":[530],"class_list":{"0":"post-35089","1":"product","2":"type-product","3":"status-publish","4":"has-post-thumbnail","6":"product_cat-bols","7":"product_tag-animaux","8":"pa_motivo-dauphins","10":"first","11":"instock","12":"shipping-taxable","13":"product-type-simple"},"acf":[],"_links":{"self":[{"href":"https:\/\/olemosaic.orbitalia.org\/fr\/wp-json\/wp\/v2\/product\/35089","targetHints":{"allow":["GET"]}}],"collection":[{"href":"https:\/\/olemosaic.orbitalia.org\/fr\/wp-json\/wp\/v2\/product"}],"about":[{"href":"https:\/\/olemosaic.orbitalia.org\/fr\/wp-json\/wp\/v2\/types\/product"}],"wp:featuredmedia":[{"embeddable":true,"href":"https:\/\/olemosaic.orbitalia.org\/fr\/wp-json\/wp\/v2\/media\/10640"}],"wp:attachment":[{"href":"https:\/\/olemosaic.orbitalia.org\/fr\/wp-json\/wp\/v2\/media?parent=35089"}],"wp:term":[{"taxonomy":"product_brand","embeddable":true,"href":"https:\/\/olemosaic.orbitalia.org\/fr\/wp-json\/wp\/v2\/product_brand?post=35089"},{"taxonomy":"product_cat","embeddable":true,"href":"https:\/\/olemosaic.orbitalia.org\/fr\/wp-json\/wp\/v2\/product_cat?post=35089"},{"taxonomy":"product_tag","embeddable":true,"href":"https:\/\/olemosaic.orbitalia.org\/fr\/wp-json\/wp\/v2\/product_tag?post=35089"}],"curies":[{"name":"wp","href":"https:\/\/api.w.org\/{rel}","templated":true}]}}