{"id":35077,"date":"2025-02-20T23:36:57","date_gmt":"2025-02-20T22:36:57","guid":{"rendered":"https:\/\/olemosaic.orbitalia.org\/producto\/4-bols-de-coco-de-13-x-6-cm-caballito-de-mar-4\/"},"modified":"2025-07-25T19:37:20","modified_gmt":"2025-07-25T17:37:20","slug":"4-bols-en-noix-de-coco-13-x-6-cm-hippocampe-4","status":"publish","type":"product","link":"https:\/\/olemosaic.orbitalia.org\/fr\/produit\/4-bols-en-noix-de-coco-13-x-6-cm-hippocampe-4\/","title":{"rendered":"4 Bols en noix de coco de 13 x 6 cm. Hippocampe. Motif c\u0153urs."},"content":{"rendered":"<p>Ensembles de 4 bols en noix de coco avec de charmants motifs d&rsquo;hippocampes<\/p>\n<p>Ces ensembles de 4 bols en noix de coco sont un ornement pr\u00e9cieux pour toute collection de souvenirs, id\u00e9aux pour ceux qui recherchent un souvenir authentique et fonctionnel de leur visite dans les r\u00e9gions c\u00f4ti\u00e8res d&rsquo;Espagne. Chaque bol, d&rsquo;une taille de 13 x 6 cm, se pr\u00e9sente sur un fond vibrant de couleurs vari\u00e9es : bleu, rouge, noir et orange, ce qui ajoute une touche joyeuse et color\u00e9e \u00e0 n&rsquo;importe quelle table. Au centre de chacun, un hippocampe stylis\u00e9, mis en valeur dans une couleur contrastante, s&rsquo;harmonise avec les c\u0153urs amusants qui ornent les bords, \u00e9voquant le charme et la beaut\u00e9 de la mer.<\/p>\n<p>Fabriqu\u00e9s \u00e0 la main, chaque bol refl\u00e8te le savoir-faire artisanal typique de la r\u00e9gion, garantissant la singularit\u00e9 de chaque pi\u00e8ce. Ces bols ne sont pas seulement fonctionnels, parfaits pour servir des ap\u00e9ritifs ou de petits objets d\u00e9coratifs, ils servent \u00e9galement de rappel vibrant des c\u00f4tes espagnoles anim\u00e9es et de leur riche vie marine.<\/p>\n<p>Cet ensemble de bols est une excellente option pour les touristes qui souhaitent emporter un morceau de la culture locale ou pour les boutiques de cadeaux touristiques cherchant \u00e0 se d\u00e9marquer avec des produits authentiques. Chez Ol\u00e9 Mosaic, nous sommes leaders dans la distribution de souvenirs en gros, offrant des articles qui combinent art, culture et fonctionnalit\u00e9, transformant chaque achat en une exp\u00e9rience inoubliable.<\/p>\n","protected":false},"excerpt":{"rendered":"<p>Ensembles de 4 bols en noix de coco de 13 x 6 cm avec de charmants motifs d&rsquo;hippocampes. Chaque bol pr\u00e9sente un fond vibrant dans des couleurs vari\u00e9es : bleu, rouge, noir et orange, d\u00e9cor\u00e9 de c\u0153urs et d&rsquo;un hippocampe stylis\u00e9 qui se d\u00e9tache au centre. Fabriqu\u00e9s \u00e0 la main, ces bols ne sont pas seulement fonctionnels, ils ajoutent \u00e9galement une touche d\u00e9corative joyeuse et color\u00e9e \u00e0 n&rsquo;importe quelle table, \u00e9voquant le charme de la mer.<\/p>\n","protected":false},"featured_media":10661,"template":"","meta":{"_acf_changed":false},"product_brand":[],"product_cat":[521],"product_tag":[530],"class_list":{"0":"post-35077","1":"product","2":"type-product","3":"status-publish","4":"has-post-thumbnail","6":"product_cat-bols","7":"product_tag-animaux","8":"pa_motivo-hippocampes","10":"first","11":"instock","12":"shipping-taxable","13":"product-type-simple"},"acf":[],"_links":{"self":[{"href":"https:\/\/olemosaic.orbitalia.org\/fr\/wp-json\/wp\/v2\/product\/35077","targetHints":{"allow":["GET"]}}],"collection":[{"href":"https:\/\/olemosaic.orbitalia.org\/fr\/wp-json\/wp\/v2\/product"}],"about":[{"href":"https:\/\/olemosaic.orbitalia.org\/fr\/wp-json\/wp\/v2\/types\/product"}],"wp:featuredmedia":[{"embeddable":true,"href":"https:\/\/olemosaic.orbitalia.org\/fr\/wp-json\/wp\/v2\/media\/10661"}],"wp:attachment":[{"href":"https:\/\/olemosaic.orbitalia.org\/fr\/wp-json\/wp\/v2\/media?parent=35077"}],"wp:term":[{"taxonomy":"product_brand","embeddable":true,"href":"https:\/\/olemosaic.orbitalia.org\/fr\/wp-json\/wp\/v2\/product_brand?post=35077"},{"taxonomy":"product_cat","embeddable":true,"href":"https:\/\/olemosaic.orbitalia.org\/fr\/wp-json\/wp\/v2\/product_cat?post=35077"},{"taxonomy":"product_tag","embeddable":true,"href":"https:\/\/olemosaic.orbitalia.org\/fr\/wp-json\/wp\/v2\/product_tag?post=35077"}],"curies":[{"name":"wp","href":"https:\/\/api.w.org\/{rel}","templated":true}]}}